{"id":847,"date":"2023-06-09T12:27:47","date_gmt":"2023-06-09T12:27:47","guid":{"rendered":"https:\/\/staging2.navori.com\/?page_id=847"},"modified":"2025-06-16T11:25:44","modified_gmt":"2025-06-16T11:25:44","slug":"log-in","status":"publish","type":"page","link":"https:\/\/navori.com\/fr\/log-in\/","title":{"rendered":"Acc\u00e9der \u00e0 votre compte Navori"},"content":{"rendered":"<div class=\"vc_row wpb_row vc_row-fluid\"><div class=\"wpb_column vc_column_container vc_col-sm-12\"><div class=\"vc_column-inner\"><div class=\"wpb_wrapper\">\n\t<div class=\"wpb_text_column wpb_content_element\" >\n\t\t<div class=\"wpb_wrapper\">\n\t\t\t<p>Saisissez vos identifiants pour acc\u00e9der \u00e0 votre compte.<br \/>\nVous n'avez pas encore de compte ? Veuillez vous inscrire <a href=\"https:\/\/navori.com\/fr\/contact\/\">ici<\/a>.<\/p>\n\n\t\t<\/div>\n\t<\/div>\n<\/div><\/div><\/div><\/div>","protected":false},"excerpt":{"rendered":"Saisissez vos identifiants pour acc\u00e9der \u00e0 votre compte. Vous n'avez pas encore de compte ? Veuillez vous inscrire ici.","protected":false},"author":1,"featured_media":54386,"parent":0,"menu_order":0,"comment_status":"closed","ping_status":"closed","template":"login.php","meta":{"content-type":"","inline_featured_image":false,"footnotes":""},"class_list":["post-847","page","type-page","status-publish","hentry"],"yoast_head":"<!-- This site is optimized with the Yoast SEO Premium plugin v27.2 (Yoast SEO v27.2) - https:\/\/yoast.com\/product\/yoast-seo-premium-wordpress\/ -->\n<title>Access Your Navori Account - Navori Labs<\/title>\n<meta name=\"description\" content=\"Unlock a 30-day free trial, engage with our support team, schedule demos, and gain project expertise by creating your Navori account today!\" \/>\n<meta name=\"robots\" content=\"index, follow, max-snippet:-1, max-image-preview:large, max-video-preview:-1\" \/>\n<link rel=\"canonical\" href=\"https:\/\/navori.com\/fr\/log-in\/\" \/>\n<meta property=\"og:locale\" content=\"fr_FR\" \/>\n<meta property=\"og:type\" content=\"article\" \/>\n<meta property=\"og:title\" content=\"Access Your Navori Account\" \/>\n<meta property=\"og:description\" content=\"Unlock a 30-day free trial, engage with our support team, schedule demos, and gain project expertise by creating your Navori account today!\" \/>\n<meta property=\"og:url\" content=\"https:\/\/navori.com\/fr\/log-in\/\" \/>\n<meta property=\"og:site_name\" content=\"Navori Labs\" \/>\n<meta property=\"article:publisher\" content=\"https:\/\/www.facebook.com\/NavoriLabs\" \/>\n<meta property=\"article:modified_time\" content=\"2025-06-16T11:25:44+00:00\" \/>\n<meta name=\"twitter:card\" content=\"summary_large_image\" \/>\n<meta name=\"twitter:site\" content=\"@navori\" \/>\n<meta name=\"twitter:label1\" content=\"Dur\u00e9e de lecture estim\u00e9e\" \/>\n\t<meta name=\"twitter:data1\" content=\"1 minute\" \/>\n<script type=\"application\/ld+json\" class=\"yoast-schema-graph\">{\"@context\":\"https:\/\/schema.org\",\"@graph\":[{\"@type\":\"Article\",\"@id\":\"https:\/\/navori.com\/log-in\/#article\",\"isPartOf\":{\"@id\":\"https:\/\/navori.com\/log-in\/\"},\"author\":{\"name\":\"navoriwebman1\",\"@id\":\"https:\/\/navori.com\/#\/schema\/person\/3de28eca2f1bad61c026c3bfcbedc0d0\"},\"headline\":\"Access Your Navori Account\",\"datePublished\":\"2023-06-09T12:27:47+00:00\",\"dateModified\":\"2025-06-16T11:25:44+00:00\",\"mainEntityOfPage\":{\"@id\":\"https:\/\/navori.com\/log-in\/\"},\"wordCount\":35,\"publisher\":{\"@id\":\"https:\/\/navori.com\/#organization\"},\"image\":{\"@id\":\"https:\/\/navori.com\/log-in\/#primaryimage\"},\"thumbnailUrl\":\"https:\/\/navori.com\/wp-content\/uploads\/2023\/06\/Log-in.svg\",\"inLanguage\":\"fr-FR\"},{\"@type\":\"WebPage\",\"@id\":\"https:\/\/navori.com\/log-in\/\",\"url\":\"https:\/\/navori.com\/log-in\/\",\"name\":\"Access Your Navori Account - Navori Labs\",\"isPartOf\":{\"@id\":\"https:\/\/navori.com\/#website\"},\"primaryImageOfPage\":{\"@id\":\"https:\/\/navori.com\/log-in\/#primaryimage\"},\"image\":{\"@id\":\"https:\/\/navori.com\/log-in\/#primaryimage\"},\"thumbnailUrl\":\"https:\/\/navori.com\/wp-content\/uploads\/2023\/06\/Log-in.svg\",\"datePublished\":\"2023-06-09T12:27:47+00:00\",\"dateModified\":\"2025-06-16T11:25:44+00:00\",\"description\":\"Unlock a 30-day free trial, engage with our support team, schedule demos, and gain project expertise by creating your Navori account today!\",\"breadcrumb\":{\"@id\":\"https:\/\/navori.com\/log-in\/#breadcrumb\"},\"inLanguage\":\"fr-FR\",\"potentialAction\":[{\"@type\":\"ReadAction\",\"target\":[\"https:\/\/navori.com\/log-in\/\"]}]},{\"@type\":\"ImageObject\",\"inLanguage\":\"fr-FR\",\"@id\":\"https:\/\/navori.com\/log-in\/#primaryimage\",\"url\":\"https:\/\/navori.com\/wp-content\/uploads\/2023\/06\/Log-in.svg\",\"contentUrl\":\"https:\/\/navori.com\/wp-content\/uploads\/2023\/06\/Log-in.svg\",\"caption\":\"Log-in\"},{\"@type\":\"BreadcrumbList\",\"@id\":\"https:\/\/navori.com\/log-in\/#breadcrumb\",\"itemListElement\":[{\"@type\":\"ListItem\",\"position\":1,\"name\":\"Home\",\"item\":\"https:\/\/navori.com\/\"},{\"@type\":\"ListItem\",\"position\":2,\"name\":\"Access Your Navori Account\"}]},{\"@type\":\"WebSite\",\"@id\":\"https:\/\/navori.com\/#website\",\"url\":\"https:\/\/navori.com\/\",\"name\":\"Navori Labs\",\"description\":\"\",\"publisher\":{\"@id\":\"https:\/\/navori.com\/#organization\"},\"potentialAction\":[{\"@type\":\"SearchAction\",\"target\":{\"@type\":\"EntryPoint\",\"urlTemplate\":\"https:\/\/navori.com\/?s={search_term_string}\"},\"query-input\":{\"@type\":\"PropertyValueSpecification\",\"valueRequired\":true,\"valueName\":\"search_term_string\"}}],\"inLanguage\":\"fr-FR\"},{\"@type\":\"Organization\",\"@id\":\"https:\/\/navori.com\/#organization\",\"name\":\"Navori Labs\",\"url\":\"https:\/\/navori.com\/\",\"logo\":{\"@type\":\"ImageObject\",\"inLanguage\":\"fr-FR\",\"@id\":\"https:\/\/navori.com\/#\/schema\/logo\/image\/\",\"url\":\"https:\/\/navori.com\/wp-content\/uploads\/2024\/04\/NAVORI-logo.svg\",\"contentUrl\":\"https:\/\/navori.com\/wp-content\/uploads\/2024\/04\/NAVORI-logo.svg\",\"width\":120,\"height\":19,\"caption\":\"Navori Labs\"},\"image\":{\"@id\":\"https:\/\/navori.com\/#\/schema\/logo\/image\/\"},\"sameAs\":[\"https:\/\/www.facebook.com\/NavoriLabs\",\"https:\/\/x.com\/navori\",\"https:\/\/www.instagram.com\/navorilabs\",\"https:\/\/www.linkedin.com\/company\/navori-sa\",\"https:\/\/www.youtube.com\/user\/NavoriQL\"]},{\"@type\":\"Person\",\"@id\":\"https:\/\/navori.com\/#\/schema\/person\/3de28eca2f1bad61c026c3bfcbedc0d0\",\"name\":\"navoriwebman1\",\"image\":{\"@type\":\"ImageObject\",\"inLanguage\":\"fr-FR\",\"@id\":\"https:\/\/secure.gravatar.com\/avatar\/7b547b91e1c1c1bbaf0c28a3b85ef79f28f971c49b2650159ba15d821147fcde?s=96&d=mm&r=g\",\"url\":\"https:\/\/secure.gravatar.com\/avatar\/7b547b91e1c1c1bbaf0c28a3b85ef79f28f971c49b2650159ba15d821147fcde?s=96&d=mm&r=g\",\"contentUrl\":\"https:\/\/secure.gravatar.com\/avatar\/7b547b91e1c1c1bbaf0c28a3b85ef79f28f971c49b2650159ba15d821147fcde?s=96&d=mm&r=g\",\"caption\":\"navoriwebman1\"},\"sameAs\":[\"https:\/\/navori.com\"],\"url\":\"https:\/\/navori.com\/fr\/author\/navoriwebman1\/\"}]}<\/script>\n<!-- \/ Yoast SEO Premium plugin. -->","yoast_head_json":{"title":"Acc\u00e9der \u00e0 votre compte Navori - Navori Labs","description":"D\u00e9bloquez un essai gratuit de 30 jours, communiquez avec notre \u00e9quipe de soutien, planifiez des d\u00e9monstrations et obtenez une expertise de projet en cr\u00e9ant votre compte Navori d\u00e8s aujourd'hui !","robots":{"index":"index","follow":"follow","max-snippet":"max-snippet:-1","max-image-preview":"max-image-preview:large","max-video-preview":"max-video-preview:-1"},"canonical":"https:\/\/navori.com\/fr\/log-in\/","og_locale":"fr_FR","og_type":"article","og_title":"Access Your Navori Account","og_description":"Unlock a 30-day free trial, engage with our support team, schedule demos, and gain project expertise by creating your Navori account today!","og_url":"https:\/\/navori.com\/fr\/log-in\/","og_site_name":"Navori Labs","article_publisher":"https:\/\/www.facebook.com\/NavoriLabs","article_modified_time":"2025-06-16T11:25:44+00:00","twitter_card":"summary_large_image","twitter_site":"@navori","twitter_misc":{"Dur\u00e9e de lecture estim\u00e9e":"1 minute"},"schema":{"@context":"https:\/\/schema.org","@graph":[{"@type":"Article","@id":"https:\/\/navori.com\/log-in\/#article","isPartOf":{"@id":"https:\/\/navori.com\/log-in\/"},"author":{"name":"navoriwebman1","@id":"https:\/\/navori.com\/#\/schema\/person\/3de28eca2f1bad61c026c3bfcbedc0d0"},"headline":"Access Your Navori Account","datePublished":"2023-06-09T12:27:47+00:00","dateModified":"2025-06-16T11:25:44+00:00","mainEntityOfPage":{"@id":"https:\/\/navori.com\/log-in\/"},"wordCount":35,"publisher":{"@id":"https:\/\/navori.com\/#organization"},"image":{"@id":"https:\/\/navori.com\/log-in\/#primaryimage"},"thumbnailUrl":"https:\/\/navori.com\/wp-content\/uploads\/2023\/06\/Log-in.svg","inLanguage":"fr-FR"},{"@type":"WebPage","@id":"https:\/\/navori.com\/log-in\/","url":"https:\/\/navori.com\/log-in\/","name":"Acc\u00e9der \u00e0 votre compte Navori - Navori Labs","isPartOf":{"@id":"https:\/\/navori.com\/#website"},"primaryImageOfPage":{"@id":"https:\/\/navori.com\/log-in\/#primaryimage"},"image":{"@id":"https:\/\/navori.com\/log-in\/#primaryimage"},"thumbnailUrl":"https:\/\/navori.com\/wp-content\/uploads\/2023\/06\/Log-in.svg","datePublished":"2023-06-09T12:27:47+00:00","dateModified":"2025-06-16T11:25:44+00:00","description":"D\u00e9bloquez un essai gratuit de 30 jours, communiquez avec notre \u00e9quipe de soutien, planifiez des d\u00e9monstrations et obtenez une expertise de projet en cr\u00e9ant votre compte Navori d\u00e8s aujourd'hui !","breadcrumb":{"@id":"https:\/\/navori.com\/log-in\/#breadcrumb"},"inLanguage":"fr-FR","potentialAction":[{"@type":"ReadAction","target":["https:\/\/navori.com\/log-in\/"]}]},{"@type":"ImageObject","inLanguage":"fr-FR","@id":"https:\/\/navori.com\/log-in\/#primaryimage","url":"https:\/\/navori.com\/wp-content\/uploads\/2023\/06\/Log-in.svg","contentUrl":"https:\/\/navori.com\/wp-content\/uploads\/2023\/06\/Log-in.svg","caption":"Log-in"},{"@type":"BreadcrumbList","@id":"https:\/\/navori.com\/log-in\/#breadcrumb","itemListElement":[{"@type":"ListItem","position":1,"name":"Home","item":"https:\/\/navori.com\/"},{"@type":"ListItem","position":2,"name":"Access Your Navori Account"}]},{"@type":"WebSite","@id":"https:\/\/navori.com\/#website","url":"https:\/\/navori.com\/","name":"Navori Labs","description":"","publisher":{"@id":"https:\/\/navori.com\/#organization"},"potentialAction":[{"@type":"SearchAction","target":{"@type":"EntryPoint","urlTemplate":"https:\/\/navori.com\/?s={search_term_string}"},"query-input":{"@type":"PropertyValueSpecification","valueRequired":true,"valueName":"search_term_string"}}],"inLanguage":"fr-FR"},{"@type":"Organization","@id":"https:\/\/navori.com\/#organization","name":"Navori Labs","url":"https:\/\/navori.com\/","logo":{"@type":"ImageObject","inLanguage":"fr-FR","@id":"https:\/\/navori.com\/#\/schema\/logo\/image\/","url":"https:\/\/navori.com\/wp-content\/uploads\/2024\/04\/NAVORI-logo.svg","contentUrl":"https:\/\/navori.com\/wp-content\/uploads\/2024\/04\/NAVORI-logo.svg","width":120,"height":19,"caption":"Navori Labs"},"image":{"@id":"https:\/\/navori.com\/#\/schema\/logo\/image\/"},"sameAs":["https:\/\/www.facebook.com\/NavoriLabs","https:\/\/x.com\/navori","https:\/\/www.instagram.com\/navorilabs","https:\/\/www.linkedin.com\/company\/navori-sa","https:\/\/www.youtube.com\/user\/NavoriQL"]},{"@type":"Person","@id":"https:\/\/navori.com\/#\/schema\/person\/3de28eca2f1bad61c026c3bfcbedc0d0","name":"navoriwebman1","image":{"@type":"ImageObject","inLanguage":"fr-FR","@id":"https:\/\/secure.gravatar.com\/avatar\/7b547b91e1c1c1bbaf0c28a3b85ef79f28f971c49b2650159ba15d821147fcde?s=96&d=mm&r=g","url":"https:\/\/secure.gravatar.com\/avatar\/7b547b91e1c1c1bbaf0c28a3b85ef79f28f971c49b2650159ba15d821147fcde?s=96&d=mm&r=g","contentUrl":"https:\/\/secure.gravatar.com\/avatar\/7b547b91e1c1c1bbaf0c28a3b85ef79f28f971c49b2650159ba15d821147fcde?s=96&d=mm&r=g","caption":"navoriwebman1"},"sameAs":["https:\/\/navori.com"],"url":"https:\/\/navori.com\/fr\/author\/navoriwebman1\/"}]}},"_links":{"self":[{"href":"https:\/\/navori.com\/fr\/wp-json\/wp\/v2\/pages\/847","targetHints":{"allow":["GET"]}}],"collection":[{"href":"https:\/\/navori.com\/fr\/wp-json\/wp\/v2\/pages"}],"about":[{"href":"https:\/\/navori.com\/fr\/wp-json\/wp\/v2\/types\/page"}],"author":[{"embeddable":true,"href":"https:\/\/navori.com\/fr\/wp-json\/wp\/v2\/users\/1"}],"replies":[{"embeddable":true,"href":"https:\/\/navori.com\/fr\/wp-json\/wp\/v2\/comments?post=847"}],"version-history":[{"count":0,"href":"https:\/\/navori.com\/fr\/wp-json\/wp\/v2\/pages\/847\/revisions"}],"wp:featuredmedia":[{"embeddable":true,"href":"https:\/\/navori.com\/fr\/wp-json\/wp\/v2\/media\/54386"}],"wp:attachment":[{"href":"https:\/\/navori.com\/fr\/wp-json\/wp\/v2\/media?parent=847"}],"curies":[{"name":"wp","href":"https:\/\/api.w.org\/{rel}","templated":true}]}}