{"id":808,"date":"2023-06-06T11:59:50","date_gmt":"2023-06-06T11:59:50","guid":{"rendered":"https:\/\/staging2.navori.com\/?page_id=808"},"modified":"2024-08-02T07:47:19","modified_gmt":"2024-08-02T07:47:19","slug":"social-media","status":"publish","type":"page","link":"https:\/\/navori.com\/fr\/social-media\/","title":{"rendered":"Exploiter la puissance des murs des m\u00e9dias sociaux avec les solutions num\u00e9riques de Navori Labs"},"content":{"rendered":"<div class=\"vc_row wpb_row vc_row-fluid page-title\"><div class=\"wpb_column vc_column_container vc_col-sm-12\"><div class=\"vc_column-inner\"><div class=\"wpb_wrapper\">\n\t<div class=\"wpb_text_column wpb_content_element\" >\n\t\t<div class=\"wpb_wrapper\">\n\t\t\t<h1>Navori Labs sur les m\u00e9dias sociaux<\/h1>\n\n\t\t<\/div>\n\t<\/div>\n\n\t<div class=\"wpb_text_column wpb_content_element\" >\n\t\t<div class=\"wpb_wrapper\">\n\t\t\t<p><a class=\"twitter-timeline\" href=\"https:\/\/twitter.com\/Navori?ref_src=twsrc%5Etfw\">Les tweets de Navori<\/a> <script async src=\"https:\/\/platform.twitter.com\/widgets.js\" charset=\"utf-8\"><\/script><\/p>\n\n\t\t<\/div>\n\t<\/div>\n<\/div><\/div><\/div><\/div>","protected":false},"excerpt":{"rendered":"Navori Labs sur les m\u00e9dias sociaux Tweets by Navori","protected":false},"author":1,"featured_media":54947,"parent":0,"menu_order":0,"comment_status":"closed","ping_status":"closed","template":"","meta":{"content-type":"","inline_featured_image":false,"footnotes":""},"class_list":["post-808","page","type-page","status-publish","hentry"],"yoast_head":"<!-- This site is optimized with the Yoast SEO Premium plugin v27.2 (Yoast SEO v27.2) - https:\/\/yoast.com\/product\/yoast-seo-premium-wordpress\/ -->\n<title>Harness the Power of Social Media Walls with Navori<\/title>\n<meta name=\"description\" content=\"Discover all Navori Lab&#039;s social media posts from Linkedin, Twitter and Facebook. Stay connected and informed about our latest news.\" \/>\n<meta name=\"robots\" content=\"index, follow, max-snippet:-1, max-image-preview:large, max-video-preview:-1\" \/>\n<link rel=\"canonical\" href=\"https:\/\/navori.com\/fr\/social-media\/\" \/>\n<meta property=\"og:locale\" content=\"fr_FR\" \/>\n<meta property=\"og:type\" content=\"article\" \/>\n<meta property=\"og:title\" content=\"Harness the Power of Social Media Walls with Navori Labs&#039; Digital Solutions\" \/>\n<meta property=\"og:description\" content=\"Discover all Navori Lab&#039;s social media posts from Linkedin, Twitter and Facebook. Stay connected and informed about our latest news.\" \/>\n<meta property=\"og:url\" content=\"https:\/\/navori.com\/fr\/social-media\/\" \/>\n<meta property=\"og:site_name\" content=\"Navori Labs\" \/>\n<meta property=\"article:publisher\" content=\"https:\/\/www.facebook.com\/NavoriLabs\" \/>\n<meta property=\"article:modified_time\" content=\"2024-08-02T07:47:19+00:00\" \/>\n<meta property=\"og:image\" content=\"https:\/\/navori.com\/wp-content\/uploads\/2023\/11\/micro-cubes-social-media.webp\" \/>\n\t<meta property=\"og:image:width\" content=\"699\" \/>\n\t<meta property=\"og:image:height\" content=\"550\" \/>\n\t<meta property=\"og:image:type\" content=\"image\/webp\" \/>\n<meta name=\"twitter:card\" content=\"summary_large_image\" \/>\n<meta name=\"twitter:site\" content=\"@navori\" \/>\n<meta name=\"twitter:label1\" content=\"Dur\u00e9e de lecture estim\u00e9e\" \/>\n\t<meta name=\"twitter:data1\" content=\"1 minute\" \/>\n<script type=\"application\/ld+json\" class=\"yoast-schema-graph\">{\"@context\":\"https:\/\/schema.org\",\"@graph\":[{\"@type\":\"Article\",\"@id\":\"https:\/\/navori.com\/social-media\/#article\",\"isPartOf\":{\"@id\":\"https:\/\/navori.com\/social-media\/\"},\"author\":{\"name\":\"navoriwebman1\",\"@id\":\"https:\/\/navori.com\/#\/schema\/person\/3de28eca2f1bad61c026c3bfcbedc0d0\"},\"headline\":\"Harness the Power of Social Media Walls with Navori Labs&#8217; Digital Solutions\",\"datePublished\":\"2023-06-06T11:59:50+00:00\",\"dateModified\":\"2024-08-02T07:47:19+00:00\",\"mainEntityOfPage\":{\"@id\":\"https:\/\/navori.com\/social-media\/\"},\"wordCount\":43,\"publisher\":{\"@id\":\"https:\/\/navori.com\/#organization\"},\"image\":{\"@id\":\"https:\/\/navori.com\/social-media\/#primaryimage\"},\"thumbnailUrl\":\"https:\/\/navori.com\/wp-content\/uploads\/2023\/11\/micro-cubes-social-media.webp\",\"inLanguage\":\"fr-FR\"},{\"@type\":\"WebPage\",\"@id\":\"https:\/\/navori.com\/social-media\/\",\"url\":\"https:\/\/navori.com\/social-media\/\",\"name\":\"Harness the Power of Social Media Walls with Navori\",\"isPartOf\":{\"@id\":\"https:\/\/navori.com\/#website\"},\"primaryImageOfPage\":{\"@id\":\"https:\/\/navori.com\/social-media\/#primaryimage\"},\"image\":{\"@id\":\"https:\/\/navori.com\/social-media\/#primaryimage\"},\"thumbnailUrl\":\"https:\/\/navori.com\/wp-content\/uploads\/2023\/11\/micro-cubes-social-media.webp\",\"datePublished\":\"2023-06-06T11:59:50+00:00\",\"dateModified\":\"2024-08-02T07:47:19+00:00\",\"description\":\"Discover all Navori Lab's social media posts from Linkedin, Twitter and Facebook. Stay connected and informed about our latest news.\",\"breadcrumb\":{\"@id\":\"https:\/\/navori.com\/social-media\/#breadcrumb\"},\"inLanguage\":\"fr-FR\",\"potentialAction\":[{\"@type\":\"ReadAction\",\"target\":[\"https:\/\/navori.com\/social-media\/\"]}]},{\"@type\":\"ImageObject\",\"inLanguage\":\"fr-FR\",\"@id\":\"https:\/\/navori.com\/social-media\/#primaryimage\",\"url\":\"https:\/\/navori.com\/wp-content\/uploads\/2023\/11\/micro-cubes-social-media.webp\",\"contentUrl\":\"https:\/\/navori.com\/wp-content\/uploads\/2023\/11\/micro-cubes-social-media.webp\",\"width\":699,\"height\":550,\"caption\":\"micro-cubes-social-media\"},{\"@type\":\"BreadcrumbList\",\"@id\":\"https:\/\/navori.com\/social-media\/#breadcrumb\",\"itemListElement\":[{\"@type\":\"ListItem\",\"position\":1,\"name\":\"Home\",\"item\":\"https:\/\/navori.com\/\"},{\"@type\":\"ListItem\",\"position\":2,\"name\":\"Harness the Power of Social Media Walls with Navori Labs&#8217; Digital Solutions\"}]},{\"@type\":\"WebSite\",\"@id\":\"https:\/\/navori.com\/#website\",\"url\":\"https:\/\/navori.com\/\",\"name\":\"Navori Labs\",\"description\":\"\",\"publisher\":{\"@id\":\"https:\/\/navori.com\/#organization\"},\"potentialAction\":[{\"@type\":\"SearchAction\",\"target\":{\"@type\":\"EntryPoint\",\"urlTemplate\":\"https:\/\/navori.com\/?s={search_term_string}\"},\"query-input\":{\"@type\":\"PropertyValueSpecification\",\"valueRequired\":true,\"valueName\":\"search_term_string\"}}],\"inLanguage\":\"fr-FR\"},{\"@type\":\"Organization\",\"@id\":\"https:\/\/navori.com\/#organization\",\"name\":\"Navori Labs\",\"url\":\"https:\/\/navori.com\/\",\"logo\":{\"@type\":\"ImageObject\",\"inLanguage\":\"fr-FR\",\"@id\":\"https:\/\/navori.com\/#\/schema\/logo\/image\/\",\"url\":\"https:\/\/navori.com\/wp-content\/uploads\/2024\/04\/NAVORI-logo.svg\",\"contentUrl\":\"https:\/\/navori.com\/wp-content\/uploads\/2024\/04\/NAVORI-logo.svg\",\"width\":120,\"height\":19,\"caption\":\"Navori Labs\"},\"image\":{\"@id\":\"https:\/\/navori.com\/#\/schema\/logo\/image\/\"},\"sameAs\":[\"https:\/\/www.facebook.com\/NavoriLabs\",\"https:\/\/x.com\/navori\",\"https:\/\/www.instagram.com\/navorilabs\",\"https:\/\/www.linkedin.com\/company\/navori-sa\",\"https:\/\/www.youtube.com\/user\/NavoriQL\"]},{\"@type\":\"Person\",\"@id\":\"https:\/\/navori.com\/#\/schema\/person\/3de28eca2f1bad61c026c3bfcbedc0d0\",\"name\":\"navoriwebman1\",\"image\":{\"@type\":\"ImageObject\",\"inLanguage\":\"fr-FR\",\"@id\":\"https:\/\/secure.gravatar.com\/avatar\/7b547b91e1c1c1bbaf0c28a3b85ef79f28f971c49b2650159ba15d821147fcde?s=96&d=mm&r=g\",\"url\":\"https:\/\/secure.gravatar.com\/avatar\/7b547b91e1c1c1bbaf0c28a3b85ef79f28f971c49b2650159ba15d821147fcde?s=96&d=mm&r=g\",\"contentUrl\":\"https:\/\/secure.gravatar.com\/avatar\/7b547b91e1c1c1bbaf0c28a3b85ef79f28f971c49b2650159ba15d821147fcde?s=96&d=mm&r=g\",\"caption\":\"navoriwebman1\"},\"sameAs\":[\"https:\/\/navori.com\"],\"url\":\"https:\/\/navori.com\/fr\/author\/navoriwebman1\/\"}]}<\/script>\n<!-- \/ Yoast SEO Premium plugin. -->","yoast_head_json":{"title":"Exploiter la puissance des murs des m\u00e9dias sociaux avec Navori","description":"D\u00e9couvrez toutes les publications de Navori Lab sur Linkedin, Twitter et Facebook. Restez connect\u00e9 et inform\u00e9 de nos derni\u00e8res actualit\u00e9s.","robots":{"index":"index","follow":"follow","max-snippet":"max-snippet:-1","max-image-preview":"max-image-preview:large","max-video-preview":"max-video-preview:-1"},"canonical":"https:\/\/navori.com\/fr\/social-media\/","og_locale":"fr_FR","og_type":"article","og_title":"Harness the Power of Social Media Walls with Navori Labs' Digital Solutions","og_description":"Discover all Navori Lab's social media posts from Linkedin, Twitter and Facebook. Stay connected and informed about our latest news.","og_url":"https:\/\/navori.com\/fr\/social-media\/","og_site_name":"Navori Labs","article_publisher":"https:\/\/www.facebook.com\/NavoriLabs","article_modified_time":"2024-08-02T07:47:19+00:00","og_image":[{"width":699,"height":550,"url":"https:\/\/navori.com\/wp-content\/uploads\/2023\/11\/micro-cubes-social-media.webp","type":"image\/webp"}],"twitter_card":"summary_large_image","twitter_site":"@navori","twitter_misc":{"Dur\u00e9e de lecture estim\u00e9e":"1 minute"},"schema":{"@context":"https:\/\/schema.org","@graph":[{"@type":"Article","@id":"https:\/\/navori.com\/social-media\/#article","isPartOf":{"@id":"https:\/\/navori.com\/social-media\/"},"author":{"name":"navoriwebman1","@id":"https:\/\/navori.com\/#\/schema\/person\/3de28eca2f1bad61c026c3bfcbedc0d0"},"headline":"Harness the Power of Social Media Walls with Navori Labs&#8217; Digital Solutions","datePublished":"2023-06-06T11:59:50+00:00","dateModified":"2024-08-02T07:47:19+00:00","mainEntityOfPage":{"@id":"https:\/\/navori.com\/social-media\/"},"wordCount":43,"publisher":{"@id":"https:\/\/navori.com\/#organization"},"image":{"@id":"https:\/\/navori.com\/social-media\/#primaryimage"},"thumbnailUrl":"https:\/\/navori.com\/wp-content\/uploads\/2023\/11\/micro-cubes-social-media.webp","inLanguage":"fr-FR"},{"@type":"WebPage","@id":"https:\/\/navori.com\/social-media\/","url":"https:\/\/navori.com\/social-media\/","name":"Exploiter la puissance des murs des m\u00e9dias sociaux avec Navori","isPartOf":{"@id":"https:\/\/navori.com\/#website"},"primaryImageOfPage":{"@id":"https:\/\/navori.com\/social-media\/#primaryimage"},"image":{"@id":"https:\/\/navori.com\/social-media\/#primaryimage"},"thumbnailUrl":"https:\/\/navori.com\/wp-content\/uploads\/2023\/11\/micro-cubes-social-media.webp","datePublished":"2023-06-06T11:59:50+00:00","dateModified":"2024-08-02T07:47:19+00:00","description":"D\u00e9couvrez toutes les publications de Navori Lab sur Linkedin, Twitter et Facebook. Restez connect\u00e9 et inform\u00e9 de nos derni\u00e8res actualit\u00e9s.","breadcrumb":{"@id":"https:\/\/navori.com\/social-media\/#breadcrumb"},"inLanguage":"fr-FR","potentialAction":[{"@type":"ReadAction","target":["https:\/\/navori.com\/social-media\/"]}]},{"@type":"ImageObject","inLanguage":"fr-FR","@id":"https:\/\/navori.com\/social-media\/#primaryimage","url":"https:\/\/navori.com\/wp-content\/uploads\/2023\/11\/micro-cubes-social-media.webp","contentUrl":"https:\/\/navori.com\/wp-content\/uploads\/2023\/11\/micro-cubes-social-media.webp","width":699,"height":550,"caption":"micro-cubes-social-media"},{"@type":"BreadcrumbList","@id":"https:\/\/navori.com\/social-media\/#breadcrumb","itemListElement":[{"@type":"ListItem","position":1,"name":"Home","item":"https:\/\/navori.com\/"},{"@type":"ListItem","position":2,"name":"Harness the Power of Social Media Walls with Navori Labs&#8217; Digital Solutions"}]},{"@type":"WebSite","@id":"https:\/\/navori.com\/#website","url":"https:\/\/navori.com\/","name":"Navori Labs","description":"","publisher":{"@id":"https:\/\/navori.com\/#organization"},"potentialAction":[{"@type":"SearchAction","target":{"@type":"EntryPoint","urlTemplate":"https:\/\/navori.com\/?s={search_term_string}"},"query-input":{"@type":"PropertyValueSpecification","valueRequired":true,"valueName":"search_term_string"}}],"inLanguage":"fr-FR"},{"@type":"Organization","@id":"https:\/\/navori.com\/#organization","name":"Navori Labs","url":"https:\/\/navori.com\/","logo":{"@type":"ImageObject","inLanguage":"fr-FR","@id":"https:\/\/navori.com\/#\/schema\/logo\/image\/","url":"https:\/\/navori.com\/wp-content\/uploads\/2024\/04\/NAVORI-logo.svg","contentUrl":"https:\/\/navori.com\/wp-content\/uploads\/2024\/04\/NAVORI-logo.svg","width":120,"height":19,"caption":"Navori Labs"},"image":{"@id":"https:\/\/navori.com\/#\/schema\/logo\/image\/"},"sameAs":["https:\/\/www.facebook.com\/NavoriLabs","https:\/\/x.com\/navori","https:\/\/www.instagram.com\/navorilabs","https:\/\/www.linkedin.com\/company\/navori-sa","https:\/\/www.youtube.com\/user\/NavoriQL"]},{"@type":"Person","@id":"https:\/\/navori.com\/#\/schema\/person\/3de28eca2f1bad61c026c3bfcbedc0d0","name":"navoriwebman1","image":{"@type":"ImageObject","inLanguage":"fr-FR","@id":"https:\/\/secure.gravatar.com\/avatar\/7b547b91e1c1c1bbaf0c28a3b85ef79f28f971c49b2650159ba15d821147fcde?s=96&d=mm&r=g","url":"https:\/\/secure.gravatar.com\/avatar\/7b547b91e1c1c1bbaf0c28a3b85ef79f28f971c49b2650159ba15d821147fcde?s=96&d=mm&r=g","contentUrl":"https:\/\/secure.gravatar.com\/avatar\/7b547b91e1c1c1bbaf0c28a3b85ef79f28f971c49b2650159ba15d821147fcde?s=96&d=mm&r=g","caption":"navoriwebman1"},"sameAs":["https:\/\/navori.com"],"url":"https:\/\/navori.com\/fr\/author\/navoriwebman1\/"}]}},"_links":{"self":[{"href":"https:\/\/navori.com\/fr\/wp-json\/wp\/v2\/pages\/808","targetHints":{"allow":["GET"]}}],"collection":[{"href":"https:\/\/navori.com\/fr\/wp-json\/wp\/v2\/pages"}],"about":[{"href":"https:\/\/navori.com\/fr\/wp-json\/wp\/v2\/types\/page"}],"author":[{"embeddable":true,"href":"https:\/\/navori.com\/fr\/wp-json\/wp\/v2\/users\/1"}],"replies":[{"embeddable":true,"href":"https:\/\/navori.com\/fr\/wp-json\/wp\/v2\/comments?post=808"}],"version-history":[{"count":0,"href":"https:\/\/navori.com\/fr\/wp-json\/wp\/v2\/pages\/808\/revisions"}],"wp:featuredmedia":[{"embeddable":true,"href":"https:\/\/navori.com\/fr\/wp-json\/wp\/v2\/media\/54947"}],"wp:attachment":[{"href":"https:\/\/navori.com\/fr\/wp-json\/wp\/v2\/media?parent=808"}],"curies":[{"name":"wp","href":"https:\/\/api.w.org\/{rel}","templated":true}]}}