{"id":61957,"date":"2026-03-25T12:35:50","date_gmt":"2026-03-25T12:35:50","guid":{"rendered":"https:\/\/navori.com\/?page_id=61957"},"modified":"2026-04-28T06:18:17","modified_gmt":"2026-04-28T06:18:17","slug":"gdpr-signagelive","status":"publish","type":"page","link":"https:\/\/navori.com\/fr\/gdpr-signagelive\/","title":{"rendered":"Signagelive GDPR Information - Signagelive"},"content":{"rendered":"<section class=\"vc_section term-and-condition\"><div class=\"vc_row wpb_row vc_row-fluid\"><div class=\"wpb_column vc_column_container vc_col-sm-12\"><div class=\"vc_column-inner\"><div class=\"wpb_wrapper\">\n\t<div class=\"wpb_text_column wpb_content_element  page-title\" >\n\t\t<div class=\"wpb_wrapper\">\n\t\t\t<h1 class=\"mas-addons-heading-title show-line-no\">Signagelive GDPR Information<\/h1>\n\n\t\t<\/div>\n\t<\/div>\n<\/div><\/div><\/div><\/div><div class=\"vc_row wpb_row vc_row-fluid\"><div class=\"wpb_column vc_column_container vc_col-sm-12\"><div class=\"vc_column-inner\"><div class=\"wpb_wrapper\">\n\t<div class=\"wpb_text_column wpb_content_element\" >\n\t\t<div class=\"wpb_wrapper\">\n\t\t\t<p>Chez Signagelive, nous sommes conscients de l'importance des informations relatives aux clients et nous comprenons qu'il est crucial de sauvegarder les donn\u00e9es des clients et de les emp\u00eacher d'\u00eatre utilis\u00e9es de mani\u00e8re inappropri\u00e9e.<\/p>\n<p>Nos clients peuvent \u00eatre s\u00fbrs que nous avons fait du GDPR une priorit\u00e9 et que nous avons consacr\u00e9 d'importantes ressources au sein de l'entreprise pour nous conformer au GDPR. Ce billet pr\u00e9sente notre approche et les progr\u00e8s r\u00e9alis\u00e9s \u00e0 ce jour.<\/p>\n\n\t\t<\/div>\n\t<\/div>\n\n\t<div class=\"wpb_text_column wpb_content_element\" >\n\t\t<div class=\"wpb_wrapper\">\n\t\t\t<h2><strong>Qu'avons-nous fait ?<\/strong><\/h2>\n<p>Nous prenons la confidentialit\u00e9 et la s\u00e9curit\u00e9 des donn\u00e9es tr\u00e8s au s\u00e9rieux chez Signagelive. Vous trouverez ci-dessous quelques exemples d'initiatives que nous avons prises pour satisfaire aux exigences du GDPR qui s'appliquent \u00e0 la fois \u00e0 nos clients et \u00e0 nous-m\u00eames ;<\/p>\n<ul>\n<li>\u00c9tablir les m\u00e9thodes et les processus permettant d'honorer les demandes d'acc\u00e8s au sujet (\u201cSAR\u201d)<\/li>\n<\/ul>\n<ul>\n<li>R\u00e9vision et mise \u00e0 jour de notre\u00a0<a href=\"https:\/\/signagelive.com\/privacy-policy\/\">Politique de confidentialit\u00e9<\/a>\u00a0pour refl\u00e9ter notre conformit\u00e9 au GDPR<\/li>\n<\/ul>\n<ul>\n<li>Continuer \u00e0 investir dans notre infrastructure de s\u00e9curit\u00e9 - voir notre\u00a0<a href=\"https:\/\/support.signagelive.com\/hc\/en-us\/articles\/115000111411-Our-Security-Policy\">Politique de s\u00e9curit\u00e9<\/a>\u00a0pour plus de d\u00e9tails<\/li>\n<\/ul>\n<ul>\n<li>Nous avons fourni une liste d\u00e9taill\u00e9e de nos\u00a0<a href=\"https:\/\/docs.google.com\/spreadsheets\/d\/e\/2PACX-1vRF61gTiohyT4Mb5yX2J9el8VpDsdsefoFZ-JIvQAdNKxbWclholWTFX0X-6vf435oheykkMMb7lX-X\/pubhtml?gid=0&amp;single=true\">Sous-traitants des clients<\/a>\u00a0et\u00a0<a href=\"https:\/\/docs.google.com\/spreadsheets\/d\/e\/2PACX-1vRF61gTiohyT4Mb5yX2J9el8VpDsdsefoFZ-JIvQAdNKxbWclholWTFX0X-6vf435oheykkMMb7lX-X\/pubhtml?gid=1818096528&amp;single=true\">D\u00e9tails du sous-processeur du client<\/a><\/li>\n<\/ul>\n<ul>\n<li>Une formation continue sur la protection des donn\u00e9es a \u00e9t\u00e9 dispens\u00e9e \u00e0 tous nos employ\u00e9s.<\/li>\n<\/ul>\n<ul>\n<li>\u00c9valuer en permanence les derniers conseils et orientations concernant le GDPR pour s'assurer que Signagelive fournit les normes les plus \u00e9lev\u00e9es en mati\u00e8re de confidentialit\u00e9 et de s\u00e9curit\u00e9.<\/li>\n<\/ul>\n<p>Si vous avez des questions sur ce que nous faisons \u00e0 Signagelive concernant le GDPR, la s\u00e9curit\u00e9 ou la vie priv\u00e9e, veuillez envoyer un courriel \u00e0 l'adresse suivante\u00a0<a href=\"mailto:support@signagelive.com\">support@signagelive.com<\/a><\/p>\n\n\t\t<\/div>\n\t<\/div>\n\n\t<div class=\"wpb_text_column wpb_content_element\" >\n\t\t<div class=\"wpb_wrapper\">\n\t\t\t<h2><strong>FAQ<\/strong><\/h2>\n<p><strong>Qu'est-ce que le GDPR ?<\/strong><\/p>\n<p>Le r\u00e8glement g\u00e9n\u00e9ral sur la protection des donn\u00e9es est une nouvelle l\u00e9gislation europ\u00e9enne sur la protection de la vie priv\u00e9e qui remplacera la directive 95\/46\/CE sur la protection des donn\u00e9es du 24 octobre 1995. Le GDPR sera directement applicable dans tous les \u00c9tats membres de l'Union europ\u00e9enne \u00e0 partir du 25 mai 2018.<\/p>\n<p><strong>\u00c0 qui s'applique le GDPR ?<\/strong><\/p>\n<p>Le GDPR s'applique \u00e0 toutes les organisations \u00e9tablies dans l'UE et aux organisations, qu'elles soient ou non \u00e9tablies dans l'UE, qui traitent les donn\u00e9es \u00e0 caract\u00e8re personnel des personnes concern\u00e9es de l'UE dans le cadre de l'offre de biens ou de services aux personnes concern\u00e9es dans l'UE ou de la surveillance d'un comportement qui a lieu dans l'UE. Les donn\u00e9es \u00e0 caract\u00e8re personnel sont toutes les informations relatives \u00e0 une personne physique identifi\u00e9e ou identifiable.<\/p>\n<p><strong>O\u00f9 stockons-nous les donn\u00e9es des clients ?<\/strong><\/p>\n<p>Notre objectif est de fournir \u00e0 nos clients des services s\u00fbrs, rapides et fiables. Nous stockons actuellement nos donn\u00e9es dans nos centres de donn\u00e9es fournis par Amazon Web Services (AWS) situ\u00e9s \u00e0 Londres (pour notre instance eu-west-2-1 de Signagelive) et \u00e0 Sydney (pour notre instance AP-southeast-2-1 de Signagelive). Pour plus d'informations, voir ici :\u00a0<a class=\"css-1rn59kg\" title=\"https:\/\/aws.amazon.com\/security\" href=\"https:\/\/aws.amazon.com\/security\" data-testid=\"link-with-safety\" data-renderer-mark=\"true\">https:\/\/aws.amazon.com\/security<\/a>.<\/p>\n<p><strong>Signagelive est-il un contr\u00f4leur de donn\u00e9es ou un processeur de donn\u00e9es ?<\/strong><\/p>\n<p>En bref, nous sommes les deux. En tant que contr\u00f4leur de donn\u00e9es, Signagelive est responsable de la protection des donn\u00e9es de nos clients lorsqu'ils interagissent directement avec notre service. En tant que processeur de donn\u00e9es, Signagelive est responsable de la protection des donn\u00e9es des utilisateurs de nos revendeurs et de nos clients lorsqu'elles transitent par notre syst\u00e8me.<\/p>\n<p><strong>Le Brexit aura-t-il un impact sur la conformit\u00e9 au GDPR des entreprises britanniques ?<\/strong><\/p>\n<p>Le GDPR entre en vigueur avant que le Royaume-Uni ne quitte l'Union europ\u00e9enne, ce que le gouvernement britannique a annonc\u00e9 pour le 29 mars 2019. Si vous \u00eates bas\u00e9 au Royaume-Uni ou si vous traitez des donn\u00e9es personnelles provenant du Royaume-Uni, cela signifie que vous devrez vous conformer au GDPR avant le 25 mai 2018.<\/p>\n\n\t\t<\/div>\n\t<\/div>\n\n\t<div class=\"wpb_text_column wpb_content_element\" >\n\t\t<div class=\"wpb_wrapper\">\n\t\t\t<h2><strong>Pour en savoir plus<\/strong><\/h2>\n<p><a href=\"https:\/\/ico.org.uk\/for-organisations\/guide-to-the-general-data-protection-regulation-gdpr\/\">Guide du Bureau des commissaires \u00e0 l'information du Royaume-Uni sur le GDPR<\/a><\/p>\n<p><a href=\"https:\/\/ec.europa.eu\/commission\/priorities\/justice-and-fundamental-rights\/data-protection\/2018-reform-eu-data-protection-rules_en\">Vue d'ensemble du GDPR dans l'Union europ\u00e9enne<\/a><\/p>\n<p><a href=\"https:\/\/ico.org.uk\/media\/about-the-ico\/consultations\/2014789\/draft-gdpr-contracts-guidance-v1-for-consultation-september-2017.pdf\">Guide GDPR de l'ICO<\/a><\/p>\n\n\t\t<\/div>\n\t<\/div>\n<\/div><\/div><\/div><\/div><\/section>","protected":false},"excerpt":{"rendered":"Signagelive GDPR Information At Signagelive we appreciate the importance of customer information and also understand it\u2019s crucial that we safeguard customers data and protect it from being used in an inappropriate way. Our customers can trust that we have made GDPR a priority and have devoted significant resources within the company towards our efforts to [...]","protected":false},"author":1,"featured_media":0,"parent":0,"menu_order":0,"comment_status":"closed","ping_status":"closed","template":"dss.php","meta":{"content-type":"","inline_featured_image":false,"footnotes":""},"class_list":["post-61957","page","type-page","status-publish","hentry"],"yoast_head":"<!-- This site is optimized with the Yoast SEO Premium plugin v27.4 (Yoast SEO v27.4) - https:\/\/yoast.com\/product\/yoast-seo-premium-wordpress\/ -->\n<title>Signagelive GDPR Information<\/title>\n<meta name=\"description\" content=\"Learn how Signagelive ensures GDPR compliance, including data protection measures, AWS data storage, privacy policies, security practices, and customer data handling.\" \/>\n<meta name=\"robots\" content=\"index, follow, max-snippet:-1, max-image-preview:large, max-video-preview:-1\" \/>\n<link rel=\"canonical\" href=\"https:\/\/navori.com\/fr\/gdpr-signagelive\/\" \/>\n<meta property=\"og:locale\" content=\"fr_FR\" \/>\n<meta property=\"og:type\" content=\"article\" \/>\n<meta property=\"og:title\" content=\"Signagelive GDPR Information - Signagelive\" \/>\n<meta property=\"og:description\" content=\"Learn how Signagelive ensures GDPR compliance, including data protection measures, AWS data storage, privacy policies, security practices, and customer data handling.\" \/>\n<meta property=\"og:url\" content=\"https:\/\/navori.com\/fr\/gdpr-signagelive\/\" \/>\n<meta property=\"og:site_name\" content=\"Navori Labs\" \/>\n<meta property=\"article:publisher\" content=\"https:\/\/www.facebook.com\/NavoriLabs\" \/>\n<meta property=\"article:modified_time\" content=\"2026-04-28T06:18:17+00:00\" \/>\n<meta name=\"twitter:card\" content=\"summary_large_image\" \/>\n<meta name=\"twitter:site\" content=\"@navori\" \/>\n<meta name=\"twitter:label1\" content=\"Dur\u00e9e de lecture estim\u00e9e\" \/>\n\t<meta name=\"twitter:data1\" content=\"3 minutes\" \/>\n<script type=\"application\/ld+json\" class=\"yoast-schema-graph\">{\"@context\":\"https:\\\/\\\/schema.org\",\"@graph\":[{\"@type\":\"Article\",\"@id\":\"https:\\\/\\\/navori.com\\\/gdpr-signagelive\\\/#article\",\"isPartOf\":{\"@id\":\"https:\\\/\\\/navori.com\\\/gdpr-signagelive\\\/\"},\"author\":{\"name\":\"navoriwebman1\",\"@id\":\"https:\\\/\\\/navori.com\\\/#\\\/schema\\\/person\\\/3de28eca2f1bad61c026c3bfcbedc0d0\"},\"headline\":\"Signagelive GDPR Information &#8211; Signagelive\",\"datePublished\":\"2026-03-25T12:35:50+00:00\",\"dateModified\":\"2026-04-28T06:18:17+00:00\",\"mainEntityOfPage\":{\"@id\":\"https:\\\/\\\/navori.com\\\/gdpr-signagelive\\\/\"},\"wordCount\":586,\"publisher\":{\"@id\":\"https:\\\/\\\/navori.com\\\/#organization\"},\"inLanguage\":\"fr-FR\"},{\"@type\":\"WebPage\",\"@id\":\"https:\\\/\\\/navori.com\\\/gdpr-signagelive\\\/\",\"url\":\"https:\\\/\\\/navori.com\\\/gdpr-signagelive\\\/\",\"name\":\"Signagelive GDPR Information\",\"isPartOf\":{\"@id\":\"https:\\\/\\\/navori.com\\\/#website\"},\"datePublished\":\"2026-03-25T12:35:50+00:00\",\"dateModified\":\"2026-04-28T06:18:17+00:00\",\"description\":\"Learn how Signagelive ensures GDPR compliance, including data protection measures, AWS data storage, privacy policies, security practices, and customer data handling.\",\"breadcrumb\":{\"@id\":\"https:\\\/\\\/navori.com\\\/gdpr-signagelive\\\/#breadcrumb\"},\"inLanguage\":\"fr-FR\",\"potentialAction\":[{\"@type\":\"ReadAction\",\"target\":[\"https:\\\/\\\/navori.com\\\/gdpr-signagelive\\\/\"]}]},{\"@type\":\"BreadcrumbList\",\"@id\":\"https:\\\/\\\/navori.com\\\/gdpr-signagelive\\\/#breadcrumb\",\"itemListElement\":[{\"@type\":\"ListItem\",\"position\":1,\"name\":\"Home\",\"item\":\"https:\\\/\\\/navori.com\\\/\"},{\"@type\":\"ListItem\",\"position\":2,\"name\":\"Signagelive GDPR Information &#8211; Signagelive\"}]},{\"@type\":\"WebSite\",\"@id\":\"https:\\\/\\\/navori.com\\\/#website\",\"url\":\"https:\\\/\\\/navori.com\\\/\",\"name\":\"Navori Labs\",\"description\":\"\",\"publisher\":{\"@id\":\"https:\\\/\\\/navori.com\\\/#organization\"},\"potentialAction\":[{\"@type\":\"SearchAction\",\"target\":{\"@type\":\"EntryPoint\",\"urlTemplate\":\"https:\\\/\\\/navori.com\\\/?s={search_term_string}\"},\"query-input\":{\"@type\":\"PropertyValueSpecification\",\"valueRequired\":true,\"valueName\":\"search_term_string\"}}],\"inLanguage\":\"fr-FR\"},{\"@type\":\"Organization\",\"@id\":\"https:\\\/\\\/navori.com\\\/#organization\",\"name\":\"Navori Labs\",\"url\":\"https:\\\/\\\/navori.com\\\/\",\"logo\":{\"@type\":\"ImageObject\",\"inLanguage\":\"fr-FR\",\"@id\":\"https:\\\/\\\/navori.com\\\/#\\\/schema\\\/logo\\\/image\\\/\",\"url\":\"https:\\\/\\\/navori.com\\\/wp-content\\\/uploads\\\/2024\\\/04\\\/NAVORI-logo.svg\",\"contentUrl\":\"https:\\\/\\\/navori.com\\\/wp-content\\\/uploads\\\/2024\\\/04\\\/NAVORI-logo.svg\",\"width\":120,\"height\":19,\"caption\":\"Navori Labs\"},\"image\":{\"@id\":\"https:\\\/\\\/navori.com\\\/#\\\/schema\\\/logo\\\/image\\\/\"},\"sameAs\":[\"https:\\\/\\\/www.facebook.com\\\/NavoriLabs\",\"https:\\\/\\\/x.com\\\/navori\",\"https:\\\/\\\/www.instagram.com\\\/navorilabs\",\"https:\\\/\\\/www.linkedin.com\\\/company\\\/navori-sa\",\"https:\\\/\\\/www.youtube.com\\\/user\\\/NavoriQL\"]},{\"@type\":\"Person\",\"@id\":\"https:\\\/\\\/navori.com\\\/#\\\/schema\\\/person\\\/3de28eca2f1bad61c026c3bfcbedc0d0\",\"name\":\"navoriwebman1\",\"image\":{\"@type\":\"ImageObject\",\"inLanguage\":\"fr-FR\",\"@id\":\"https:\\\/\\\/secure.gravatar.com\\\/avatar\\\/7b547b91e1c1c1bbaf0c28a3b85ef79f28f971c49b2650159ba15d821147fcde?s=96&d=mm&r=g\",\"url\":\"https:\\\/\\\/secure.gravatar.com\\\/avatar\\\/7b547b91e1c1c1bbaf0c28a3b85ef79f28f971c49b2650159ba15d821147fcde?s=96&d=mm&r=g\",\"contentUrl\":\"https:\\\/\\\/secure.gravatar.com\\\/avatar\\\/7b547b91e1c1c1bbaf0c28a3b85ef79f28f971c49b2650159ba15d821147fcde?s=96&d=mm&r=g\",\"caption\":\"navoriwebman1\"},\"sameAs\":[\"https:\\\/\\\/navori.com\"],\"url\":\"https:\\\/\\\/navori.com\\\/fr\\\/author\\\/navoriwebman1\\\/\"}]}<\/script>\n<!-- \/ Yoast SEO Premium plugin. -->","yoast_head_json":{"title":"Signagelive GDPR Information","description":"D\u00e9couvrez comment Signagelive assure la conformit\u00e9 au GDPR, y compris les mesures de protection des donn\u00e9es, le stockage des donn\u00e9es AWS, les politiques de confidentialit\u00e9, les pratiques de s\u00e9curit\u00e9 et le traitement des donn\u00e9es des clients.","robots":{"index":"index","follow":"follow","max-snippet":"max-snippet:-1","max-image-preview":"max-image-preview:large","max-video-preview":"max-video-preview:-1"},"canonical":"https:\/\/navori.com\/fr\/gdpr-signagelive\/","og_locale":"fr_FR","og_type":"article","og_title":"Signagelive GDPR Information - Signagelive","og_description":"Learn how Signagelive ensures GDPR compliance, including data protection measures, AWS data storage, privacy policies, security practices, and customer data handling.","og_url":"https:\/\/navori.com\/fr\/gdpr-signagelive\/","og_site_name":"Navori Labs","article_publisher":"https:\/\/www.facebook.com\/NavoriLabs","article_modified_time":"2026-04-28T06:18:17+00:00","twitter_card":"summary_large_image","twitter_site":"@navori","twitter_misc":{"Dur\u00e9e de lecture estim\u00e9e":"3 minutes"},"schema":{"@context":"https:\/\/schema.org","@graph":[{"@type":"Article","@id":"https:\/\/navori.com\/gdpr-signagelive\/#article","isPartOf":{"@id":"https:\/\/navori.com\/gdpr-signagelive\/"},"author":{"name":"navoriwebman1","@id":"https:\/\/navori.com\/#\/schema\/person\/3de28eca2f1bad61c026c3bfcbedc0d0"},"headline":"Signagelive GDPR Information &#8211; Signagelive","datePublished":"2026-03-25T12:35:50+00:00","dateModified":"2026-04-28T06:18:17+00:00","mainEntityOfPage":{"@id":"https:\/\/navori.com\/gdpr-signagelive\/"},"wordCount":586,"publisher":{"@id":"https:\/\/navori.com\/#organization"},"inLanguage":"fr-FR"},{"@type":"WebPage","@id":"https:\/\/navori.com\/gdpr-signagelive\/","url":"https:\/\/navori.com\/gdpr-signagelive\/","name":"Signagelive GDPR Information","isPartOf":{"@id":"https:\/\/navori.com\/#website"},"datePublished":"2026-03-25T12:35:50+00:00","dateModified":"2026-04-28T06:18:17+00:00","description":"D\u00e9couvrez comment Signagelive assure la conformit\u00e9 au GDPR, y compris les mesures de protection des donn\u00e9es, le stockage des donn\u00e9es AWS, les politiques de confidentialit\u00e9, les pratiques de s\u00e9curit\u00e9 et le traitement des donn\u00e9es des clients.","breadcrumb":{"@id":"https:\/\/navori.com\/gdpr-signagelive\/#breadcrumb"},"inLanguage":"fr-FR","potentialAction":[{"@type":"ReadAction","target":["https:\/\/navori.com\/gdpr-signagelive\/"]}]},{"@type":"BreadcrumbList","@id":"https:\/\/navori.com\/gdpr-signagelive\/#breadcrumb","itemListElement":[{"@type":"ListItem","position":1,"name":"Home","item":"https:\/\/navori.com\/"},{"@type":"ListItem","position":2,"name":"Signagelive GDPR Information &#8211; Signagelive"}]},{"@type":"WebSite","@id":"https:\/\/navori.com\/#website","url":"https:\/\/navori.com\/","name":"Navori Labs","description":"","publisher":{"@id":"https:\/\/navori.com\/#organization"},"potentialAction":[{"@type":"SearchAction","target":{"@type":"EntryPoint","urlTemplate":"https:\/\/navori.com\/?s={search_term_string}"},"query-input":{"@type":"PropertyValueSpecification","valueRequired":true,"valueName":"search_term_string"}}],"inLanguage":"fr-FR"},{"@type":"Organization","@id":"https:\/\/navori.com\/#organization","name":"Navori Labs","url":"https:\/\/navori.com\/","logo":{"@type":"ImageObject","inLanguage":"fr-FR","@id":"https:\/\/navori.com\/#\/schema\/logo\/image\/","url":"https:\/\/navori.com\/wp-content\/uploads\/2024\/04\/NAVORI-logo.svg","contentUrl":"https:\/\/navori.com\/wp-content\/uploads\/2024\/04\/NAVORI-logo.svg","width":120,"height":19,"caption":"Navori Labs"},"image":{"@id":"https:\/\/navori.com\/#\/schema\/logo\/image\/"},"sameAs":["https:\/\/www.facebook.com\/NavoriLabs","https:\/\/x.com\/navori","https:\/\/www.instagram.com\/navorilabs","https:\/\/www.linkedin.com\/company\/navori-sa","https:\/\/www.youtube.com\/user\/NavoriQL"]},{"@type":"Person","@id":"https:\/\/navori.com\/#\/schema\/person\/3de28eca2f1bad61c026c3bfcbedc0d0","name":"navoriwebman1","image":{"@type":"ImageObject","inLanguage":"fr-FR","@id":"https:\/\/secure.gravatar.com\/avatar\/7b547b91e1c1c1bbaf0c28a3b85ef79f28f971c49b2650159ba15d821147fcde?s=96&d=mm&r=g","url":"https:\/\/secure.gravatar.com\/avatar\/7b547b91e1c1c1bbaf0c28a3b85ef79f28f971c49b2650159ba15d821147fcde?s=96&d=mm&r=g","contentUrl":"https:\/\/secure.gravatar.com\/avatar\/7b547b91e1c1c1bbaf0c28a3b85ef79f28f971c49b2650159ba15d821147fcde?s=96&d=mm&r=g","caption":"navoriwebman1"},"sameAs":["https:\/\/navori.com"],"url":"https:\/\/navori.com\/fr\/author\/navoriwebman1\/"}]}},"_links":{"self":[{"href":"https:\/\/navori.com\/fr\/wp-json\/wp\/v2\/pages\/61957","targetHints":{"allow":["GET"]}}],"collection":[{"href":"https:\/\/navori.com\/fr\/wp-json\/wp\/v2\/pages"}],"about":[{"href":"https:\/\/navori.com\/fr\/wp-json\/wp\/v2\/types\/page"}],"author":[{"embeddable":true,"href":"https:\/\/navori.com\/fr\/wp-json\/wp\/v2\/users\/1"}],"replies":[{"embeddable":true,"href":"https:\/\/navori.com\/fr\/wp-json\/wp\/v2\/comments?post=61957"}],"version-history":[{"count":1,"href":"https:\/\/navori.com\/fr\/wp-json\/wp\/v2\/pages\/61957\/revisions"}],"predecessor-version":[{"id":61958,"href":"https:\/\/navori.com\/fr\/wp-json\/wp\/v2\/pages\/61957\/revisions\/61958"}],"wp:attachment":[{"href":"https:\/\/navori.com\/fr\/wp-json\/wp\/v2\/media?parent=61957"}],"curies":[{"name":"wp","href":"https:\/\/api.w.org\/{rel}","templated":true}]}}