{"id":61955,"date":"2026-04-09T07:29:09","date_gmt":"2026-04-09T07:29:09","guid":{"rendered":"https:\/\/navori.com\/?page_id=61955"},"modified":"2026-04-28T08:37:14","modified_gmt":"2026-04-28T08:37:14","slug":"signagelive","status":"publish","type":"page","link":"https:\/\/navori.com\/fr\/signagelive\/","title":{"rendered":"Hub d'acc\u00e8s Signagelive"},"content":{"rendered":"<section id=\"signagelogin\" class=\"vc_section\"><div class=\"vc_row wpb_row vc_row-fluid\"><div class=\"top wpb_column vc_column_container vc_col-sm-12\"><div class=\"vc_column-inner\"><div class=\"wpb_wrapper\"><div class=\"vc_row wpb_row vc_inner vc_row-fluid\"><div class=\"wpb_column vc_column_container vc_col-sm-12\"><div class=\"vc_column-inner\"><div class=\"wpb_wrapper\">\n\t<div class=\"wpb_text_column wpb_content_element  text-center\" >\n\t\t<div class=\"wpb_wrapper\">\n\t\t\t<h1>Signagelive Access Hub<\/h1>\n<p>Signagelive is now part of Navori Labs. Your service, login, and access remain unchanged.<\/p>\n\n\t\t<\/div>\n\t<\/div>\n<\/div><\/div><\/div><\/div><div class=\"vc_row wpb_row vc_inner vc_row-fluid aligncenter\"><div class=\"wpb_column vc_column_container vc_col-sm-8\"><div class=\"vc_column-inner\"><div class=\"wpb_wrapper\">\n\t<div class=\"wpb_text_column wpb_content_element \" >\n\t\t<div class=\"wpb_wrapper\">\n\t\t\t<h2>Log in to Signagelive<\/h2>\n<p>Use your existing Signagelive credentials to access your account and resources.<\/p>\n\n\t\t<\/div>\n\t<\/div>\n<\/div><\/div><\/div><div class=\"buttonslink wpb_column vc_column_container vc_col-sm-4\"><div class=\"vc_column-inner\"><div class=\"wpb_wrapper\">\n\t<div class=\"wpb_text_column wpb_content_element \" >\n\t\t<div class=\"wpb_wrapper\">\n\t\t\t<div class=\"btn red-btn\"><a href=\"https:\/\/login.signagelive.com\/\" target=\"_blank\" rel=\"noopener\">Log in to Signagelive<\/a><\/div>\n\n\t\t<\/div>\n\t<\/div>\n<\/div><\/div><\/div><\/div><\/div><\/div><\/div><\/div><div class=\"vc_row wpb_row vc_row-fluid access aligncenter\"><div class=\"wpb_column vc_column_container vc_col-sm-4\"><div class=\"vc_column-inner\"><div class=\"wpb_wrapper\">\n\t<div class=\"wpb_text_column wpb_content_element \" >\n\t\t<div class=\"wpb_wrapper\">\n\t\t\t<h2>Explore the Signagelive Learn Hub<\/h2>\n\n\t\t<\/div>\n\t<\/div>\n\n\t<div class=\"wpb_text_column wpb_content_element \" >\n\t\t<div class=\"wpb_wrapper\">\n\t\t\t<div class=\"btn red-holo-btn\"><a href=\"https:\/\/support.signagelive.com\/en\/\" target=\"_blank\" rel=\"noopener\">View support documents<\/a><\/div>\n\n\t\t<\/div>\n\t<\/div>\n<\/div><\/div><\/div><div class=\"wpb_column vc_column_container vc_col-sm-8\"><div class=\"vc_column-inner\"><div class=\"wpb_wrapper\">\n\t<div  class=\"wpb_single_image wpb_content_element vc_align_left\">\n\t\t\n\t\t<figure class=\"wpb_wrapper vc_figure\">\n\t\t\t<a href=\"https:\/\/signagelive.com\/learn-and-explore\/?wchannelid=e8y7m6doh0\" target=\"_blank\" class=\"vc_single_image-wrapper   vc_box_border_grey\"><img loading=\"lazy\" decoding=\"async\" width=\"1920\" height=\"1080\" src=\"https:\/\/navori.com\/wp-content\/uploads\/2026\/04\/signage-live-learn-hub-1.png\" class=\"vc_single_image-img attachment-full\" alt=\"signage-live-learn-hub\" title=\"signage-live-learn-hub\" srcset=\"https:\/\/navori.com\/wp-content\/uploads\/2026\/04\/signage-live-learn-hub-1.png 1920w, https:\/\/navori.com\/wp-content\/uploads\/2026\/04\/signage-live-learn-hub-1-300x169.png 300w, https:\/\/navori.com\/wp-content\/uploads\/2026\/04\/signage-live-learn-hub-1-1024x576.png 1024w, https:\/\/navori.com\/wp-content\/uploads\/2026\/04\/signage-live-learn-hub-1-768x432.png 768w, https:\/\/navori.com\/wp-content\/uploads\/2026\/04\/signage-live-learn-hub-1-1536x864.png 1536w, https:\/\/navori.com\/wp-content\/uploads\/2026\/04\/signage-live-learn-hub-1-18x10.png 18w\" sizes=\"auto, (max-width: 1920px) 100vw, 1920px\" wpfc-lazyload-disable=\"true\" \/><\/a>\n\t\t<\/figure>\n\t<\/div>\n<\/div><\/div><\/div><\/div><div class=\"vc_row wpb_row vc_row-fluid\"><div class=\"learnmore wpb_column vc_column_container vc_col-sm-12\"><div class=\"vc_column-inner\"><div class=\"wpb_wrapper\">\n\t<div class=\"wpb_text_column wpb_content_element  text-center\" >\n\t\t<div class=\"wpb_wrapper\">\n\t\t\t<h2>Discover more with Navori<\/h2>\n\n\t\t<\/div>\n\t<\/div>\n<div class=\"vc_row wpb_row vc_inner vc_row-fluid aligncenter\"><div class=\"wpb_column vc_column_container vc_col-sm-5\"><div class=\"vc_column-inner\"><div class=\"wpb_wrapper\">\n\t<div class=\"wpb_text_column wpb_content_element  text-center\" >\n\t\t<div class=\"wpb_wrapper\">\n\t\t\t<p>Discover what\u2019s next with Navori\u2019s digital signage platform, built for smarter, more connected content experiences.<\/p>\n<div class=\"btn red-btn\"><a href=\"\/digital-signage-evolution\/\">Explore the next-gen platform<\/a><\/div>\n\n\t\t<\/div>\n\t<\/div>\n<\/div><\/div><\/div><div class=\"wpb_column vc_column_container vc_col-sm-7\"><div class=\"vc_column-inner\"><div class=\"wpb_wrapper\">\n\t<div class=\"wpb_raw_code wpb_content_element wpb_raw_html\" >\n\t\t<div class=\"wpb_wrapper\">\n\t\t\t<script src=\"https:\/\/fast.wistia.com\/player.js\" async><\/script><script src=\"https:\/\/fast.wistia.com\/embed\/n3h47qea3h.js\" async type=\"module\"><\/script><style>wistia-player[media-id='n3h47qea3h']:not(:defined) { background: center \/ contain no-repeat url('https:\/\/fast.wistia.com\/embed\/medias\/n3h47qea3h\/swatch'); display: block; filter: blur(5px); padding-top:56.25%; }<\/style> <wistia-player media-id=\"n3h47qea3h\" aspect=\"1.7777777777777777\"><\/wistia-player>\n\t\t<\/div>\n\t<\/div>\n<\/div><\/div><\/div><\/div><\/div><\/div><\/div><\/div><div class=\"vc_row wpb_row vc_row-fluid\"><div class=\"wpb_column vc_column_container vc_col-sm-12\"><div class=\"vc_column-inner\"><div class=\"wpb_wrapper\"><div class=\"vc_row wpb_row vc_inner vc_row-fluid bottom\"><div class=\"wpb_column vc_column_container vc_col-sm-12\"><div class=\"vc_column-inner\"><div class=\"wpb_wrapper\">\n\t<div class=\"wpb_raw_code wpb_content_element wpb_raw_html\" >\n\t\t<div class=\"wpb_wrapper\">\n\t\t\t<div class=\"btn red-btn\"><a href=\"https:\/\/signagelive.com\/wp-content\/uploads\/2025\/09\/ISMS-Policy-Sept-2024-10_09_2025-09_40.pdf\" target=\"_blank\" rel=\"noopener\">ISMS Policy<\/a><\/div>\n<div class=\"btn red-btn\"><a href=\"\/gdpr-signagelive\/\" rel=\"noopener\">GDPR<\/a><\/div>\n<div class=\"btn red-btn\"><a href=\"https:\/\/secure-stats.pingdom.com\/q3nwgkksb5rj\" target=\"_blank\" rel=\"noopener\">Platform Status<\/a><\/div>\n<div class=\"btn red-btn\"><a href=\"\/end-user-agreement-signagelive\/\" rel=\"noopener\">End User Agreement<\/a><\/div>\n<div class=\"btn red-btn\"><a href=\"\/privacy-policy-signagelive\/\" rel=\"noopener\">Privacy Policy<\/a><\/div>\n\t\t<\/div>\n\t<\/div>\n<\/div><\/div><\/div><\/div><\/div><\/div><\/div><\/div><\/section>\n","protected":false},"excerpt":{"rendered":"Signagelive Access Hub Signagelive is now part of Navori Labs. Your service, login, and access remain unchanged. Log in to Signagelive Use your existing Signagelive credentials to access your account and resources. Log in to Signagelive Explore the Signagelive Learn Hub View support documents Discover more with Navori Discover what\u2019s next with Navori\u2019s digital signage [...]","protected":false},"author":1,"featured_media":0,"parent":0,"menu_order":0,"comment_status":"closed","ping_status":"closed","template":"","meta":{"content-type":"","inline_featured_image":false,"footnotes":""},"class_list":["post-61955","page","type-page","status-publish","hentry"],"yoast_head":"<!-- This site is optimized with the Yoast SEO Premium plugin v27.4 (Yoast SEO v27.4) - https:\/\/yoast.com\/product\/yoast-seo-premium-wordpress\/ -->\n<title>Signagelive Access Hub - Navori Labs<\/title>\n<meta name=\"description\" content=\"Access your Signagelive account. Signagelive is now part of Navori Labs\u2014your login and service remain unchanged. Continue to the Signagelive portal.\" \/>\n<meta name=\"robots\" content=\"index, follow, max-snippet:-1, max-image-preview:large, max-video-preview:-1\" \/>\n<link rel=\"canonical\" href=\"https:\/\/navori.com\/fr\/signagelive\/\" \/>\n<meta property=\"og:locale\" content=\"fr_FR\" \/>\n<meta property=\"og:type\" content=\"article\" \/>\n<meta property=\"og:title\" content=\"Signagelive Access Hub\" \/>\n<meta property=\"og:description\" content=\"Access your Signagelive account. Signagelive is now part of Navori Labs\u2014your login and service remain unchanged. Continue to the Signagelive portal.\" \/>\n<meta property=\"og:url\" content=\"https:\/\/navori.com\/fr\/signagelive\/\" \/>\n<meta property=\"og:site_name\" content=\"Navori Labs\" \/>\n<meta property=\"article:publisher\" content=\"https:\/\/www.facebook.com\/NavoriLabs\" \/>\n<meta property=\"article:modified_time\" content=\"2026-04-28T08:37:14+00:00\" \/>\n<meta name=\"twitter:card\" content=\"summary_large_image\" \/>\n<meta name=\"twitter:site\" content=\"@navori\" \/>\n<meta name=\"twitter:label1\" content=\"Dur\u00e9e de lecture estim\u00e9e\" \/>\n\t<meta name=\"twitter:data1\" content=\"1 minute\" \/>\n<script type=\"application\/ld+json\" class=\"yoast-schema-graph\">{\"@context\":\"https:\\\/\\\/schema.org\",\"@graph\":[{\"@type\":\"Article\",\"@id\":\"https:\\\/\\\/navori.com\\\/signagelive\\\/#article\",\"isPartOf\":{\"@id\":\"https:\\\/\\\/navori.com\\\/signagelive\\\/\"},\"author\":{\"name\":\"navoriwebman1\",\"@id\":\"https:\\\/\\\/navori.com\\\/#\\\/schema\\\/person\\\/3de28eca2f1bad61c026c3bfcbedc0d0\"},\"headline\":\"Signagelive Access Hub\",\"datePublished\":\"2026-04-09T07:29:09+00:00\",\"dateModified\":\"2026-04-28T08:37:14+00:00\",\"mainEntityOfPage\":{\"@id\":\"https:\\\/\\\/navori.com\\\/signagelive\\\/\"},\"wordCount\":477,\"publisher\":{\"@id\":\"https:\\\/\\\/navori.com\\\/#organization\"},\"inLanguage\":\"fr-FR\"},{\"@type\":\"WebPage\",\"@id\":\"https:\\\/\\\/navori.com\\\/signagelive\\\/\",\"url\":\"https:\\\/\\\/navori.com\\\/signagelive\\\/\",\"name\":\"Signagelive Access Hub - Navori Labs\",\"isPartOf\":{\"@id\":\"https:\\\/\\\/navori.com\\\/#website\"},\"datePublished\":\"2026-04-09T07:29:09+00:00\",\"dateModified\":\"2026-04-28T08:37:14+00:00\",\"description\":\"Access your Signagelive account. Signagelive is now part of Navori Labs\u2014your login and service remain unchanged. Continue to the Signagelive portal.\",\"breadcrumb\":{\"@id\":\"https:\\\/\\\/navori.com\\\/signagelive\\\/#breadcrumb\"},\"inLanguage\":\"fr-FR\",\"potentialAction\":[{\"@type\":\"ReadAction\",\"target\":[\"https:\\\/\\\/navori.com\\\/signagelive\\\/\"]}]},{\"@type\":\"BreadcrumbList\",\"@id\":\"https:\\\/\\\/navori.com\\\/signagelive\\\/#breadcrumb\",\"itemListElement\":[{\"@type\":\"ListItem\",\"position\":1,\"name\":\"Home\",\"item\":\"https:\\\/\\\/navori.com\\\/\"},{\"@type\":\"ListItem\",\"position\":2,\"name\":\"Signagelive Access Hub\"}]},{\"@type\":\"WebSite\",\"@id\":\"https:\\\/\\\/navori.com\\\/#website\",\"url\":\"https:\\\/\\\/navori.com\\\/\",\"name\":\"Navori Labs\",\"description\":\"\",\"publisher\":{\"@id\":\"https:\\\/\\\/navori.com\\\/#organization\"},\"potentialAction\":[{\"@type\":\"SearchAction\",\"target\":{\"@type\":\"EntryPoint\",\"urlTemplate\":\"https:\\\/\\\/navori.com\\\/?s={search_term_string}\"},\"query-input\":{\"@type\":\"PropertyValueSpecification\",\"valueRequired\":true,\"valueName\":\"search_term_string\"}}],\"inLanguage\":\"fr-FR\"},{\"@type\":\"Organization\",\"@id\":\"https:\\\/\\\/navori.com\\\/#organization\",\"name\":\"Navori Labs\",\"url\":\"https:\\\/\\\/navori.com\\\/\",\"logo\":{\"@type\":\"ImageObject\",\"inLanguage\":\"fr-FR\",\"@id\":\"https:\\\/\\\/navori.com\\\/#\\\/schema\\\/logo\\\/image\\\/\",\"url\":\"https:\\\/\\\/navori.com\\\/wp-content\\\/uploads\\\/2024\\\/04\\\/NAVORI-logo.svg\",\"contentUrl\":\"https:\\\/\\\/navori.com\\\/wp-content\\\/uploads\\\/2024\\\/04\\\/NAVORI-logo.svg\",\"width\":120,\"height\":19,\"caption\":\"Navori Labs\"},\"image\":{\"@id\":\"https:\\\/\\\/navori.com\\\/#\\\/schema\\\/logo\\\/image\\\/\"},\"sameAs\":[\"https:\\\/\\\/www.facebook.com\\\/NavoriLabs\",\"https:\\\/\\\/x.com\\\/navori\",\"https:\\\/\\\/www.instagram.com\\\/navorilabs\",\"https:\\\/\\\/www.linkedin.com\\\/company\\\/navori-sa\",\"https:\\\/\\\/www.youtube.com\\\/user\\\/NavoriQL\"]},{\"@type\":\"Person\",\"@id\":\"https:\\\/\\\/navori.com\\\/#\\\/schema\\\/person\\\/3de28eca2f1bad61c026c3bfcbedc0d0\",\"name\":\"navoriwebman1\",\"image\":{\"@type\":\"ImageObject\",\"inLanguage\":\"fr-FR\",\"@id\":\"https:\\\/\\\/secure.gravatar.com\\\/avatar\\\/7b547b91e1c1c1bbaf0c28a3b85ef79f28f971c49b2650159ba15d821147fcde?s=96&d=mm&r=g\",\"url\":\"https:\\\/\\\/secure.gravatar.com\\\/avatar\\\/7b547b91e1c1c1bbaf0c28a3b85ef79f28f971c49b2650159ba15d821147fcde?s=96&d=mm&r=g\",\"contentUrl\":\"https:\\\/\\\/secure.gravatar.com\\\/avatar\\\/7b547b91e1c1c1bbaf0c28a3b85ef79f28f971c49b2650159ba15d821147fcde?s=96&d=mm&r=g\",\"caption\":\"navoriwebman1\"},\"sameAs\":[\"https:\\\/\\\/navori.com\"],\"url\":\"https:\\\/\\\/navori.com\\\/fr\\\/author\\\/navoriwebman1\\\/\"}]}<\/script>\n<!-- \/ Yoast SEO Premium plugin. -->","yoast_head_json":{"title":"Hub d'acc\u00e8s Signagelive - Navori Labs","description":"Acc\u00e9dez \u00e0 votre compte Signagelive. Signagelive fait maintenant partie de Navori Labs - votre login et votre service restent inchang\u00e9s. Continuer vers le portail Signagelive.","robots":{"index":"index","follow":"follow","max-snippet":"max-snippet:-1","max-image-preview":"max-image-preview:large","max-video-preview":"max-video-preview:-1"},"canonical":"https:\/\/navori.com\/fr\/signagelive\/","og_locale":"fr_FR","og_type":"article","og_title":"Signagelive Access Hub","og_description":"Access your Signagelive account. Signagelive is now part of Navori Labs\u2014your login and service remain unchanged. Continue to the Signagelive portal.","og_url":"https:\/\/navori.com\/fr\/signagelive\/","og_site_name":"Navori Labs","article_publisher":"https:\/\/www.facebook.com\/NavoriLabs","article_modified_time":"2026-04-28T08:37:14+00:00","twitter_card":"summary_large_image","twitter_site":"@navori","twitter_misc":{"Dur\u00e9e de lecture estim\u00e9e":"1 minute"},"schema":{"@context":"https:\/\/schema.org","@graph":[{"@type":"Article","@id":"https:\/\/navori.com\/signagelive\/#article","isPartOf":{"@id":"https:\/\/navori.com\/signagelive\/"},"author":{"name":"navoriwebman1","@id":"https:\/\/navori.com\/#\/schema\/person\/3de28eca2f1bad61c026c3bfcbedc0d0"},"headline":"Signagelive Access Hub","datePublished":"2026-04-09T07:29:09+00:00","dateModified":"2026-04-28T08:37:14+00:00","mainEntityOfPage":{"@id":"https:\/\/navori.com\/signagelive\/"},"wordCount":477,"publisher":{"@id":"https:\/\/navori.com\/#organization"},"inLanguage":"fr-FR"},{"@type":"WebPage","@id":"https:\/\/navori.com\/signagelive\/","url":"https:\/\/navori.com\/signagelive\/","name":"Hub d'acc\u00e8s Signagelive - Navori Labs","isPartOf":{"@id":"https:\/\/navori.com\/#website"},"datePublished":"2026-04-09T07:29:09+00:00","dateModified":"2026-04-28T08:37:14+00:00","description":"Acc\u00e9dez \u00e0 votre compte Signagelive. Signagelive fait maintenant partie de Navori Labs - votre login et votre service restent inchang\u00e9s. Continuer vers le portail Signagelive.","breadcrumb":{"@id":"https:\/\/navori.com\/signagelive\/#breadcrumb"},"inLanguage":"fr-FR","potentialAction":[{"@type":"ReadAction","target":["https:\/\/navori.com\/signagelive\/"]}]},{"@type":"BreadcrumbList","@id":"https:\/\/navori.com\/signagelive\/#breadcrumb","itemListElement":[{"@type":"ListItem","position":1,"name":"Home","item":"https:\/\/navori.com\/"},{"@type":"ListItem","position":2,"name":"Signagelive Access Hub"}]},{"@type":"WebSite","@id":"https:\/\/navori.com\/#website","url":"https:\/\/navori.com\/","name":"Navori Labs","description":"","publisher":{"@id":"https:\/\/navori.com\/#organization"},"potentialAction":[{"@type":"SearchAction","target":{"@type":"EntryPoint","urlTemplate":"https:\/\/navori.com\/?s={search_term_string}"},"query-input":{"@type":"PropertyValueSpecification","valueRequired":true,"valueName":"search_term_string"}}],"inLanguage":"fr-FR"},{"@type":"Organization","@id":"https:\/\/navori.com\/#organization","name":"Navori Labs","url":"https:\/\/navori.com\/","logo":{"@type":"ImageObject","inLanguage":"fr-FR","@id":"https:\/\/navori.com\/#\/schema\/logo\/image\/","url":"https:\/\/navori.com\/wp-content\/uploads\/2024\/04\/NAVORI-logo.svg","contentUrl":"https:\/\/navori.com\/wp-content\/uploads\/2024\/04\/NAVORI-logo.svg","width":120,"height":19,"caption":"Navori Labs"},"image":{"@id":"https:\/\/navori.com\/#\/schema\/logo\/image\/"},"sameAs":["https:\/\/www.facebook.com\/NavoriLabs","https:\/\/x.com\/navori","https:\/\/www.instagram.com\/navorilabs","https:\/\/www.linkedin.com\/company\/navori-sa","https:\/\/www.youtube.com\/user\/NavoriQL"]},{"@type":"Person","@id":"https:\/\/navori.com\/#\/schema\/person\/3de28eca2f1bad61c026c3bfcbedc0d0","name":"navoriwebman1","image":{"@type":"ImageObject","inLanguage":"fr-FR","@id":"https:\/\/secure.gravatar.com\/avatar\/7b547b91e1c1c1bbaf0c28a3b85ef79f28f971c49b2650159ba15d821147fcde?s=96&d=mm&r=g","url":"https:\/\/secure.gravatar.com\/avatar\/7b547b91e1c1c1bbaf0c28a3b85ef79f28f971c49b2650159ba15d821147fcde?s=96&d=mm&r=g","contentUrl":"https:\/\/secure.gravatar.com\/avatar\/7b547b91e1c1c1bbaf0c28a3b85ef79f28f971c49b2650159ba15d821147fcde?s=96&d=mm&r=g","caption":"navoriwebman1"},"sameAs":["https:\/\/navori.com"],"url":"https:\/\/navori.com\/fr\/author\/navoriwebman1\/"}]}},"_links":{"self":[{"href":"https:\/\/navori.com\/fr\/wp-json\/wp\/v2\/pages\/61955","targetHints":{"allow":["GET"]}}],"collection":[{"href":"https:\/\/navori.com\/fr\/wp-json\/wp\/v2\/pages"}],"about":[{"href":"https:\/\/navori.com\/fr\/wp-json\/wp\/v2\/types\/page"}],"author":[{"embeddable":true,"href":"https:\/\/navori.com\/fr\/wp-json\/wp\/v2\/users\/1"}],"replies":[{"embeddable":true,"href":"https:\/\/navori.com\/fr\/wp-json\/wp\/v2\/comments?post=61955"}],"version-history":[{"count":4,"href":"https:\/\/navori.com\/fr\/wp-json\/wp\/v2\/pages\/61955\/revisions"}],"predecessor-version":[{"id":61966,"href":"https:\/\/navori.com\/fr\/wp-json\/wp\/v2\/pages\/61955\/revisions\/61966"}],"wp:attachment":[{"href":"https:\/\/navori.com\/fr\/wp-json\/wp\/v2\/media?parent=61955"}],"curies":[{"name":"wp","href":"https:\/\/api.w.org\/{rel}","templated":true}]}}