{"id":61142,"date":"2025-08-01T11:51:35","date_gmt":"2025-08-01T11:51:35","guid":{"rendered":"https:\/\/staging2.navori.com\/?page_id=61142"},"modified":"2025-08-13T09:35:20","modified_gmt":"2025-08-13T09:35:20","slug":"trusted-partners","status":"publish","type":"page","link":"https:\/\/navori.com\/fr\/trusted-partners\/","title":{"rendered":"Partenaires de confiance"},"content":{"rendered":"<section data-vc-full-width=\"true\" data-vc-full-width-init=\"false\" class=\"vc_section post-detail\"><div class=\"vc_row wpb_row vc_row-fluid\"><div class=\"inner-content inside-new wpb_column vc_column_container vc_col-sm-12\"><div class=\"vc_column-inner\"><div class=\"wpb_wrapper\">\n\t<div class=\"wpb_text_column wpb_content_element  text-center sublinks\" >\n\t\t<div class=\"wpb_wrapper\">\n\t\t\t<h1>Partenaires de confiance<\/h1>\n<div class=\"inner-desc\"><\/div>\n<ul>\n<li><a class=\"scrollLink fancy-btn\" href=\"#tag1\">Partenaires pour les dispositifs autonomes<\/a><\/li>\n<li><a class=\"scrollLink fancy-btn\" href=\"#tag2\">Commercial Screen Partners<\/a><\/li>\n<\/ul>\n\n\t\t<\/div>\n\t<\/div>\n\n\t<div class=\"wpb_text_column wpb_content_element\" id=\"tag1\">\n\t\t<div class=\"wpb_wrapper\">\n\t\t\t<h2><label>&gt; Partenaires pour les dispositifs autonomes<\/label><\/h2>\n<p>Nous collaborons avec des partenaires technologiques et des plateformes de premier plan afin de proposer des int\u00e9grations transparentes et des solutions d'affichage dynamique innovantes qui am\u00e9liorent les performances et l'\u00e9volutivit\u00e9.<\/p>\n\n\t\t<\/div>\n\t<\/div>\n\t\t<div class=\"vc_row blog_grid\">\n\t\t\t<div class=\"vc_column_container vc_col-sm-4\">\n\t<div class=\"vc_column-inner\">\n\t\t<div class=\"wpb_wrapper\">\n\t\t\t<div class=\"grid-inner\">\n\t\t\t\t\t\t\t\t<link rel=\"preload\" fetchpriority=\"high\" as=\"image\" href=\"https:\/\/navori.com\/wp-content\/uploads\/2023\/10\/microsoft-hardware.svg\" \/>\n\t\t\t\t<a href=\"https:\/\/navori.com\/fr\/app\/windows\/\" aria-label=\"En savoir plus sur la performance maximale avec Navori Player APP pour Windows\" style=\"text-decoration:none\" target=\"_blank\" rel=\"noopener\"> \n\t\t\t\t\t\t\t<div class=\"imagebox\"><img loading=\"lazy\" decoding=\"async\" src=\"https:\/\/navori.com\/wp-content\/uploads\/2024\/04\/windows2.png\" alt=\"\" title=\"windows2\" width=\"361\" height=\"203\" sizes=\"auto, (max-width: 361px) 100vw, 361px\" \/><\/div>\n\t\t\t\t\t\t\t<div class=\"box\">\n\t\t\t\t\t\t\t\t<h3>Profitez de performances optimales avec Navori Player APP pour Windows<\/h3>\n\t\t\t\t\t\t\t<\/div>\n\t\t\t\t\t\t<\/a>\t\t\t<\/div>\n\t\t<\/div>\n\t<\/div>\n<\/div><div class=\"vc_column_container vc_col-sm-4\">\n\t<div class=\"vc_column-inner\">\n\t\t<div class=\"wpb_wrapper\">\n\t\t\t<div class=\"grid-inner\">\n\t\t\t\t\t\t\t\t<link rel=\"preload\" fetchpriority=\"high\" as=\"image\" href=\"https:\/\/navori.com\/wp-content\/uploads\/2024\/11\/chrome-enterprise-scaled.webp\" \/>\n\t\t\t\t<a href=\"https:\/\/navori.com\/fr\/app\/chromeos\/\" aria-label=\"En savoir plus sur ChromeOS : &lt;br&gt;Fiable, puissant et &eacute;cologique pour Navori Software\" style=\"text-decoration:none\" target=\"_blank\" rel=\"noopener\"> \n\t\t\t\t\t\t\t<div class=\"imagebox\"><img loading=\"lazy\" decoding=\"async\" src=\"https:\/\/navori.com\/wp-content\/uploads\/2024\/06\/Google-Chrome-OS-Logo-Featured.webp\" alt=\"\" title=\"Google-Chrome-OS-Logo-Featured\" width=\"361\" height=\"203\" sizes=\"auto, (max-width: 361px) 100vw, 361px\" \/><\/div>\n\t\t\t\t\t\t\t<div class=\"box\">\n\t\t\t\t\t\t\t\t<h3>ChromeOS : Fiable, puissant et \u00e9cologique pour Navori Software<\/h3>\n\t\t\t\t\t\t\t<\/div>\n\t\t\t\t\t\t<\/a>\t\t\t<\/div>\n\t\t<\/div>\n\t<\/div>\n<\/div><div class=\"vc_column_container vc_col-sm-4\">\n\t<div class=\"vc_column-inner\">\n\t\t<div class=\"wpb_wrapper\">\n\t\t\t<div class=\"grid-inner\">\n\t\t\t\t\t\t\t\t<link rel=\"preload\" fetchpriority=\"high\" as=\"image\" href=\"https:\/\/navori.com\/wp-content\/uploads\/2023\/11\/To-be-inserted.webp\" \/>\n\t\t\t\t<a href=\"https:\/\/velasea.com\/partner-appliances\/navori-labs\/\" aria-label=\"En savoir plus sur les solutions mat\u00e9rielles Velasea pour l&#039;affichage dynamique Navori\" style=\"text-decoration:none\" target=\"_blank\" rel=\"noopener\"> \n\t\t\t\t\t\t\t<div class=\"imagebox\"><img loading=\"lazy\" decoding=\"async\" src=\"https:\/\/navori.com\/wp-content\/uploads\/2025\/11\/Velasea.webp\" alt=\"Velasea\" title=\"Velasea\" width=\"361\" height=\"203\" sizes=\"auto, (max-width: 361px) 100vw, 361px\" \/><\/div>\n\t\t\t\t\t\t\t<div class=\"box\">\n\t\t\t\t\t\t\t\t<h3>Solutions mat\u00e9rielles Velasea pour l\u2019affichage dynamique Navori<\/h3>\n\t\t\t\t\t\t\t<\/div>\n\t\t\t\t\t\t<\/a>\t\t\t<\/div>\n\t\t<\/div>\n\t<\/div>\n<\/div><div class=\"vc_column_container vc_col-sm-4\">\n\t<div class=\"vc_column-inner\">\n\t\t<div class=\"wpb_wrapper\">\n\t\t\t<div class=\"grid-inner\">\n\t\t\t\t\t\t\t\t<link rel=\"preload\" fetchpriority=\"high\" as=\"image\" href=\"https:\/\/navori.com\/wp-content\/uploads\/2024\/04\/XC5family-lineup-transparent-scaled.webp\" \/>\n\t\t\t\t<a href=\"https:\/\/navori.com\/fr\/app\/brightsign\/\" aria-label=\"En savoir plus sur l&#039;exploitation de la pleine puissance de BrightSign gr\u00e2ce \u00e0 l&#039;application Navori Player\" style=\"text-decoration:none\" target=\"_blank\" rel=\"noopener\"> \n\t\t\t\t\t\t\t<div class=\"imagebox\"><img loading=\"lazy\" decoding=\"async\" src=\"https:\/\/navori.com\/wp-content\/uploads\/2024\/04\/hardware_thumbnail_brightsign.webp\" alt=\"logo_pouce_mat\u00e9riel\" title=\"logo_pouce_mat\u00e9riel\" width=\"361\" height=\"203\" sizes=\"auto, (max-width: 361px) 100vw, 361px\" \/><\/div>\n\t\t\t\t\t\t\t<div class=\"box\">\n\t\t\t\t\t\t\t\t<h3>Lib\u00e9rez toute la puissance de BrightSign en faisant fonctionner l'application Navori Player<\/h3>\n\t\t\t\t\t\t\t<\/div>\n\t\t\t\t\t\t<\/a>\t\t\t<\/div>\n\t\t<\/div>\n\t<\/div>\n<\/div><div class=\"vc_column_container vc_col-sm-4\">\n\t<div class=\"vc_column-inner\">\n\t\t<div class=\"wpb_wrapper\">\n\t\t\t<div class=\"grid-inner\">\n\t\t\t\t\t\t\t\t<link rel=\"preload\" fetchpriority=\"high\" as=\"image\" href=\"https:\/\/navori.com\/wp-content\/uploads\/2025\/04\/Novastar_feature.webp\" \/>\n\t\t\t\t<a href=\"https:\/\/navori.com\/fr\/app\/novastar\/\" aria-label=\"En savoir plus sur les \u00e9crans Android Novastar fonctionnant avec l&#039;application Navori\" style=\"text-decoration:none\" target=\"_blank\" rel=\"noopener\"> \n\t\t\t\t\t\t\t<div class=\"imagebox\"><img loading=\"lazy\" decoding=\"async\" src=\"https:\/\/navori.com\/wp-content\/uploads\/2023\/11\/Novastar_carrousel.webp\" alt=\"\" title=\"Novastar_carrousel\" width=\"361\" height=\"203\" sizes=\"auto, (max-width: 361px) 100vw, 361px\" \/><\/div>\n\t\t\t\t\t\t\t<div class=\"box\">\n\t\t\t\t\t\t\t\t<h3>\u00c9crans Android Novastar ex\u00e9cutant l\u2019application Navori<\/h3>\n\t\t\t\t\t\t\t<\/div>\n\t\t\t\t\t\t<\/a>\t\t\t<\/div>\n\t\t<\/div>\n\t<\/div>\n<\/div><div class=\"vc_column_container vc_col-sm-4\">\n\t<div class=\"vc_column-inner\">\n\t\t<div class=\"wpb_wrapper\">\n\t\t\t<div class=\"grid-inner\">\n\t\t\t\t\t\t\t\t<link rel=\"preload\" fetchpriority=\"high\" as=\"image\" href=\"https:\/\/navori.com\/wp-content\/uploads\/2025\/05\/product-tailored.jpg\" \/>\n\t\t\t\t<a href=\"https:\/\/www.thebluefin.com\" aria-label=\"En savoir plus sur l&#039;affichage dynamique tout-en-un : \u00c9crans Bluefin \u00e9l\u00e9gants, contr\u00f4le Navori transparent\" style=\"text-decoration:none\" target=\"_blank\" rel=\"noopener\"> \n\t\t\t\t\t\t\t<div class=\"imagebox\"><img loading=\"lazy\" decoding=\"async\" src=\"https:\/\/navori.com\/wp-content\/uploads\/2025\/05\/Bluefin.webp\" alt=\"Le thon rouge\" title=\"Le thon rouge\" width=\"361\" height=\"203\" sizes=\"auto, (max-width: 361px) 100vw, 361px\" \/><\/div>\n\t\t\t\t\t\t\t<div class=\"box\">\n\t\t\t\t\t\t\t\t<h3>Affichage dynamique tout-en-un : \u00e9crans Bluefin \u00e9l\u00e9gants, pilotage Navori fluide<\/h3>\n\t\t\t\t\t\t\t<\/div>\n\t\t\t\t\t\t<\/a>\t\t\t<\/div>\n\t\t<\/div>\n\t<\/div>\n<\/div><div class=\"vc_column_container vc_col-sm-4\">\n\t<div class=\"vc_column-inner\">\n\t\t<div class=\"wpb_wrapper\">\n\t\t\t<div class=\"grid-inner\">\n\t\t\t\t\t\t\t\t<link rel=\"preload\" fetchpriority=\"high\" as=\"image\" href=\"https:\/\/navori.com\/wp-content\/uploads\/2025\/11\/GPG-24-PTD-CDE92UW-Scenario-Photo-Digital-Signage-scaled.png\" \/>\n\t\t\t\t<a href=\"https:\/\/navori.com\/fr\/app\/viewsonic-commercial-displays-for-navori-digital-signage\/\" aria-label=\"En savoir plus sur les \u00e9crans commerciaux ViewSonic pour l&#039;affichage dynamique Navori\" style=\"text-decoration:none\" target=\"_blank\" rel=\"noopener\"> \n\t\t\t\t\t\t\t<div class=\"imagebox\"><img loading=\"lazy\" decoding=\"async\" src=\"https:\/\/navori.com\/wp-content\/uploads\/2025\/12\/View-sonic.webp\" alt=\"View-sonic\" title=\"View-sonic\" width=\"361\" height=\"203\" sizes=\"auto, (max-width: 361px) 100vw, 361px\" \/><\/div>\n\t\t\t\t\t\t\t<div class=\"box\">\n\t\t\t\t\t\t\t\t<h3>\u00c9crans professionnels ViewSonic pour l\u2019affichage dynamique Navori<\/h3>\n\t\t\t\t\t\t\t<\/div>\n\t\t\t\t\t\t<\/a>\t\t\t<\/div>\n\t\t<\/div>\n\t<\/div>\n<\/div>\t\t<\/div>\n\t\n\t<div class=\"wpb_text_column wpb_content_element  dn\" >\n\t\t<div class=\"wpb_wrapper\">\n\t\t\t\n\n\t\t<\/div>\n\t<\/div>\n\n\t<div class=\"wpb_text_column wpb_content_element\" >\n\t\t<div class=\"wpb_wrapper\">\n\t\t\t<section id=\"custom_html-19\"><div class=\"textwidget custom-html-widget\"><div class=\"request-widget lozad\" data-background-image=\"https:\/\/navori.com\/wp-content\/uploads\/2023\/12\/yellow_cta_bg-scaled.webp\">\r\n\t<div>\r\n\t<div style=\"font-weight: bold; font-size: 24px;\">Un projet en t\u00eate ? Contactez nos experts !<\/div>\r\n\t\t<\/div>\r\n\t<div class=\"form\">\r\n\t\t<div class=\"btn\">\r\n\t\t\t<a href=\"\/fr\/contact\/\" id=\"CTA-Contact\">Prendre contact<\/a>\r\n\t\t<\/div>\r\n\t<\/div>\r\n<\/div><\/div><\/section>\n\n\t\t<\/div>\n\t<\/div>\n\n\t<div class=\"wpb_text_column wpb_content_element\" id=\"tag2\">\n\t\t<div class=\"wpb_wrapper\">\n\t\t\t<h2><label>&gt; Partenaires d\u2019\u00e9crans professionnels<\/label><\/h2>\n<p>Nos partenaires de confiance en mati\u00e8re d'affichage et de mat\u00e9riel informatique garantissent des performances visuelles optimales et un d\u00e9ploiement fiable dans tous les environnements et tous les cas d'utilisation.<\/p>\n\n\t\t<\/div>\n\t<\/div>\n\t\t<div class=\"vc_row blog_grid\">\n\t\t\t<div class=\"vc_column_container vc_col-sm-4\">\n\t<div class=\"vc_column-inner\">\n\t\t<div class=\"wpb_wrapper\">\n\t\t\t<div class=\"grid-inner\">\n\t\t\t\t\t\t\t\t<link rel=\"preload\" fetchpriority=\"high\" as=\"image\" href=\"https:\/\/navori.com\/wp-content\/uploads\/2022\/06\/Navori-Becomes-Member-of-Sony-Pro-AV-Alliance-Partner-Network.webp\" \/>\n\t\t\t\t<a href=\"https:\/\/navori.com\/fr\/app\/sony\/\" aria-label=\"En savoir plus sur l&#039;excellence avec les \u00e9crans Android de Sony utilisant l&#039;application Navori\" style=\"text-decoration:none\" target=\"_blank\" rel=\"noopener\"> \n\t\t\t\t\t\t\t<div class=\"imagebox\"><img loading=\"lazy\" decoding=\"async\" src=\"https:\/\/navori.com\/wp-content\/uploads\/2024\/04\/hardware_thumbnail_sony.webp\" alt=\"hardware_thumbnail_sony\" title=\"hardware_thumbnail_sony\" width=\"361\" height=\"203\" sizes=\"auto, (max-width: 361px) 100vw, 361px\" \/><\/div>\n\t\t\t\t\t\t\t<div class=\"box\">\n\t\t\t\t\t\t\t\t<h3>Tirez parti de l'excellence avec les \u00e9crans Sony Android fonctionnant avec l'application Navori<\/h3>\n\t\t\t\t\t\t\t<\/div>\n\t\t\t\t\t\t<\/a>\t\t\t<\/div>\n\t\t<\/div>\n\t<\/div>\n<\/div><div class=\"vc_column_container vc_col-sm-4\">\n\t<div class=\"vc_column-inner\">\n\t\t<div class=\"wpb_wrapper\">\n\t\t\t<div class=\"grid-inner\">\n\t\t\t\t\t\t\t\t<link rel=\"preload\" fetchpriority=\"high\" as=\"image\" href=\"https:\/\/navori.com\/wp-content\/uploads\/2023\/04\/lg-web-os.jpg\" \/>\n\t\t\t\t<a href=\"https:\/\/navori.com\/fr\/app\/lg\/\" aria-label=\"En savoir plus sur Maximiser le potentiel de LG avec Navori Player App\" style=\"text-decoration:none\" target=\"_blank\" rel=\"noopener\"> \n\t\t\t\t\t\t\t<div class=\"imagebox\"><img loading=\"lazy\" decoding=\"async\" src=\"https:\/\/navori.com\/wp-content\/uploads\/2024\/04\/hardware_thumbnail_lg.webp\" alt=\"hardware_thumbnail_lg\" title=\"hardware_thumbnail_lg\" width=\"361\" height=\"203\" sizes=\"auto, (max-width: 361px) 100vw, 361px\" \/><\/div>\n\t\t\t\t\t\t\t<div class=\"box\">\n\t\t\t\t\t\t\t\t<h3>Maximisez le potentiel de LG avec l'application Navori Player<\/h3>\n\t\t\t\t\t\t\t<\/div>\n\t\t\t\t\t\t<\/a>\t\t\t<\/div>\n\t\t<\/div>\n\t<\/div>\n<\/div><div class=\"vc_column_container vc_col-sm-4\">\n\t<div class=\"vc_column-inner\">\n\t\t<div class=\"wpb_wrapper\">\n\t\t\t<div class=\"grid-inner\">\n\t\t\t\t\t\t\t\t<link rel=\"preload\" fetchpriority=\"high\" as=\"image\" href=\"https:\/\/navori.com\/wp-content\/uploads\/2023\/06\/Philips-Corpcoms-Screen.webp\" \/>\n\t\t\t\t<a href=\"https:\/\/navori.com\/fr\/app\/philips\/\" aria-label=\"En savoir plus sur l&#039;exp\u00e9rience immersive avec l&#039;application Navori Player pour Philips\" style=\"text-decoration:none\" target=\"_blank\" rel=\"noopener\"> \n\t\t\t\t\t\t\t<div class=\"imagebox\"><img loading=\"lazy\" decoding=\"async\" src=\"https:\/\/navori.com\/wp-content\/uploads\/2024\/04\/hardware_thumbnail_philips.webp\" alt=\"mat\u00e9riel_pouce_philips\" title=\"mat\u00e9riel_pouce_philips\" width=\"361\" height=\"203\" sizes=\"auto, (max-width: 361px) 100vw, 361px\" \/><\/div>\n\t\t\t\t\t\t\t<div class=\"box\">\n\t\t\t\t\t\t\t\t<h3>Une exp\u00e9rience immersive gr\u00e2ce \u00e0 l'application Navori Player pour Philips<\/h3>\n\t\t\t\t\t\t\t<\/div>\n\t\t\t\t\t\t<\/a>\t\t\t<\/div>\n\t\t<\/div>\n\t<\/div>\n<\/div><div class=\"vc_column_container vc_col-sm-4\">\n\t<div class=\"vc_column-inner\">\n\t\t<div class=\"wpb_wrapper\">\n\t\t\t<div class=\"grid-inner\">\n\t\t\t\t\t\t\t\t<link rel=\"preload\" fetchpriority=\"high\" as=\"image\" href=\"https:\/\/navori.com\/wp-content\/uploads\/2023\/12\/Samsung-SSSP-Smart-Signage-Platform.webp\" \/>\n\t\t\t\t<a href=\"https:\/\/navori.com\/fr\/app\/samsung\/\" aria-label=\"En savoir plus sur l&#039;am\u00e9lioration de vos \u00e9crans Samsung gr\u00e2ce \u00e0 l&#039;application Navori Player\" style=\"text-decoration:none\" target=\"_blank\" rel=\"noopener\"> \n\t\t\t\t\t\t\t<div class=\"imagebox\"><img loading=\"lazy\" decoding=\"async\" src=\"https:\/\/navori.com\/wp-content\/uploads\/2024\/04\/hardware_thumbnail_samsung.webp\" alt=\"hardware_thumbnail_samsung\" title=\"hardware_thumbnail_samsung\" width=\"361\" height=\"203\" sizes=\"auto, (max-width: 361px) 100vw, 361px\" \/><\/div>\n\t\t\t\t\t\t\t<div class=\"box\">\n\t\t\t\t\t\t\t\t<h3>Am\u00e9liorez vos \u00e9crans Samsung gr\u00e2ce \u00e0 l'application Navori Player<\/h3>\n\t\t\t\t\t\t\t<\/div>\n\t\t\t\t\t\t<\/a>\t\t\t<\/div>\n\t\t<\/div>\n\t<\/div>\n<\/div><div class=\"vc_column_container vc_col-sm-4\">\n\t<div class=\"vc_column-inner\">\n\t\t<div class=\"wpb_wrapper\">\n\t\t\t<div class=\"grid-inner\">\n\t\t\t\t\t\t\t\t<link rel=\"preload\" fetchpriority=\"high\" as=\"image\" href=\"https:\/\/navori.com\/wp-content\/uploads\/2023\/05\/ELO-I-Series.jpg\" \/>\n\t\t\t\t<a href=\"https:\/\/navori.com\/fr\/app\/elo\/\" aria-label=\"En savoir plus sur Combiner la signalisation interactive et passive sur les \u00e9crans de signalisation Elo\" style=\"text-decoration:none\" target=\"_blank\" rel=\"noopener\"> \n\t\t\t\t\t\t\t<div class=\"imagebox\"><img loading=\"lazy\" decoding=\"async\" src=\"https:\/\/navori.com\/wp-content\/uploads\/2024\/04\/hardware_thumbnail_elo.webp\" alt=\"hardware_thumbnail_elo\" title=\"hardware_thumbnail_elo\" width=\"361\" height=\"203\" sizes=\"auto, (max-width: 361px) 100vw, 361px\" \/><\/div>\n\t\t\t\t\t\t\t<div class=\"box\">\n\t\t\t\t\t\t\t\t<h3>Combinez la signalisation interactive et passive sur les \u00e9crans de signalisation Elo<\/h3>\n\t\t\t\t\t\t\t<\/div>\n\t\t\t\t\t\t<\/a>\t\t\t<\/div>\n\t\t<\/div>\n\t<\/div>\n<\/div>\t\t<\/div>\n\t\n\t<div class=\"wpb_text_column wpb_content_element  dn\" >\n\t\t<div class=\"wpb_wrapper\">\n\t\t\t\n\n\t\t<\/div>\n\t<\/div>\n<\/div><\/div><\/div><\/div><\/section><div class=\"vc_row-full-width vc_clearfix\"><\/div>","protected":false},"excerpt":{"rendered":"The benefits Navori offers its Player software in a native version for Elo powered by either Android or Microsoft Windows. Navori Player for Elo is a high-performance digital signage software designed for Elo Touch Solution\u2019s Android-powered touchscreens. Google Android powers Elo Touch displays and uses Navori Player. Navori Player for Elo is straightforward to install. [...]","protected":false},"author":1,"featured_media":0,"parent":0,"menu_order":0,"comment_status":"closed","ping_status":"closed","template":"","meta":{"content-type":"","inline_featured_image":false,"footnotes":""},"class_list":["post-61142","page","type-page","status-publish","hentry"],"yoast_head":"<!-- This site is optimized with the Yoast SEO Premium plugin v27.2 (Yoast SEO v27.2) - https:\/\/yoast.com\/product\/yoast-seo-premium-wordpress\/ -->\n<title>Trusted Partners - Navori Labs<\/title>\n<meta name=\"description\" content=\"Explore Navori\u2019s digital signage partner ecosystem\u2014trusted tech and hardware partners powering seamless, scalable signage solutions.\" \/>\n<meta name=\"robots\" content=\"index, follow, max-snippet:-1, max-image-preview:large, max-video-preview:-1\" \/>\n<link rel=\"canonical\" href=\"https:\/\/navori.com\/fr\/trusted-partners\/\" \/>\n<meta property=\"og:locale\" content=\"fr_FR\" \/>\n<meta property=\"og:type\" content=\"article\" \/>\n<meta property=\"og:title\" content=\"Trusted Partners\" \/>\n<meta property=\"og:description\" content=\"Explore Navori\u2019s digital signage partner ecosystem\u2014trusted tech and hardware partners powering seamless, scalable signage solutions.\" \/>\n<meta property=\"og:url\" content=\"https:\/\/navori.com\/fr\/trusted-partners\/\" \/>\n<meta property=\"og:site_name\" content=\"Navori Labs\" \/>\n<meta property=\"article:publisher\" content=\"https:\/\/www.facebook.com\/NavoriLabs\" \/>\n<meta property=\"article:modified_time\" content=\"2025-08-13T09:35:20+00:00\" \/>\n<meta name=\"twitter:card\" content=\"summary_large_image\" \/>\n<meta name=\"twitter:site\" content=\"@navori\" \/>\n<meta name=\"twitter:label1\" content=\"Dur\u00e9e de lecture estim\u00e9e\" \/>\n\t<meta name=\"twitter:data1\" content=\"1 minute\" \/>\n<script type=\"application\/ld+json\" class=\"yoast-schema-graph\">{\"@context\":\"https:\/\/schema.org\",\"@graph\":[{\"@type\":\"Article\",\"@id\":\"https:\/\/navori.com\/trusted-partners\/#article\",\"isPartOf\":{\"@id\":\"https:\/\/navori.com\/trusted-partners\/\"},\"author\":{\"name\":\"navoriwebman1\",\"@id\":\"https:\/\/navori.com\/#\/schema\/person\/3de28eca2f1bad61c026c3bfcbedc0d0\"},\"headline\":\"Trusted Partners\",\"datePublished\":\"2025-08-01T11:51:35+00:00\",\"dateModified\":\"2025-08-13T09:35:20+00:00\",\"mainEntityOfPage\":{\"@id\":\"https:\/\/navori.com\/trusted-partners\/\"},\"wordCount\":230,\"publisher\":{\"@id\":\"https:\/\/navori.com\/#organization\"},\"inLanguage\":\"fr-FR\"},{\"@type\":\"WebPage\",\"@id\":\"https:\/\/navori.com\/trusted-partners\/\",\"url\":\"https:\/\/navori.com\/trusted-partners\/\",\"name\":\"Trusted Partners - Navori Labs\",\"isPartOf\":{\"@id\":\"https:\/\/navori.com\/#website\"},\"datePublished\":\"2025-08-01T11:51:35+00:00\",\"dateModified\":\"2025-08-13T09:35:20+00:00\",\"description\":\"Explore Navori\u2019s digital signage partner ecosystem\u2014trusted tech and hardware partners powering seamless, scalable signage solutions.\",\"breadcrumb\":{\"@id\":\"https:\/\/navori.com\/trusted-partners\/#breadcrumb\"},\"inLanguage\":\"fr-FR\",\"potentialAction\":[{\"@type\":\"ReadAction\",\"target\":[\"https:\/\/navori.com\/trusted-partners\/\"]}]},{\"@type\":\"BreadcrumbList\",\"@id\":\"https:\/\/navori.com\/trusted-partners\/#breadcrumb\",\"itemListElement\":[{\"@type\":\"ListItem\",\"position\":1,\"name\":\"Home\",\"item\":\"https:\/\/navori.com\/\"},{\"@type\":\"ListItem\",\"position\":2,\"name\":\"Trusted Partners\"}]},{\"@type\":\"WebSite\",\"@id\":\"https:\/\/navori.com\/#website\",\"url\":\"https:\/\/navori.com\/\",\"name\":\"Navori Labs\",\"description\":\"\",\"publisher\":{\"@id\":\"https:\/\/navori.com\/#organization\"},\"potentialAction\":[{\"@type\":\"SearchAction\",\"target\":{\"@type\":\"EntryPoint\",\"urlTemplate\":\"https:\/\/navori.com\/?s={search_term_string}\"},\"query-input\":{\"@type\":\"PropertyValueSpecification\",\"valueRequired\":true,\"valueName\":\"search_term_string\"}}],\"inLanguage\":\"fr-FR\"},{\"@type\":\"Organization\",\"@id\":\"https:\/\/navori.com\/#organization\",\"name\":\"Navori Labs\",\"url\":\"https:\/\/navori.com\/\",\"logo\":{\"@type\":\"ImageObject\",\"inLanguage\":\"fr-FR\",\"@id\":\"https:\/\/navori.com\/#\/schema\/logo\/image\/\",\"url\":\"https:\/\/navori.com\/wp-content\/uploads\/2024\/04\/NAVORI-logo.svg\",\"contentUrl\":\"https:\/\/navori.com\/wp-content\/uploads\/2024\/04\/NAVORI-logo.svg\",\"width\":120,\"height\":19,\"caption\":\"Navori Labs\"},\"image\":{\"@id\":\"https:\/\/navori.com\/#\/schema\/logo\/image\/\"},\"sameAs\":[\"https:\/\/www.facebook.com\/NavoriLabs\",\"https:\/\/x.com\/navori\",\"https:\/\/www.instagram.com\/navorilabs\",\"https:\/\/www.linkedin.com\/company\/navori-sa\",\"https:\/\/www.youtube.com\/user\/NavoriQL\"]},{\"@type\":\"Person\",\"@id\":\"https:\/\/navori.com\/#\/schema\/person\/3de28eca2f1bad61c026c3bfcbedc0d0\",\"name\":\"navoriwebman1\",\"image\":{\"@type\":\"ImageObject\",\"inLanguage\":\"fr-FR\",\"@id\":\"https:\/\/secure.gravatar.com\/avatar\/7b547b91e1c1c1bbaf0c28a3b85ef79f28f971c49b2650159ba15d821147fcde?s=96&d=mm&r=g\",\"url\":\"https:\/\/secure.gravatar.com\/avatar\/7b547b91e1c1c1bbaf0c28a3b85ef79f28f971c49b2650159ba15d821147fcde?s=96&d=mm&r=g\",\"contentUrl\":\"https:\/\/secure.gravatar.com\/avatar\/7b547b91e1c1c1bbaf0c28a3b85ef79f28f971c49b2650159ba15d821147fcde?s=96&d=mm&r=g\",\"caption\":\"navoriwebman1\"},\"sameAs\":[\"https:\/\/navori.com\"],\"url\":\"https:\/\/navori.com\/fr\/author\/navoriwebman1\/\"}]}<\/script>\n<!-- \/ Yoast SEO Premium plugin. -->","yoast_head_json":{"title":"Partenaires de confiance - Navori Labs","description":"Explorez l'\u00e9cosyst\u00e8me des partenaires d'affichage num\u00e9rique de Navori - des partenaires technologiques et mat\u00e9riels de confiance qui offrent des solutions d'affichage transparentes et \u00e9volutives.","robots":{"index":"index","follow":"follow","max-snippet":"max-snippet:-1","max-image-preview":"max-image-preview:large","max-video-preview":"max-video-preview:-1"},"canonical":"https:\/\/navori.com\/fr\/trusted-partners\/","og_locale":"fr_FR","og_type":"article","og_title":"Trusted Partners","og_description":"Explore Navori\u2019s digital signage partner ecosystem\u2014trusted tech and hardware partners powering seamless, scalable signage solutions.","og_url":"https:\/\/navori.com\/fr\/trusted-partners\/","og_site_name":"Navori Labs","article_publisher":"https:\/\/www.facebook.com\/NavoriLabs","article_modified_time":"2025-08-13T09:35:20+00:00","twitter_card":"summary_large_image","twitter_site":"@navori","twitter_misc":{"Dur\u00e9e de lecture estim\u00e9e":"1 minute"},"schema":{"@context":"https:\/\/schema.org","@graph":[{"@type":"Article","@id":"https:\/\/navori.com\/trusted-partners\/#article","isPartOf":{"@id":"https:\/\/navori.com\/trusted-partners\/"},"author":{"name":"navoriwebman1","@id":"https:\/\/navori.com\/#\/schema\/person\/3de28eca2f1bad61c026c3bfcbedc0d0"},"headline":"Trusted Partners","datePublished":"2025-08-01T11:51:35+00:00","dateModified":"2025-08-13T09:35:20+00:00","mainEntityOfPage":{"@id":"https:\/\/navori.com\/trusted-partners\/"},"wordCount":230,"publisher":{"@id":"https:\/\/navori.com\/#organization"},"inLanguage":"fr-FR"},{"@type":"WebPage","@id":"https:\/\/navori.com\/trusted-partners\/","url":"https:\/\/navori.com\/trusted-partners\/","name":"Partenaires de confiance - Navori Labs","isPartOf":{"@id":"https:\/\/navori.com\/#website"},"datePublished":"2025-08-01T11:51:35+00:00","dateModified":"2025-08-13T09:35:20+00:00","description":"Explorez l'\u00e9cosyst\u00e8me des partenaires d'affichage num\u00e9rique de Navori - des partenaires technologiques et mat\u00e9riels de confiance qui offrent des solutions d'affichage transparentes et \u00e9volutives.","breadcrumb":{"@id":"https:\/\/navori.com\/trusted-partners\/#breadcrumb"},"inLanguage":"fr-FR","potentialAction":[{"@type":"ReadAction","target":["https:\/\/navori.com\/trusted-partners\/"]}]},{"@type":"BreadcrumbList","@id":"https:\/\/navori.com\/trusted-partners\/#breadcrumb","itemListElement":[{"@type":"ListItem","position":1,"name":"Home","item":"https:\/\/navori.com\/"},{"@type":"ListItem","position":2,"name":"Trusted Partners"}]},{"@type":"WebSite","@id":"https:\/\/navori.com\/#website","url":"https:\/\/navori.com\/","name":"Navori Labs","description":"","publisher":{"@id":"https:\/\/navori.com\/#organization"},"potentialAction":[{"@type":"SearchAction","target":{"@type":"EntryPoint","urlTemplate":"https:\/\/navori.com\/?s={search_term_string}"},"query-input":{"@type":"PropertyValueSpecification","valueRequired":true,"valueName":"search_term_string"}}],"inLanguage":"fr-FR"},{"@type":"Organization","@id":"https:\/\/navori.com\/#organization","name":"Navori Labs","url":"https:\/\/navori.com\/","logo":{"@type":"ImageObject","inLanguage":"fr-FR","@id":"https:\/\/navori.com\/#\/schema\/logo\/image\/","url":"https:\/\/navori.com\/wp-content\/uploads\/2024\/04\/NAVORI-logo.svg","contentUrl":"https:\/\/navori.com\/wp-content\/uploads\/2024\/04\/NAVORI-logo.svg","width":120,"height":19,"caption":"Navori Labs"},"image":{"@id":"https:\/\/navori.com\/#\/schema\/logo\/image\/"},"sameAs":["https:\/\/www.facebook.com\/NavoriLabs","https:\/\/x.com\/navori","https:\/\/www.instagram.com\/navorilabs","https:\/\/www.linkedin.com\/company\/navori-sa","https:\/\/www.youtube.com\/user\/NavoriQL"]},{"@type":"Person","@id":"https:\/\/navori.com\/#\/schema\/person\/3de28eca2f1bad61c026c3bfcbedc0d0","name":"navoriwebman1","image":{"@type":"ImageObject","inLanguage":"fr-FR","@id":"https:\/\/secure.gravatar.com\/avatar\/7b547b91e1c1c1bbaf0c28a3b85ef79f28f971c49b2650159ba15d821147fcde?s=96&d=mm&r=g","url":"https:\/\/secure.gravatar.com\/avatar\/7b547b91e1c1c1bbaf0c28a3b85ef79f28f971c49b2650159ba15d821147fcde?s=96&d=mm&r=g","contentUrl":"https:\/\/secure.gravatar.com\/avatar\/7b547b91e1c1c1bbaf0c28a3b85ef79f28f971c49b2650159ba15d821147fcde?s=96&d=mm&r=g","caption":"navoriwebman1"},"sameAs":["https:\/\/navori.com"],"url":"https:\/\/navori.com\/fr\/author\/navoriwebman1\/"}]}},"_links":{"self":[{"href":"https:\/\/navori.com\/fr\/wp-json\/wp\/v2\/pages\/61142","targetHints":{"allow":["GET"]}}],"collection":[{"href":"https:\/\/navori.com\/fr\/wp-json\/wp\/v2\/pages"}],"about":[{"href":"https:\/\/navori.com\/fr\/wp-json\/wp\/v2\/types\/page"}],"author":[{"embeddable":true,"href":"https:\/\/navori.com\/fr\/wp-json\/wp\/v2\/users\/1"}],"replies":[{"embeddable":true,"href":"https:\/\/navori.com\/fr\/wp-json\/wp\/v2\/comments?post=61142"}],"version-history":[{"count":0,"href":"https:\/\/navori.com\/fr\/wp-json\/wp\/v2\/pages\/61142\/revisions"}],"wp:attachment":[{"href":"https:\/\/navori.com\/fr\/wp-json\/wp\/v2\/media?parent=61142"}],"curies":[{"name":"wp","href":"https:\/\/api.w.org\/{rel}","templated":true}]}}