{"id":60197,"date":"2024-12-02T10:48:01","date_gmt":"2024-12-02T10:48:01","guid":{"rendered":"https:\/\/staging2.navori.com\/?page_id=60197"},"modified":"2025-01-09T15:25:36","modified_gmt":"2025-01-09T15:25:36","slug":"connectors","status":"publish","type":"page","link":"https:\/\/navori.com\/fr\/connectors\/","title":{"rendered":"Connecteurs Navori : Int\u00e9grer, Automatiser, \u00c9lever"},"content":{"rendered":"<section data-vc-full-width=\"true\" data-vc-full-width-init=\"false\" data-vc-stretch-content=\"true\" class=\"vc_section connectors-details-lp\"><div class=\"vc_row wpb_row vc_row-fluid banner\"><div class=\"connector-column wpb_column vc_column_container vc_col-sm-12\"><div class=\"vc_column-inner\"><div class=\"wpb_wrapper\">\n\t<div class=\"wpb_text_column wpb_content_element  connector-main-title\" >\n\t\t<div class=\"wpb_wrapper\">\n\t\t\t<h1>Connecteurs Navori : Int\u00e9grer, Automatiser, \u00c9lever<\/h1>\n\n\t\t<\/div>\n\t<\/div>\n\n\t<div class=\"wpb_text_column wpb_content_element  connector-desc\" >\n\t\t<div class=\"wpb_wrapper\">\n\t\t\t<p><a href=\"https:\/\/navori.com\/fr\/\">Logiciel d'affichage dynamique Navori<\/a> offre une int\u00e9gration transparente des tiers pour les donn\u00e9es en direct, ce qui permet aux utilisateurs de connecter sans effort des donn\u00e9es provenant de n'importe quelle source. En quelques clics, des flux dynamiques peuvent \u00eatre ajout\u00e9s aux \u00e9crans, ce qui permet aux entreprises de rester inform\u00e9es en temps r\u00e9el.<\/p>\n\n\t\t<\/div>\n\t<\/div>\n\n\t<div class=\"wpb_raw_code wpb_content_element wpb_raw_html\" >\n\t\t<div class=\"wpb_wrapper\">\n\t\t\t<div class=\"connector-input-box\">\n<input type=\"search\" id=\"search-box\" placeholder=\"Rechercher un connecteur\" \/>\n<button id=\"search-button\" class=\"search-btn\"><svg xmlns=\"http:\/\/www.w3.org\/2000\/svg\" width=\"20\" height=\"20\" viewbox=\"0 0 20 20\" fill=\"none\">\n\t\t\t<g clip-path=\"url(#clip0_1118_46)\">\n\t\t\t\t<path d=\"M18.5762 19.7573C18.9023 20.0833 19.431 20.0833 19.7571 19.7573C20.0832 19.4312 20.0832 18.9025 19.7571 18.5764L18.5762 19.7573ZM15.0964 8.38251C15.0964 12.0906 12.0904 15.0965 8.38236 15.0965V16.7665C13.0127 16.7665 16.7664 13.0129 16.7664 8.38251H15.0964ZM8.38236 15.0965C4.67431 15.0965 1.66834 12.0906 1.66834 8.38251H-0.00165647C-0.00165647 13.0129 3.752 16.7665 8.38236 16.7665V15.0965ZM1.66834 8.38251C1.66834 4.67446 4.67431 1.6685 8.38236 1.6685V-0.00150388C3.752 -0.00150388 -0.00165647 3.75215 -0.00165647 8.38251H1.66834ZM8.38236 1.6685C12.0904 1.6685 15.0964 4.67446 15.0964 8.38251H16.7664C16.7664 3.75215 13.0127 -0.00150388 8.38236 -0.00150388V1.6685ZM13.1841 14.3651L18.5762 19.7573L19.7571 18.5764L14.365 13.1842L13.1841 14.3651Z\" fill=\"#475467\"><\/path>\n\t\t\t<\/g>\n\t\t\t<defs>\n\t\t\t\t<clippath id=\"clip0_1118_46\">\n\t\t\t\t\t<rect width=\"20\" height=\"20\" fill=\"white\"><\/rect>\n\t\t\t\t<\/clippath>\n\t\t\t<\/defs>\n\t\t<\/svg><\/button>\n<\/div> \n\t\t<\/div>\n\t<\/div>\n<\/div><\/div><\/div><\/div><\/section><div class=\"vc_row-full-width vc_clearfix\"><\/div><section class=\"vc_section gallery-container\"><div class=\"vc_row wpb_row vc_row-fluid\"><div class=\"wpb_column vc_column_container vc_col-sm-12\"><div class=\"vc_column-inner\"><div class=\"wpb_wrapper\">\n\t<div class=\"wpb_raw_code wpb_content_element wpb_raw_html\" >\n\t\t<div class=\"wpb_wrapper\">\n\t\t\t<div class=\"filter-buttons\">\n <button class=\"filter-button active\" data-filter=\"All\">Tous<\/button>\n<\/div>\n<div class=\"gallery-connector\"><\/div>\n\t\t<\/div>\n\t<\/div>\n<\/div><\/div><\/div><\/div><\/section>","protected":false},"excerpt":{"rendered":"Connecteurs Navori : Int\u00e9grer, Automatiser, \u00c9lever Le logiciel d'affichage dynamique Navori offre une int\u00e9gration transparente des donn\u00e9es provenant de tierces parties, permettant aux utilisateurs de connecter sans effort des donn\u00e9es provenant de n'importe quelle source. En quelques clics, des flux dynamiques peuvent \u00eatre ajout\u00e9s aux \u00e9crans, assurant que les entreprises restent inform\u00e9es en temps r\u00e9el. Tous les produits","protected":false},"author":1,"featured_media":60203,"parent":0,"menu_order":0,"comment_status":"closed","ping_status":"closed","template":"","meta":{"content-type":"","inline_featured_image":false,"footnotes":""},"class_list":["post-60197","page","type-page","status-publish","hentry"],"yoast_head":"<!-- This site is optimized with the Yoast SEO Premium plugin v27.2 (Yoast SEO v27.2) - https:\/\/yoast.com\/product\/yoast-seo-premium-wordpress\/ -->\n<title>Navori Connectors: Third Party Integration at your finger tips!<\/title>\n<meta name=\"description\" content=\"Seamless third party integration with Navori connectors. Unlock real-time data and streamline your digital signage workflows effortlessly.\" \/>\n<meta name=\"robots\" content=\"index, follow, max-snippet:-1, max-image-preview:large, max-video-preview:-1\" \/>\n<link rel=\"canonical\" href=\"https:\/\/navori.com\/fr\/connectors\/\" \/>\n<meta property=\"og:locale\" content=\"fr_FR\" \/>\n<meta property=\"og:type\" content=\"article\" \/>\n<meta property=\"og:title\" content=\"Navori Connectors: Integrate, Automate, Elevate\" \/>\n<meta property=\"og:description\" content=\"Seamless third party integration with Navori connectors. Unlock real-time data and streamline your digital signage workflows effortlessly.\" \/>\n<meta property=\"og:url\" content=\"https:\/\/navori.com\/fr\/connectors\/\" \/>\n<meta property=\"og:site_name\" content=\"Navori Labs\" \/>\n<meta property=\"article:publisher\" content=\"https:\/\/www.facebook.com\/NavoriLabs\" \/>\n<meta property=\"article:modified_time\" content=\"2025-01-09T15:25:36+00:00\" \/>\n<meta property=\"og:image\" content=\"https:\/\/navori.com\/wp-content\/uploads\/2024\/12\/connectors-background-scaled.webp\" \/>\n\t<meta property=\"og:image:width\" content=\"2560\" \/>\n\t<meta property=\"og:image:height\" content=\"1098\" \/>\n\t<meta property=\"og:image:type\" content=\"image\/webp\" \/>\n<meta name=\"twitter:card\" content=\"summary_large_image\" \/>\n<meta name=\"twitter:site\" content=\"@navori\" \/>\n<meta name=\"twitter:label1\" content=\"Dur\u00e9e de lecture estim\u00e9e\" \/>\n\t<meta name=\"twitter:data1\" content=\"1 minute\" \/>\n<script type=\"application\/ld+json\" class=\"yoast-schema-graph\">{\"@context\":\"https:\/\/schema.org\",\"@graph\":[{\"@type\":\"Article\",\"@id\":\"https:\/\/navori.com\/connectors\/#article\",\"isPartOf\":{\"@id\":\"https:\/\/navori.com\/connectors\/\"},\"author\":{\"name\":\"navoriwebman1\",\"@id\":\"https:\/\/navori.com\/#\/schema\/person\/3de28eca2f1bad61c026c3bfcbedc0d0\"},\"headline\":\"Navori Connectors: Integrate, Automate, Elevate\",\"datePublished\":\"2024-12-02T10:48:01+00:00\",\"dateModified\":\"2025-01-09T15:25:36+00:00\",\"mainEntityOfPage\":{\"@id\":\"https:\/\/navori.com\/connectors\/\"},\"wordCount\":499,\"publisher\":{\"@id\":\"https:\/\/navori.com\/#organization\"},\"image\":{\"@id\":\"https:\/\/navori.com\/connectors\/#primaryimage\"},\"thumbnailUrl\":\"https:\/\/navori.com\/wp-content\/uploads\/2024\/12\/connectors-background-scaled.webp\",\"inLanguage\":\"fr-FR\"},{\"@type\":\"WebPage\",\"@id\":\"https:\/\/navori.com\/connectors\/\",\"url\":\"https:\/\/navori.com\/connectors\/\",\"name\":\"Navori Connectors: Third Party Integration at your finger tips!\",\"isPartOf\":{\"@id\":\"https:\/\/navori.com\/#website\"},\"primaryImageOfPage\":{\"@id\":\"https:\/\/navori.com\/connectors\/#primaryimage\"},\"image\":{\"@id\":\"https:\/\/navori.com\/connectors\/#primaryimage\"},\"thumbnailUrl\":\"https:\/\/navori.com\/wp-content\/uploads\/2024\/12\/connectors-background-scaled.webp\",\"datePublished\":\"2024-12-02T10:48:01+00:00\",\"dateModified\":\"2025-01-09T15:25:36+00:00\",\"description\":\"Seamless third party integration with Navori connectors. Unlock real-time data and streamline your digital signage workflows effortlessly.\",\"breadcrumb\":{\"@id\":\"https:\/\/navori.com\/connectors\/#breadcrumb\"},\"inLanguage\":\"fr-FR\",\"potentialAction\":[{\"@type\":\"ReadAction\",\"target\":[\"https:\/\/navori.com\/connectors\/\"]}]},{\"@type\":\"ImageObject\",\"inLanguage\":\"fr-FR\",\"@id\":\"https:\/\/navori.com\/connectors\/#primaryimage\",\"url\":\"https:\/\/navori.com\/wp-content\/uploads\/2024\/12\/connectors-background-scaled.webp\",\"contentUrl\":\"https:\/\/navori.com\/wp-content\/uploads\/2024\/12\/connectors-background-scaled.webp\",\"width\":2560,\"height\":1098},{\"@type\":\"BreadcrumbList\",\"@id\":\"https:\/\/navori.com\/connectors\/#breadcrumb\",\"itemListElement\":[{\"@type\":\"ListItem\",\"position\":1,\"name\":\"Home\",\"item\":\"https:\/\/navori.com\/\"},{\"@type\":\"ListItem\",\"position\":2,\"name\":\"Navori Connectors: Integrate, Automate, Elevate\"}]},{\"@type\":\"WebSite\",\"@id\":\"https:\/\/navori.com\/#website\",\"url\":\"https:\/\/navori.com\/\",\"name\":\"Navori Labs\",\"description\":\"\",\"publisher\":{\"@id\":\"https:\/\/navori.com\/#organization\"},\"potentialAction\":[{\"@type\":\"SearchAction\",\"target\":{\"@type\":\"EntryPoint\",\"urlTemplate\":\"https:\/\/navori.com\/?s={search_term_string}\"},\"query-input\":{\"@type\":\"PropertyValueSpecification\",\"valueRequired\":true,\"valueName\":\"search_term_string\"}}],\"inLanguage\":\"fr-FR\"},{\"@type\":\"Organization\",\"@id\":\"https:\/\/navori.com\/#organization\",\"name\":\"Navori Labs\",\"url\":\"https:\/\/navori.com\/\",\"logo\":{\"@type\":\"ImageObject\",\"inLanguage\":\"fr-FR\",\"@id\":\"https:\/\/navori.com\/#\/schema\/logo\/image\/\",\"url\":\"https:\/\/navori.com\/wp-content\/uploads\/2024\/04\/NAVORI-logo.svg\",\"contentUrl\":\"https:\/\/navori.com\/wp-content\/uploads\/2024\/04\/NAVORI-logo.svg\",\"width\":120,\"height\":19,\"caption\":\"Navori Labs\"},\"image\":{\"@id\":\"https:\/\/navori.com\/#\/schema\/logo\/image\/\"},\"sameAs\":[\"https:\/\/www.facebook.com\/NavoriLabs\",\"https:\/\/x.com\/navori\",\"https:\/\/www.instagram.com\/navorilabs\",\"https:\/\/www.linkedin.com\/company\/navori-sa\",\"https:\/\/www.youtube.com\/user\/NavoriQL\"]},{\"@type\":\"Person\",\"@id\":\"https:\/\/navori.com\/#\/schema\/person\/3de28eca2f1bad61c026c3bfcbedc0d0\",\"name\":\"navoriwebman1\",\"image\":{\"@type\":\"ImageObject\",\"inLanguage\":\"fr-FR\",\"@id\":\"https:\/\/secure.gravatar.com\/avatar\/7b547b91e1c1c1bbaf0c28a3b85ef79f28f971c49b2650159ba15d821147fcde?s=96&d=mm&r=g\",\"url\":\"https:\/\/secure.gravatar.com\/avatar\/7b547b91e1c1c1bbaf0c28a3b85ef79f28f971c49b2650159ba15d821147fcde?s=96&d=mm&r=g\",\"contentUrl\":\"https:\/\/secure.gravatar.com\/avatar\/7b547b91e1c1c1bbaf0c28a3b85ef79f28f971c49b2650159ba15d821147fcde?s=96&d=mm&r=g\",\"caption\":\"navoriwebman1\"},\"sameAs\":[\"https:\/\/navori.com\"],\"url\":\"https:\/\/navori.com\/fr\/author\/navoriwebman1\/\"}]}<\/script>\n<!-- \/ Yoast SEO Premium plugin. -->","yoast_head_json":{"title":"Connecteurs Navori : L'int\u00e9gration des tiers au bout des doigts !","description":"Int\u00e9gration transparente avec les connecteurs Navori. D\u00e9bloquez des donn\u00e9es en temps r\u00e9el et rationalisez vos flux de travail d'affichage num\u00e9rique sans effort.","robots":{"index":"index","follow":"follow","max-snippet":"max-snippet:-1","max-image-preview":"max-image-preview:large","max-video-preview":"max-video-preview:-1"},"canonical":"https:\/\/navori.com\/fr\/connectors\/","og_locale":"fr_FR","og_type":"article","og_title":"Navori Connectors: Integrate, Automate, Elevate","og_description":"Seamless third party integration with Navori connectors. Unlock real-time data and streamline your digital signage workflows effortlessly.","og_url":"https:\/\/navori.com\/fr\/connectors\/","og_site_name":"Navori Labs","article_publisher":"https:\/\/www.facebook.com\/NavoriLabs","article_modified_time":"2025-01-09T15:25:36+00:00","og_image":[{"width":2560,"height":1098,"url":"https:\/\/navori.com\/wp-content\/uploads\/2024\/12\/connectors-background-scaled.webp","type":"image\/webp"}],"twitter_card":"summary_large_image","twitter_site":"@navori","twitter_misc":{"Dur\u00e9e de lecture estim\u00e9e":"1 minute"},"schema":{"@context":"https:\/\/schema.org","@graph":[{"@type":"Article","@id":"https:\/\/navori.com\/connectors\/#article","isPartOf":{"@id":"https:\/\/navori.com\/connectors\/"},"author":{"name":"navoriwebman1","@id":"https:\/\/navori.com\/#\/schema\/person\/3de28eca2f1bad61c026c3bfcbedc0d0"},"headline":"Navori Connectors: Integrate, Automate, Elevate","datePublished":"2024-12-02T10:48:01+00:00","dateModified":"2025-01-09T15:25:36+00:00","mainEntityOfPage":{"@id":"https:\/\/navori.com\/connectors\/"},"wordCount":499,"publisher":{"@id":"https:\/\/navori.com\/#organization"},"image":{"@id":"https:\/\/navori.com\/connectors\/#primaryimage"},"thumbnailUrl":"https:\/\/navori.com\/wp-content\/uploads\/2024\/12\/connectors-background-scaled.webp","inLanguage":"fr-FR"},{"@type":"WebPage","@id":"https:\/\/navori.com\/connectors\/","url":"https:\/\/navori.com\/connectors\/","name":"Connecteurs Navori : L'int\u00e9gration des tiers au bout des doigts !","isPartOf":{"@id":"https:\/\/navori.com\/#website"},"primaryImageOfPage":{"@id":"https:\/\/navori.com\/connectors\/#primaryimage"},"image":{"@id":"https:\/\/navori.com\/connectors\/#primaryimage"},"thumbnailUrl":"https:\/\/navori.com\/wp-content\/uploads\/2024\/12\/connectors-background-scaled.webp","datePublished":"2024-12-02T10:48:01+00:00","dateModified":"2025-01-09T15:25:36+00:00","description":"Int\u00e9gration transparente avec les connecteurs Navori. D\u00e9bloquez des donn\u00e9es en temps r\u00e9el et rationalisez vos flux de travail d'affichage num\u00e9rique sans effort.","breadcrumb":{"@id":"https:\/\/navori.com\/connectors\/#breadcrumb"},"inLanguage":"fr-FR","potentialAction":[{"@type":"ReadAction","target":["https:\/\/navori.com\/connectors\/"]}]},{"@type":"ImageObject","inLanguage":"fr-FR","@id":"https:\/\/navori.com\/connectors\/#primaryimage","url":"https:\/\/navori.com\/wp-content\/uploads\/2024\/12\/connectors-background-scaled.webp","contentUrl":"https:\/\/navori.com\/wp-content\/uploads\/2024\/12\/connectors-background-scaled.webp","width":2560,"height":1098},{"@type":"BreadcrumbList","@id":"https:\/\/navori.com\/connectors\/#breadcrumb","itemListElement":[{"@type":"ListItem","position":1,"name":"Home","item":"https:\/\/navori.com\/"},{"@type":"ListItem","position":2,"name":"Navori Connectors: Integrate, Automate, Elevate"}]},{"@type":"WebSite","@id":"https:\/\/navori.com\/#website","url":"https:\/\/navori.com\/","name":"Navori Labs","description":"","publisher":{"@id":"https:\/\/navori.com\/#organization"},"potentialAction":[{"@type":"SearchAction","target":{"@type":"EntryPoint","urlTemplate":"https:\/\/navori.com\/?s={search_term_string}"},"query-input":{"@type":"PropertyValueSpecification","valueRequired":true,"valueName":"search_term_string"}}],"inLanguage":"fr-FR"},{"@type":"Organization","@id":"https:\/\/navori.com\/#organization","name":"Navori Labs","url":"https:\/\/navori.com\/","logo":{"@type":"ImageObject","inLanguage":"fr-FR","@id":"https:\/\/navori.com\/#\/schema\/logo\/image\/","url":"https:\/\/navori.com\/wp-content\/uploads\/2024\/04\/NAVORI-logo.svg","contentUrl":"https:\/\/navori.com\/wp-content\/uploads\/2024\/04\/NAVORI-logo.svg","width":120,"height":19,"caption":"Navori Labs"},"image":{"@id":"https:\/\/navori.com\/#\/schema\/logo\/image\/"},"sameAs":["https:\/\/www.facebook.com\/NavoriLabs","https:\/\/x.com\/navori","https:\/\/www.instagram.com\/navorilabs","https:\/\/www.linkedin.com\/company\/navori-sa","https:\/\/www.youtube.com\/user\/NavoriQL"]},{"@type":"Person","@id":"https:\/\/navori.com\/#\/schema\/person\/3de28eca2f1bad61c026c3bfcbedc0d0","name":"navoriwebman1","image":{"@type":"ImageObject","inLanguage":"fr-FR","@id":"https:\/\/secure.gravatar.com\/avatar\/7b547b91e1c1c1bbaf0c28a3b85ef79f28f971c49b2650159ba15d821147fcde?s=96&d=mm&r=g","url":"https:\/\/secure.gravatar.com\/avatar\/7b547b91e1c1c1bbaf0c28a3b85ef79f28f971c49b2650159ba15d821147fcde?s=96&d=mm&r=g","contentUrl":"https:\/\/secure.gravatar.com\/avatar\/7b547b91e1c1c1bbaf0c28a3b85ef79f28f971c49b2650159ba15d821147fcde?s=96&d=mm&r=g","caption":"navoriwebman1"},"sameAs":["https:\/\/navori.com"],"url":"https:\/\/navori.com\/fr\/author\/navoriwebman1\/"}]}},"_links":{"self":[{"href":"https:\/\/navori.com\/fr\/wp-json\/wp\/v2\/pages\/60197","targetHints":{"allow":["GET"]}}],"collection":[{"href":"https:\/\/navori.com\/fr\/wp-json\/wp\/v2\/pages"}],"about":[{"href":"https:\/\/navori.com\/fr\/wp-json\/wp\/v2\/types\/page"}],"author":[{"embeddable":true,"href":"https:\/\/navori.com\/fr\/wp-json\/wp\/v2\/users\/1"}],"replies":[{"embeddable":true,"href":"https:\/\/navori.com\/fr\/wp-json\/wp\/v2\/comments?post=60197"}],"version-history":[{"count":0,"href":"https:\/\/navori.com\/fr\/wp-json\/wp\/v2\/pages\/60197\/revisions"}],"wp:featuredmedia":[{"embeddable":true,"href":"https:\/\/navori.com\/fr\/wp-json\/wp\/v2\/media\/60203"}],"wp:attachment":[{"href":"https:\/\/navori.com\/fr\/wp-json\/wp\/v2\/media?parent=60197"}],"curies":[{"name":"wp","href":"https:\/\/api.w.org\/{rel}","templated":true}]}}