{"id":58642,"date":"2024-07-26T07:23:50","date_gmt":"2024-07-26T07:23:50","guid":{"rendered":"https:\/\/staging2.navori.com\/?page_id=58642"},"modified":"2025-06-11T13:43:07","modified_gmt":"2025-06-11T13:43:07","slug":"thank-you","status":"publish","type":"page","link":"https:\/\/navori.com\/fr\/thank-you\/","title":{"rendered":"Demande de d\u00e9monstration soumise"},"content":{"rendered":"<section id=\"al-dn\" data-vc-full-width=\"true\" data-vc-full-width-init=\"false\" class=\"vc_section almost-there\"><div data-vc-full-width=\"true\" data-vc-full-width-init=\"false\" data-vc-stretch-content=\"true\" class=\"vc_row wpb_row vc_row-fluid\"><div class=\"wpb_column vc_column_container vc_col-sm-12\"><div class=\"vc_column-inner\"><div class=\"wpb_wrapper\">\n\t<div class=\"wpb_text_column wpb_content_element\" >\n\t\t<div class=\"wpb_wrapper\">\n\t\t\t<h1 style=\"text-align: center;\"><strong>Vous y \u00eates presque !<\/strong><\/h1>\n\n\t\t<\/div>\n\t<\/div>\n\n\t<div class=\"wpb_text_column wpb_content_element\" >\n\t\t<div class=\"wpb_wrapper\">\n\t\t\t<p>Nous venons de vous envoyer un e-mail avec le lien d\u2019activation de votre compte.<br data-start=\"443\" data-end=\"446\" \/>Pour finaliser votre demande et acc\u00e9der \u00e0 votre compte Navori Labs, ouvrez cet e-mail et <strong>cliquez sur le lien de confirmation.<\/strong>.<\/p>\n<p><i>Vous ne l\u2019avez pas encore re\u00e7u ?\nCela peut prendre une minute. Pensez \u00e0 v\u00e9rifier votre dossier spam ou courrier ind\u00e9sirable, au cas o\u00f9.<\/i><\/p>\n\n\t\t<\/div>\n\t<\/div>\n<\/div><\/div><\/div><\/div><div class=\"vc_row-full-width vc_clearfix\"><\/div><\/section><div class=\"vc_row-full-width vc_clearfix\"><\/div>","protected":false},"excerpt":{"rendered":"You're Almost Done! We\u2019ve just sent you an email with your account activation link.To complete your request and access your Navori Labs account, please open that email and click the confirmation link. *Didn\u2019t receive it yet? It may take a minute\u2014be sure to check your spam or junk folder just in case.","protected":false},"author":1,"featured_media":0,"parent":0,"menu_order":0,"comment_status":"closed","ping_status":"closed","template":"landing.php","meta":{"content-type":"","inline_featured_image":false,"footnotes":""},"class_list":["post-58642","page","type-page","status-publish","hentry"],"yoast_head":"<!-- This site is optimized with the Yoast SEO Premium plugin v27.6 (Yoast SEO v27.6) - https:\/\/yoast.com\/product\/yoast-seo-premium-wordpress\/ -->\n<title>Demo Request Submitted - Navori Labs<\/title>\n<meta name=\"description\" content=\"Thank you. Your demo request has been successfully submitted. Our team will reach out to you shortly.\" \/>\n<meta name=\"robots\" content=\"noindex, nofollow\" \/>\n<meta property=\"og:locale\" content=\"fr_FR\" \/>\n<meta property=\"og:type\" content=\"article\" \/>\n<meta property=\"og:title\" content=\"Demo Request Submitted\" \/>\n<meta property=\"og:description\" content=\"Thank you. Your demo request has been successfully submitted. Our team will reach out to you shortly.\" \/>\n<meta property=\"og:url\" content=\"https:\/\/navori.com\/fr\/thank-you\/\" \/>\n<meta property=\"og:site_name\" content=\"Navori Labs\" \/>\n<meta property=\"article:publisher\" content=\"https:\/\/www.facebook.com\/NavoriLabs\" \/>\n<meta property=\"article:modified_time\" content=\"2025-06-11T13:43:07+00:00\" \/>\n<meta name=\"twitter:card\" content=\"summary_large_image\" \/>\n<meta name=\"twitter:site\" content=\"@navori\" \/>\n<meta name=\"twitter:label1\" content=\"Dur\u00e9e de lecture estim\u00e9e\" \/>\n\t<meta name=\"twitter:data1\" content=\"1 minute\" \/>\n<script type=\"application\/ld+json\" class=\"yoast-schema-graph\">{\"@context\":\"https:\\\/\\\/schema.org\",\"@graph\":[{\"@type\":\"Article\",\"@id\":\"https:\\\/\\\/navori.com\\\/thank-you\\\/#article\",\"isPartOf\":{\"@id\":\"https:\\\/\\\/navori.com\\\/thank-you\\\/\"},\"author\":{\"name\":\"navoriwebman1\",\"@id\":\"https:\\\/\\\/navori.com\\\/#\\\/schema\\\/person\\\/3de28eca2f1bad61c026c3bfcbedc0d0\"},\"headline\":\"Demo Request Submitted\",\"datePublished\":\"2024-07-26T07:23:50+00:00\",\"dateModified\":\"2025-06-11T13:43:07+00:00\",\"mainEntityOfPage\":{\"@id\":\"https:\\\/\\\/navori.com\\\/thank-you\\\/\"},\"wordCount\":99,\"publisher\":{\"@id\":\"https:\\\/\\\/navori.com\\\/#organization\"},\"inLanguage\":\"fr-FR\"},{\"@type\":\"WebPage\",\"@id\":\"https:\\\/\\\/navori.com\\\/thank-you\\\/\",\"url\":\"https:\\\/\\\/navori.com\\\/thank-you\\\/\",\"name\":\"Demo Request Submitted - Navori Labs\",\"isPartOf\":{\"@id\":\"https:\\\/\\\/navori.com\\\/#website\"},\"datePublished\":\"2024-07-26T07:23:50+00:00\",\"dateModified\":\"2025-06-11T13:43:07+00:00\",\"description\":\"Thank you. Your demo request has been successfully submitted. Our team will reach out to you shortly.\",\"breadcrumb\":{\"@id\":\"https:\\\/\\\/navori.com\\\/thank-you\\\/#breadcrumb\"},\"inLanguage\":\"fr-FR\",\"potentialAction\":[{\"@type\":\"ReadAction\",\"target\":[\"https:\\\/\\\/navori.com\\\/thank-you\\\/\"]}]},{\"@type\":\"BreadcrumbList\",\"@id\":\"https:\\\/\\\/navori.com\\\/thank-you\\\/#breadcrumb\",\"itemListElement\":[{\"@type\":\"ListItem\",\"position\":1,\"name\":\"Home\",\"item\":\"https:\\\/\\\/navori.com\\\/\"},{\"@type\":\"ListItem\",\"position\":2,\"name\":\"Demo Request Submitted\"}]},{\"@type\":\"WebSite\",\"@id\":\"https:\\\/\\\/navori.com\\\/#website\",\"url\":\"https:\\\/\\\/navori.com\\\/\",\"name\":\"Navori Labs\",\"description\":\"\",\"publisher\":{\"@id\":\"https:\\\/\\\/navori.com\\\/#organization\"},\"potentialAction\":[{\"@type\":\"SearchAction\",\"target\":{\"@type\":\"EntryPoint\",\"urlTemplate\":\"https:\\\/\\\/navori.com\\\/?s={search_term_string}\"},\"query-input\":{\"@type\":\"PropertyValueSpecification\",\"valueRequired\":true,\"valueName\":\"search_term_string\"}}],\"inLanguage\":\"fr-FR\"},{\"@type\":\"Organization\",\"@id\":\"https:\\\/\\\/navori.com\\\/#organization\",\"name\":\"Navori Labs\",\"url\":\"https:\\\/\\\/navori.com\\\/\",\"logo\":{\"@type\":\"ImageObject\",\"inLanguage\":\"fr-FR\",\"@id\":\"https:\\\/\\\/navori.com\\\/#\\\/schema\\\/logo\\\/image\\\/\",\"url\":\"https:\\\/\\\/navori.com\\\/wp-content\\\/uploads\\\/2024\\\/04\\\/NAVORI-logo.svg\",\"contentUrl\":\"https:\\\/\\\/navori.com\\\/wp-content\\\/uploads\\\/2024\\\/04\\\/NAVORI-logo.svg\",\"width\":120,\"height\":19,\"caption\":\"Navori Labs\"},\"image\":{\"@id\":\"https:\\\/\\\/navori.com\\\/#\\\/schema\\\/logo\\\/image\\\/\"},\"sameAs\":[\"https:\\\/\\\/www.facebook.com\\\/NavoriLabs\",\"https:\\\/\\\/x.com\\\/navori\",\"https:\\\/\\\/www.instagram.com\\\/navorilabs\",\"https:\\\/\\\/www.linkedin.com\\\/company\\\/navori-sa\",\"https:\\\/\\\/www.youtube.com\\\/user\\\/NavoriQL\"]},{\"@type\":\"Person\",\"@id\":\"https:\\\/\\\/navori.com\\\/#\\\/schema\\\/person\\\/3de28eca2f1bad61c026c3bfcbedc0d0\",\"name\":\"navoriwebman1\",\"image\":{\"@type\":\"ImageObject\",\"inLanguage\":\"fr-FR\",\"@id\":\"https:\\\/\\\/secure.gravatar.com\\\/avatar\\\/7b547b91e1c1c1bbaf0c28a3b85ef79f28f971c49b2650159ba15d821147fcde?s=96&d=mm&r=g\",\"url\":\"https:\\\/\\\/secure.gravatar.com\\\/avatar\\\/7b547b91e1c1c1bbaf0c28a3b85ef79f28f971c49b2650159ba15d821147fcde?s=96&d=mm&r=g\",\"contentUrl\":\"https:\\\/\\\/secure.gravatar.com\\\/avatar\\\/7b547b91e1c1c1bbaf0c28a3b85ef79f28f971c49b2650159ba15d821147fcde?s=96&d=mm&r=g\",\"caption\":\"navoriwebman1\"},\"sameAs\":[\"https:\\\/\\\/navori.com\"],\"url\":\"https:\\\/\\\/navori.com\\\/fr\\\/author\\\/navoriwebman1\\\/\"}]}<\/script>\n<!-- \/ Yoast SEO Premium plugin. -->","yoast_head_json":{"title":"Demande de d\u00e9monstration soumise - Navori Labs","description":"Merci. Votre demande de d\u00e9monstration a \u00e9t\u00e9 soumise avec succ\u00e8s. Notre \u00e9quipe vous contactera sous peu.","robots":{"index":"noindex","follow":"nofollow"},"og_locale":"fr_FR","og_type":"article","og_title":"Demo Request Submitted","og_description":"Thank you. Your demo request has been successfully submitted. Our team will reach out to you shortly.","og_url":"https:\/\/navori.com\/fr\/thank-you\/","og_site_name":"Navori Labs","article_publisher":"https:\/\/www.facebook.com\/NavoriLabs","article_modified_time":"2025-06-11T13:43:07+00:00","twitter_card":"summary_large_image","twitter_site":"@navori","twitter_misc":{"Dur\u00e9e de lecture estim\u00e9e":"1 minute"},"schema":{"@context":"https:\/\/schema.org","@graph":[{"@type":"Article","@id":"https:\/\/navori.com\/thank-you\/#article","isPartOf":{"@id":"https:\/\/navori.com\/thank-you\/"},"author":{"name":"navoriwebman1","@id":"https:\/\/navori.com\/#\/schema\/person\/3de28eca2f1bad61c026c3bfcbedc0d0"},"headline":"Demo Request Submitted","datePublished":"2024-07-26T07:23:50+00:00","dateModified":"2025-06-11T13:43:07+00:00","mainEntityOfPage":{"@id":"https:\/\/navori.com\/thank-you\/"},"wordCount":99,"publisher":{"@id":"https:\/\/navori.com\/#organization"},"inLanguage":"fr-FR"},{"@type":"WebPage","@id":"https:\/\/navori.com\/thank-you\/","url":"https:\/\/navori.com\/thank-you\/","name":"Demande de d\u00e9monstration soumise - Navori Labs","isPartOf":{"@id":"https:\/\/navori.com\/#website"},"datePublished":"2024-07-26T07:23:50+00:00","dateModified":"2025-06-11T13:43:07+00:00","description":"Merci. Votre demande de d\u00e9monstration a \u00e9t\u00e9 soumise avec succ\u00e8s. Notre \u00e9quipe vous contactera sous peu.","breadcrumb":{"@id":"https:\/\/navori.com\/thank-you\/#breadcrumb"},"inLanguage":"fr-FR","potentialAction":[{"@type":"ReadAction","target":["https:\/\/navori.com\/thank-you\/"]}]},{"@type":"BreadcrumbList","@id":"https:\/\/navori.com\/thank-you\/#breadcrumb","itemListElement":[{"@type":"ListItem","position":1,"name":"Home","item":"https:\/\/navori.com\/"},{"@type":"ListItem","position":2,"name":"Demo Request Submitted"}]},{"@type":"WebSite","@id":"https:\/\/navori.com\/#website","url":"https:\/\/navori.com\/","name":"Navori Labs","description":"","publisher":{"@id":"https:\/\/navori.com\/#organization"},"potentialAction":[{"@type":"SearchAction","target":{"@type":"EntryPoint","urlTemplate":"https:\/\/navori.com\/?s={search_term_string}"},"query-input":{"@type":"PropertyValueSpecification","valueRequired":true,"valueName":"search_term_string"}}],"inLanguage":"fr-FR"},{"@type":"Organization","@id":"https:\/\/navori.com\/#organization","name":"Navori Labs","url":"https:\/\/navori.com\/","logo":{"@type":"ImageObject","inLanguage":"fr-FR","@id":"https:\/\/navori.com\/#\/schema\/logo\/image\/","url":"https:\/\/navori.com\/wp-content\/uploads\/2024\/04\/NAVORI-logo.svg","contentUrl":"https:\/\/navori.com\/wp-content\/uploads\/2024\/04\/NAVORI-logo.svg","width":120,"height":19,"caption":"Navori Labs"},"image":{"@id":"https:\/\/navori.com\/#\/schema\/logo\/image\/"},"sameAs":["https:\/\/www.facebook.com\/NavoriLabs","https:\/\/x.com\/navori","https:\/\/www.instagram.com\/navorilabs","https:\/\/www.linkedin.com\/company\/navori-sa","https:\/\/www.youtube.com\/user\/NavoriQL"]},{"@type":"Person","@id":"https:\/\/navori.com\/#\/schema\/person\/3de28eca2f1bad61c026c3bfcbedc0d0","name":"navoriwebman1","image":{"@type":"ImageObject","inLanguage":"fr-FR","@id":"https:\/\/secure.gravatar.com\/avatar\/7b547b91e1c1c1bbaf0c28a3b85ef79f28f971c49b2650159ba15d821147fcde?s=96&d=mm&r=g","url":"https:\/\/secure.gravatar.com\/avatar\/7b547b91e1c1c1bbaf0c28a3b85ef79f28f971c49b2650159ba15d821147fcde?s=96&d=mm&r=g","contentUrl":"https:\/\/secure.gravatar.com\/avatar\/7b547b91e1c1c1bbaf0c28a3b85ef79f28f971c49b2650159ba15d821147fcde?s=96&d=mm&r=g","caption":"navoriwebman1"},"sameAs":["https:\/\/navori.com"],"url":"https:\/\/navori.com\/fr\/author\/navoriwebman1\/"}]}},"_links":{"self":[{"href":"https:\/\/navori.com\/fr\/wp-json\/wp\/v2\/pages\/58642","targetHints":{"allow":["GET"]}}],"collection":[{"href":"https:\/\/navori.com\/fr\/wp-json\/wp\/v2\/pages"}],"about":[{"href":"https:\/\/navori.com\/fr\/wp-json\/wp\/v2\/types\/page"}],"author":[{"embeddable":true,"href":"https:\/\/navori.com\/fr\/wp-json\/wp\/v2\/users\/1"}],"replies":[{"embeddable":true,"href":"https:\/\/navori.com\/fr\/wp-json\/wp\/v2\/comments?post=58642"}],"version-history":[{"count":0,"href":"https:\/\/navori.com\/fr\/wp-json\/wp\/v2\/pages\/58642\/revisions"}],"wp:attachment":[{"href":"https:\/\/navori.com\/fr\/wp-json\/wp\/v2\/media?parent=58642"}],"curies":[{"name":"wp","href":"https:\/\/api.w.org\/{rel}","templated":true}]}}