{"id":46907,"date":"2023-11-20T18:36:07","date_gmt":"2023-11-20T18:36:07","guid":{"rendered":"https:\/\/staging2.navori.com\/?page_id=46907"},"modified":"2024-05-01T13:31:53","modified_gmt":"2024-05-01T13:31:53","slug":"supermarket","status":"publish","type":"page","link":"https:\/\/navori.com\/fr\/supermarket\/","title":{"rendered":"Les supermarch\u00e9s mon\u00e9tisent leur espace avec les m\u00e9dias de d\u00e9tail"},"content":{"rendered":"<section class=\"vc_section\"><div class=\"vc_row wpb_row vc_row-fluid\"><div class=\"wpb_column vc_column_container vc_col-sm-12\"><div class=\"vc_column-inner\"><div class=\"wpb_wrapper\">\n\t<div class=\"wpb_text_column wpb_content_element\" >\n\t\t<div class=\"wpb_wrapper\">\n\t\t\t<p>Les \u00e9piceries sont des lieux tr\u00e8s fr\u00e9quent\u00e9s o\u00f9 la communication et l'ambiance sont importantes. Dans ces magasins, les enseignes num\u00e9riques ne servent pas uniquement \u00e0 faire de la publicit\u00e9 ; elles am\u00e9liorent l'exp\u00e9rience d'achat en donnant des informations utiles et en rendant le magasin accueillant.<\/p>\n<p>Dans l'environnement des \u00e9piceries, les solutions de Navori vont au-del\u00e0 de la simple gestion de l'affichage num\u00e9rique. Elles permettent aux d\u00e9taillants de cr\u00e9er un contenu toujours pertinent, engageant et personnalis\u00e9 pour r\u00e9pondre aux besoins et aux pr\u00e9f\u00e9rences de leurs clients. En int\u00e9grant la technologie \u00e0 l'exp\u00e9rience de magasinage, les logiciels Navori transforment les \u00e9piceries en espaces dynamiques, am\u00e9liorant ainsi la satisfaction g\u00e9n\u00e9rale.<\/p>\n\n\t\t<\/div>\n\t<\/div>\n\n\t<div class=\"wpb_text_column wpb_content_element\" >\n\t\t<div class=\"wpb_wrapper\">\n\t\t\t<h2>Identifier les besoins et les pi\u00e8ges<\/h2>\n<p>Les supermarch\u00e9s doivent r\u00e9pondre \u00e0 la demande des consommateurs qui sont \u00e0 l'aff\u00fbt des nouvelles technologies et qui veulent vivre des exp\u00e9riences plus engageantes. L'affichage dynamique est la solution pour transformer les magasins et r\u00e9pondre \u00e0 ces attentes modernes.<\/p>\n<p>Traditionnellement, les supermarch\u00e9s utilisent des affichages statiques et doivent relever le d\u00e9fi de la mise \u00e0 jour de leur contenu. Il en r\u00e9sulte souvent des informations obsol\u00e8tes et des promotions qui ne suscitent pas l'int\u00e9r\u00eat des consommateurs.<\/p>\n<p><a href=\"\/fr\/\">Affichage dynamique<\/a> change la donne. Il s'agit d'une plateforme dynamique qui s'adapte rapidement \u00e0 l'\u00e9volution des besoins promotionnels et des comportements des consommateurs. Les supermarch\u00e9s peuvent facilement mettre \u00e0 jour leurs pr\u00e9sentoirs avec des informations actuelles et pertinentes, cr\u00e9ant ainsi une exp\u00e9rience d'achat plus attrayante.<\/p>\n<p>Gr\u00e2ce \u00e0 l'affichage dynamique, les supermarch\u00e9s peuvent fournir des mises \u00e0 jour en temps r\u00e9el et adapter leurs messages \u00e0 des groupes de clients sp\u00e9cifiques ou aux tendances du march\u00e9. Qu'il s'agisse de pr\u00e9senter de nouveaux produits, d'offrir des recommandations personnalis\u00e9es ou de mettre en avant des offres \u00e0 dur\u00e9e limit\u00e9e, l'affichage dynamique aide les magasins \u00e0 se rapprocher de leurs clients d'une mani\u00e8re que l'affichage statique ne permet pas.<\/p>\n\n\t\t<\/div>\n\t<\/div>\n\n\t<div  class=\"wpb_single_image wpb_content_element vc_align_left\">\n\t\t\n\t\t<figure class=\"wpb_wrapper vc_figure\">\n\t\t\t<div class=\"vc_single_image-wrapper   vc_box_border_grey\"><img loading=\"lazy\" decoding=\"async\" width=\"900\" height=\"419\" src=\"https:\/\/navori.com\/wp-content\/uploads\/2023\/04\/Supermarket-Mercator-Cash-Out-Digital-Signs-Monassa-Kenya.jpg\" class=\"vc_single_image-img attachment-full\" alt=\"Enseignes num\u00e9riques pour encaissement de supermarch\u00e9s-Monassa-Kenya\" title=\"Enseignes num\u00e9riques pour encaissement de supermarch\u00e9s-Monassa-Kenya\" srcset=\"https:\/\/navori.com\/wp-content\/uploads\/2023\/04\/Supermarket-Mercator-Cash-Out-Digital-Signs-Monassa-Kenya.jpg 900w, https:\/\/navori.com\/wp-content\/uploads\/2023\/04\/Supermarket-Mercator-Cash-Out-Digital-Signs-Monassa-Kenya-300x140.jpg 300w, https:\/\/navori.com\/wp-content\/uploads\/2023\/04\/Supermarket-Mercator-Cash-Out-Digital-Signs-Monassa-Kenya-768x358.jpg 768w\" sizes=\"auto, (max-width: 900px) 100vw, 900px\" \/><\/div>\n\t\t<\/figure>\n\t<\/div>\n\n\t<div class=\"wpb_text_column wpb_content_element\" >\n\t\t<div class=\"wpb_wrapper\">\n\t\t\t<h2>Pourquoi adopter la r\u00e9volution des \u00e9crans num\u00e9riques dans les supermarch\u00e9s ?<\/h2>\n<p><strong><em>R\u00e9volutionnez vos magasins avec Digital Everywhere<\/em><\/strong><br \/>\nL'affichage dynamique apporte de l'\u00e9nergie \u00e0 vos espaces physiques, en cr\u00e9ant des environnements interactifs et dynamiques qui offrent une exp\u00e9rience d'achat moderne adapt\u00e9e aux consommateurs f\u00e9rus de technologie. L'utilisation d'\u00e9crans num\u00e9riques dans l'ensemble de votre magasin vous permet de cr\u00e9er une atmosph\u00e8re coh\u00e9rente et attrayante.<\/p>\n<p><strong><em>Mon\u00e9tisez vos r\u00e9seaux avec des campagnes publicitaires payantes<\/em><\/strong><br \/>\nD\u00e9couvrez de nouvelles fa\u00e7ons de gagner de l'argent en utilisant votre r\u00e9seau d'affichage num\u00e9rique pour des campagnes publicitaires payantes. Collaborez avec des marques partenaires pour pr\u00e9senter leurs produits, cr\u00e9ant ainsi une situation gagnant-gagnant pour les deux parties.<\/p>\n<p><strong><em>Promouvoir les articles en surstock et les promotions en cours<\/em><\/strong><br \/>\nUtilisez les \u00e9crans de signalisation num\u00e9rique pour attirer l'attention sur les articles dont vous disposez en trop grande quantit\u00e9 et pour afficher les promotions du jour en temps r\u00e9el. Cette approche active des promotions suscite l'int\u00e9r\u00eat des clients et stimule les ventes de produits sp\u00e9cifiques.<\/p>\n<p><strong><em>Int\u00e9gration avec les syst\u00e8mes de point de vente et autres syst\u00e8mes d'entreprise<\/em><\/strong><br \/>\nReliez sans effort l'affichage dynamique \u00e0 votre point de vente et \u00e0 d'autres syst\u00e8mes commerciaux afin d'am\u00e9liorer vos op\u00e9rations. Vos messages sont ainsi coh\u00e9rents et synchronis\u00e9s entre tous les points d'interaction, ce qui am\u00e9liore l'exp\u00e9rience globale d'achat.<\/p>\n<p><strong><em>Centraliser la gestion du contenu et de l'affichage pour tous les magasins<\/em><\/strong><br \/>\nG\u00e9rez et distribuez efficacement le contenu \u00e0 travers plusieurs emplacements gr\u00e2ce \u00e0 un contr\u00f4le centralis\u00e9. Le logiciel Navori vous permet de maintenir une image de marque coh\u00e9rente tout en personnalisant les messages en fonction des caract\u00e9ristiques d\u00e9mographiques des magasins.<\/p>\n\n\t\t<\/div>\n\t<\/div>\n\n\t<div class=\"wpb_text_column wpb_content_element\" >\n\t\t<div class=\"wpb_wrapper\">\n\t\t\t<blockquote><p>\n\u00a0L'implantation de l'affichage num\u00e9rique de Navori a chang\u00e9 la donne pour nous. Les affichages dynamiques ont non seulement apport\u00e9 de la vitalit\u00e9 \u00e0 notre magasin, mais se sont \u00e9galement av\u00e9r\u00e9s \u00eatre un outil efficace pour promouvoir les sp\u00e9ciaux quotidiens et les nouveaux produits.<\/p>\n<div>- Alice Lemko, conceptrice num\u00e9rique<\/div>\n<\/blockquote>\n\n\t\t<\/div>\n\t<\/div>\n\n\t<div  class=\"wpb_single_image wpb_content_element vc_align_left\">\n\t\t\n\t\t<figure class=\"wpb_wrapper vc_figure\">\n\t\t\t<div class=\"vc_single_image-wrapper   vc_box_border_grey\"><img loading=\"lazy\" decoding=\"async\" width=\"900\" height=\"709\" src=\"https:\/\/navori.com\/wp-content\/uploads\/2023\/01\/Supermarket-Video-Wall-Western-Mall-Nairobi-Kenya.jpg\" class=\"vc_single_image-img attachment-full\" alt=\"Supermarch\u00e9 - Mur vid\u00e9o - Mur occidental - Petit - Nairobi-Kenya\" title=\"Supermarch\u00e9 - Mur vid\u00e9o - Mur occidental - Petit - Nairobi-Kenya\" srcset=\"https:\/\/navori.com\/wp-content\/uploads\/2023\/01\/Supermarket-Video-Wall-Western-Mall-Nairobi-Kenya.jpg 900w, https:\/\/navori.com\/wp-content\/uploads\/2023\/01\/Supermarket-Video-Wall-Western-Mall-Nairobi-Kenya-300x236.jpg 300w, https:\/\/navori.com\/wp-content\/uploads\/2023\/01\/Supermarket-Video-Wall-Western-Mall-Nairobi-Kenya-768x605.jpg 768w\" sizes=\"auto, (max-width: 900px) 100vw, 900px\" \/><\/div>\n\t\t<\/figure>\n\t<\/div>\n\n\t<div class=\"wpb_text_column wpb_content_element  check-list\" >\n\t\t<div class=\"wpb_wrapper\">\n\t\t\t<h2>Cas d'utilisation r\u00e9els<\/h2>\n<p><strong><em>\u00c9crans d'extr\u00e9mit\u00e9 et d'\u00e9tag\u00e8re num\u00e9rique<\/em><\/strong><br \/>\nAttirez l'attention des acheteurs aux points de d\u00e9cision importants gr\u00e2ce \u00e0 des pr\u00e9sentoirs de fin de rayon et des pr\u00e9sentoirs num\u00e9riques bien plac\u00e9s. Ces affichages persuadent les acheteurs et font ressortir vos produits.<\/p>\n<p><strong><em>Vendre de l'espace publicitaire \u00e0 des marques partenaires<\/em><\/strong><br \/>\nAugmentez vos revenus en offrant des espaces publicitaires aux marques partenaires. Le logiciel Navori simplifie la collaboration et cr\u00e9e des opportunit\u00e9s de partenariats strat\u00e9giques avec les marques.<\/p>\n<p><strong><em>R\u00e9duire les temps d'attente per\u00e7us gr\u00e2ce aux \u00e9crans d'affichage en caisse<\/em><\/strong><br \/>\nRendez l'attente \u00e0 la caisse plus agr\u00e9able en r\u00e9duisant le temps d'attente. Maintenez l'int\u00e9r\u00eat des clients en modifiant le contenu des affichages en ligne, afin d'am\u00e9liorer l'exp\u00e9rience globale d'achat.<\/p>\n<p><strong><em>Collecter des donn\u00e9es analytiques sur les acheteurs pour am\u00e9liorer les pratiques commerciales<\/em><\/strong><br \/>\nUtiliser l'analyse avanc\u00e9e des donn\u00e9es pour mieux comprendre le comportement des consommateurs. En collectant et en \u00e9tudiant les donn\u00e9es, les supermarch\u00e9s peuvent prendre des d\u00e9cisions \u00e9clair\u00e9es, mieux am\u00e9nager les espaces et am\u00e9liorer leurs m\u00e9thodes de travail.<\/p>\n<p><strong><em>Contr\u00f4ler les \u00e9crans et le contenu \u00e0 l'aide d'un smartphone<\/em><\/strong><br \/>\nDonnez aux g\u00e9rants de magasins la possibilit\u00e9 de prendre le contr\u00f4le facilement \u00e0 l'aide de leurs smartphones. Ils peuvent rapidement modifier le contenu, planifier des promotions et surveiller les affichages \u00e0 distance, ce qui rend les op\u00e9rations plus efficaces.<\/p>\n\n\t\t<\/div>\n\t<\/div>\n\n\t<div class=\"wpb_text_column wpb_content_element  check-list\" >\n\t\t<div class=\"wpb_wrapper\">\n\t\t\t<h2><section id=\"custom_html-3\"><div class=\"textwidget custom-html-widget\"><div class=\"request-widget lozad\" data-background-image=\"https:\/\/staging2.navori.com\/wp-content\/uploads\/2023\/12\/red-graident-cta-bg-scaled.webp\">\r\n\t<div>\r\n\t<div style=\"font-weight: bold; font-size: 24px;\">R\u00e9servez une d\u00e9mo et d\u00e9couvrez la puissance du logiciel d\u2019affichage dynamique de Navori ! <\/div>\r\n\t<\/div>\r\n\t<div class=\"form\">\r\n\t\t<div class=\"btn\">\r\n\t\t\t<a href=\"\/fr\/contact\/\" id=\"CTA-Request-Demo\">Commencer <\/a>\r\n\t\t<\/div>\r\n\t<\/div>\r\n<\/div><\/div><\/section><\/h2>\n\n\t\t<\/div>\n\t<\/div>\n\n\t<div class=\"wpb_text_column wpb_content_element  check-list\" >\n\t\t<div class=\"wpb_wrapper\">\n\t\t\t<h2>En conclusion<\/h2>\n<p>En bref, les solutions d'affichage dynamique de Navori offrent aux supermarch\u00e9s un outil puissant pour r\u00e9pondre aux demandes des clients et am\u00e9liorer la communication. Lorsque les supermarch\u00e9s utilisent les options num\u00e9riques, ils peuvent mettre \u00e0 jour leurs magasins, promouvoir efficacement les produits, se connecter facilement aux syst\u00e8mes existants, tout contr\u00f4ler \u00e0 partir d'un seul endroit et m\u00eame gagner de l'argent gr\u00e2ce \u00e0 la publicit\u00e9.<\/p>\n<p>Des exemples concrets d\u00e9montrent comment les solutions Navori peuvent rendre les supermarch\u00e9s plus dynamiques et plus conviviaux. Am\u00e9liorez l'exp\u00e9rience de votre supermarch\u00e9 avec la technologie avanc\u00e9e d'affichage num\u00e9rique de Navori.<\/p>\n\n\t\t<\/div>\n\t<\/div>\n<\/div><\/div><\/div><\/div><\/section>","protected":false},"excerpt":{"rendered":"Grocery stores are busy places where communication and the atmosphere are important. Digital signs in these stores are not just for ads; they make the shopping experience better by giving useful info and making the store feel welcoming. In the grocery store environment, Navori's solutions go beyond mere digital signage management. They empower retailers to [...]","protected":false},"author":1,"featured_media":54899,"parent":0,"menu_order":5,"comment_status":"closed","ping_status":"closed","template":"industry.php","meta":{"content-type":"","inline_featured_image":false,"footnotes":""},"class_list":["post-46907","page","type-page","status-publish","hentry","page_category-industries"],"yoast_head":"<!-- This site is optimized with the Yoast SEO Premium plugin v27.2 (Yoast SEO v27.2) - https:\/\/yoast.com\/product\/yoast-seo-premium-wordpress\/ -->\n<title>Supermarkets Run Media Networks Showing Ads To Audiences<\/title>\n<meta name=\"description\" content=\"The uniqueness of retail media in supermarkets and groceries lies displaying ads where customers have come to make purchases\" \/>\n<meta name=\"robots\" content=\"index, follow, max-snippet:-1, max-image-preview:large, max-video-preview:-1\" \/>\n<link rel=\"canonical\" href=\"https:\/\/navori.com\/fr\/supermarket\/\" \/>\n<meta property=\"og:locale\" content=\"fr_FR\" \/>\n<meta property=\"og:type\" content=\"article\" \/>\n<meta property=\"og:title\" content=\"Supermarkets Monetize Their Space With Retail Media\" \/>\n<meta property=\"og:description\" content=\"The uniqueness of retail media in supermarkets and groceries lies displaying ads where customers have come to make purchases\" \/>\n<meta property=\"og:url\" content=\"https:\/\/navori.com\/fr\/supermarket\/\" \/>\n<meta property=\"og:site_name\" content=\"Navori Labs\" \/>\n<meta property=\"article:publisher\" content=\"https:\/\/www.facebook.com\/NavoriLabs\" \/>\n<meta property=\"article:modified_time\" content=\"2024-05-01T13:31:53+00:00\" \/>\n<meta property=\"og:image\" content=\"https:\/\/navori.com\/wp-content\/uploads\/2023\/11\/TOTEM.webp\" \/>\n\t<meta property=\"og:image:width\" content=\"940\" \/>\n\t<meta property=\"og:image:height\" content=\"627\" \/>\n\t<meta property=\"og:image:type\" content=\"image\/webp\" \/>\n<meta name=\"twitter:card\" content=\"summary_large_image\" \/>\n<meta name=\"twitter:site\" content=\"@navori\" \/>\n<meta name=\"twitter:label1\" content=\"Dur\u00e9e de lecture estim\u00e9e\" \/>\n\t<meta name=\"twitter:data1\" content=\"4 minutes\" \/>\n<script type=\"application\/ld+json\" class=\"yoast-schema-graph\">{\"@context\":\"https:\/\/schema.org\",\"@graph\":[{\"@type\":\"Article\",\"@id\":\"https:\/\/navori.com\/fr\/supermarket\/#article\",\"isPartOf\":{\"@id\":\"https:\/\/navori.com\/fr\/supermarket\/\"},\"author\":{\"name\":\"navoriwebman1\",\"@id\":\"https:\/\/navori.com\/#\/schema\/person\/3de28eca2f1bad61c026c3bfcbedc0d0\"},\"headline\":\"Supermarkets Monetize Their Space With Retail Media\",\"datePublished\":\"2023-11-20T18:36:07+00:00\",\"dateModified\":\"2024-05-01T13:31:53+00:00\",\"mainEntityOfPage\":{\"@id\":\"https:\/\/navori.com\/fr\/supermarket\/\"},\"wordCount\":824,\"publisher\":{\"@id\":\"https:\/\/navori.com\/#organization\"},\"image\":{\"@id\":\"https:\/\/navori.com\/fr\/supermarket\/#primaryimage\"},\"thumbnailUrl\":\"https:\/\/navori.com\/wp-content\/uploads\/2023\/11\/TOTEM.webp\",\"inLanguage\":\"fr-FR\"},{\"@type\":\"WebPage\",\"@id\":\"https:\/\/navori.com\/fr\/supermarket\/\",\"url\":\"https:\/\/navori.com\/fr\/supermarket\/\",\"name\":\"Supermarkets Run Media Networks Showing Ads To Audiences\",\"isPartOf\":{\"@id\":\"https:\/\/navori.com\/#website\"},\"primaryImageOfPage\":{\"@id\":\"https:\/\/navori.com\/fr\/supermarket\/#primaryimage\"},\"image\":{\"@id\":\"https:\/\/navori.com\/fr\/supermarket\/#primaryimage\"},\"thumbnailUrl\":\"https:\/\/navori.com\/wp-content\/uploads\/2023\/11\/TOTEM.webp\",\"datePublished\":\"2023-11-20T18:36:07+00:00\",\"dateModified\":\"2024-05-01T13:31:53+00:00\",\"description\":\"The uniqueness of retail media in supermarkets and groceries lies displaying ads where customers have come to make purchases\",\"breadcrumb\":{\"@id\":\"https:\/\/navori.com\/fr\/supermarket\/#breadcrumb\"},\"inLanguage\":\"fr-FR\",\"potentialAction\":[{\"@type\":\"ReadAction\",\"target\":[\"https:\/\/navori.com\/fr\/supermarket\/\"]}],\"relatedLink\":[\"\/app\/advertising\/\",\"\/advertising\/\",\"\/dooh-programmatic\/\",\"\/blog\/digital-displays-advertising\/\"]},{\"@type\":\"ImageObject\",\"inLanguage\":\"fr-FR\",\"@id\":\"https:\/\/navori.com\/fr\/supermarket\/#primaryimage\",\"url\":\"https:\/\/navori.com\/wp-content\/uploads\/2023\/11\/TOTEM.webp\",\"contentUrl\":\"https:\/\/navori.com\/wp-content\/uploads\/2023\/11\/TOTEM.webp\",\"width\":940,\"height\":627,\"caption\":\"TOTEM\"},{\"@type\":\"BreadcrumbList\",\"@id\":\"https:\/\/navori.com\/fr\/supermarket\/#breadcrumb\",\"itemListElement\":[{\"@type\":\"ListItem\",\"position\":1,\"name\":\"Home\",\"item\":\"https:\/\/navori.com\/\"},{\"@type\":\"ListItem\",\"position\":2,\"name\":\"Supermarkets Monetize Their Space With Retail Media\"}]},{\"@type\":\"WebSite\",\"@id\":\"https:\/\/navori.com\/#website\",\"url\":\"https:\/\/navori.com\/\",\"name\":\"Navori Labs\",\"description\":\"\",\"publisher\":{\"@id\":\"https:\/\/navori.com\/#organization\"},\"potentialAction\":[{\"@type\":\"SearchAction\",\"target\":{\"@type\":\"EntryPoint\",\"urlTemplate\":\"https:\/\/navori.com\/?s={search_term_string}\"},\"query-input\":{\"@type\":\"PropertyValueSpecification\",\"valueRequired\":true,\"valueName\":\"search_term_string\"}}],\"inLanguage\":\"fr-FR\"},{\"@type\":\"Organization\",\"@id\":\"https:\/\/navori.com\/#organization\",\"name\":\"Navori Labs\",\"url\":\"https:\/\/navori.com\/\",\"logo\":{\"@type\":\"ImageObject\",\"inLanguage\":\"fr-FR\",\"@id\":\"https:\/\/navori.com\/#\/schema\/logo\/image\/\",\"url\":\"https:\/\/navori.com\/wp-content\/uploads\/2024\/04\/NAVORI-logo.svg\",\"contentUrl\":\"https:\/\/navori.com\/wp-content\/uploads\/2024\/04\/NAVORI-logo.svg\",\"width\":120,\"height\":19,\"caption\":\"Navori Labs\"},\"image\":{\"@id\":\"https:\/\/navori.com\/#\/schema\/logo\/image\/\"},\"sameAs\":[\"https:\/\/www.facebook.com\/NavoriLabs\",\"https:\/\/x.com\/navori\",\"https:\/\/www.instagram.com\/navorilabs\",\"https:\/\/www.linkedin.com\/company\/navori-sa\",\"https:\/\/www.youtube.com\/user\/NavoriQL\"]},{\"@type\":\"Person\",\"@id\":\"https:\/\/navori.com\/#\/schema\/person\/3de28eca2f1bad61c026c3bfcbedc0d0\",\"name\":\"navoriwebman1\",\"image\":{\"@type\":\"ImageObject\",\"inLanguage\":\"fr-FR\",\"@id\":\"https:\/\/secure.gravatar.com\/avatar\/7b547b91e1c1c1bbaf0c28a3b85ef79f28f971c49b2650159ba15d821147fcde?s=96&d=mm&r=g\",\"url\":\"https:\/\/secure.gravatar.com\/avatar\/7b547b91e1c1c1bbaf0c28a3b85ef79f28f971c49b2650159ba15d821147fcde?s=96&d=mm&r=g\",\"contentUrl\":\"https:\/\/secure.gravatar.com\/avatar\/7b547b91e1c1c1bbaf0c28a3b85ef79f28f971c49b2650159ba15d821147fcde?s=96&d=mm&r=g\",\"caption\":\"navoriwebman1\"},\"sameAs\":[\"https:\/\/navori.com\"],\"url\":\"https:\/\/navori.com\/fr\/author\/navoriwebman1\/\"}]}<\/script>\n<!-- \/ Yoast SEO Premium plugin. -->","yoast_head_json":{"title":"Les supermarch\u00e9s g\u00e8rent des r\u00e9seaux de m\u00e9dias qui diffusent des publicit\u00e9s aupr\u00e8s de leur public","description":"La sp\u00e9cificit\u00e9 des m\u00e9dias de d\u00e9tail dans les supermarch\u00e9s et les \u00e9piceries r\u00e9side dans l'affichage de publicit\u00e9s l\u00e0 o\u00f9 les clients sont venus faire leurs achats.","robots":{"index":"index","follow":"follow","max-snippet":"max-snippet:-1","max-image-preview":"max-image-preview:large","max-video-preview":"max-video-preview:-1"},"canonical":"https:\/\/navori.com\/fr\/supermarket\/","og_locale":"fr_FR","og_type":"article","og_title":"Supermarkets Monetize Their Space With Retail Media","og_description":"The uniqueness of retail media in supermarkets and groceries lies displaying ads where customers have come to make purchases","og_url":"https:\/\/navori.com\/fr\/supermarket\/","og_site_name":"Navori Labs","article_publisher":"https:\/\/www.facebook.com\/NavoriLabs","article_modified_time":"2024-05-01T13:31:53+00:00","og_image":[{"width":940,"height":627,"url":"https:\/\/navori.com\/wp-content\/uploads\/2023\/11\/TOTEM.webp","type":"image\/webp"}],"twitter_card":"summary_large_image","twitter_site":"@navori","twitter_misc":{"Dur\u00e9e de lecture estim\u00e9e":"4 minutes"},"schema":{"@context":"https:\/\/schema.org","@graph":[{"@type":"Article","@id":"https:\/\/navori.com\/fr\/supermarket\/#article","isPartOf":{"@id":"https:\/\/navori.com\/fr\/supermarket\/"},"author":{"name":"navoriwebman1","@id":"https:\/\/navori.com\/#\/schema\/person\/3de28eca2f1bad61c026c3bfcbedc0d0"},"headline":"Supermarkets Monetize Their Space With Retail Media","datePublished":"2023-11-20T18:36:07+00:00","dateModified":"2024-05-01T13:31:53+00:00","mainEntityOfPage":{"@id":"https:\/\/navori.com\/fr\/supermarket\/"},"wordCount":824,"publisher":{"@id":"https:\/\/navori.com\/#organization"},"image":{"@id":"https:\/\/navori.com\/fr\/supermarket\/#primaryimage"},"thumbnailUrl":"https:\/\/navori.com\/wp-content\/uploads\/2023\/11\/TOTEM.webp","inLanguage":"fr-FR"},{"@type":"WebPage","@id":"https:\/\/navori.com\/fr\/supermarket\/","url":"https:\/\/navori.com\/fr\/supermarket\/","name":"Les supermarch\u00e9s g\u00e8rent des r\u00e9seaux de m\u00e9dias qui diffusent des publicit\u00e9s aupr\u00e8s de leur public","isPartOf":{"@id":"https:\/\/navori.com\/#website"},"primaryImageOfPage":{"@id":"https:\/\/navori.com\/fr\/supermarket\/#primaryimage"},"image":{"@id":"https:\/\/navori.com\/fr\/supermarket\/#primaryimage"},"thumbnailUrl":"https:\/\/navori.com\/wp-content\/uploads\/2023\/11\/TOTEM.webp","datePublished":"2023-11-20T18:36:07+00:00","dateModified":"2024-05-01T13:31:53+00:00","description":"La sp\u00e9cificit\u00e9 des m\u00e9dias de d\u00e9tail dans les supermarch\u00e9s et les \u00e9piceries r\u00e9side dans l'affichage de publicit\u00e9s l\u00e0 o\u00f9 les clients sont venus faire leurs achats.","breadcrumb":{"@id":"https:\/\/navori.com\/fr\/supermarket\/#breadcrumb"},"inLanguage":"fr-FR","potentialAction":[{"@type":"ReadAction","target":["https:\/\/navori.com\/fr\/supermarket\/"]}],"relatedLink":["\/app\/advertising\/","\/advertising\/","\/dooh-programmatic\/","\/blog\/digital-displays-advertising\/"]},{"@type":"ImageObject","inLanguage":"fr-FR","@id":"https:\/\/navori.com\/fr\/supermarket\/#primaryimage","url":"https:\/\/navori.com\/wp-content\/uploads\/2023\/11\/TOTEM.webp","contentUrl":"https:\/\/navori.com\/wp-content\/uploads\/2023\/11\/TOTEM.webp","width":940,"height":627,"caption":"TOTEM"},{"@type":"BreadcrumbList","@id":"https:\/\/navori.com\/fr\/supermarket\/#breadcrumb","itemListElement":[{"@type":"ListItem","position":1,"name":"Home","item":"https:\/\/navori.com\/"},{"@type":"ListItem","position":2,"name":"Supermarkets Monetize Their Space With Retail Media"}]},{"@type":"WebSite","@id":"https:\/\/navori.com\/#website","url":"https:\/\/navori.com\/","name":"Navori Labs","description":"","publisher":{"@id":"https:\/\/navori.com\/#organization"},"potentialAction":[{"@type":"SearchAction","target":{"@type":"EntryPoint","urlTemplate":"https:\/\/navori.com\/?s={search_term_string}"},"query-input":{"@type":"PropertyValueSpecification","valueRequired":true,"valueName":"search_term_string"}}],"inLanguage":"fr-FR"},{"@type":"Organization","@id":"https:\/\/navori.com\/#organization","name":"Navori Labs","url":"https:\/\/navori.com\/","logo":{"@type":"ImageObject","inLanguage":"fr-FR","@id":"https:\/\/navori.com\/#\/schema\/logo\/image\/","url":"https:\/\/navori.com\/wp-content\/uploads\/2024\/04\/NAVORI-logo.svg","contentUrl":"https:\/\/navori.com\/wp-content\/uploads\/2024\/04\/NAVORI-logo.svg","width":120,"height":19,"caption":"Navori Labs"},"image":{"@id":"https:\/\/navori.com\/#\/schema\/logo\/image\/"},"sameAs":["https:\/\/www.facebook.com\/NavoriLabs","https:\/\/x.com\/navori","https:\/\/www.instagram.com\/navorilabs","https:\/\/www.linkedin.com\/company\/navori-sa","https:\/\/www.youtube.com\/user\/NavoriQL"]},{"@type":"Person","@id":"https:\/\/navori.com\/#\/schema\/person\/3de28eca2f1bad61c026c3bfcbedc0d0","name":"navoriwebman1","image":{"@type":"ImageObject","inLanguage":"fr-FR","@id":"https:\/\/secure.gravatar.com\/avatar\/7b547b91e1c1c1bbaf0c28a3b85ef79f28f971c49b2650159ba15d821147fcde?s=96&d=mm&r=g","url":"https:\/\/secure.gravatar.com\/avatar\/7b547b91e1c1c1bbaf0c28a3b85ef79f28f971c49b2650159ba15d821147fcde?s=96&d=mm&r=g","contentUrl":"https:\/\/secure.gravatar.com\/avatar\/7b547b91e1c1c1bbaf0c28a3b85ef79f28f971c49b2650159ba15d821147fcde?s=96&d=mm&r=g","caption":"navoriwebman1"},"sameAs":["https:\/\/navori.com"],"url":"https:\/\/navori.com\/fr\/author\/navoriwebman1\/"}]}},"_links":{"self":[{"href":"https:\/\/navori.com\/fr\/wp-json\/wp\/v2\/pages\/46907","targetHints":{"allow":["GET"]}}],"collection":[{"href":"https:\/\/navori.com\/fr\/wp-json\/wp\/v2\/pages"}],"about":[{"href":"https:\/\/navori.com\/fr\/wp-json\/wp\/v2\/types\/page"}],"author":[{"embeddable":true,"href":"https:\/\/navori.com\/fr\/wp-json\/wp\/v2\/users\/1"}],"replies":[{"embeddable":true,"href":"https:\/\/navori.com\/fr\/wp-json\/wp\/v2\/comments?post=46907"}],"version-history":[{"count":0,"href":"https:\/\/navori.com\/fr\/wp-json\/wp\/v2\/pages\/46907\/revisions"}],"wp:featuredmedia":[{"embeddable":true,"href":"https:\/\/navori.com\/fr\/wp-json\/wp\/v2\/media\/54899"}],"wp:attachment":[{"href":"https:\/\/navori.com\/fr\/wp-json\/wp\/v2\/media?parent=46907"}],"curies":[{"name":"wp","href":"https:\/\/api.w.org\/{rel}","templated":true}]}}