{"id":46901,"date":"2023-11-20T17:38:14","date_gmt":"2023-11-20T17:38:14","guid":{"rendered":"https:\/\/staging2.navori.com\/?page_id=46901"},"modified":"2024-05-01T13:34:15","modified_gmt":"2024-05-01T13:34:15","slug":"finance-banking","status":"publish","type":"page","link":"https:\/\/navori.com\/fr\/finance-banking\/","title":{"rendered":"Les banques utilisent l'affichage dynamique pour communiquer, promouvoir et am\u00e9liorer l'exp\u00e9rience de leurs clients"},"content":{"rendered":"<div class=\"vc_row wpb_row vc_row-fluid\"><div class=\"wpb_column vc_column_container vc_col-sm-12\"><div class=\"vc_column-inner\"><div class=\"wpb_wrapper\">\n\t<div class=\"wpb_text_column wpb_content_element\" >\n\t\t<div class=\"wpb_wrapper\">\n\t\t\t<h2>Identifier les besoins et les pi\u00e8ges<\/h2>\n<p>Dans le secteur bancaire, de nombreuses banques utilisent des panneaux num\u00e9riques pour rendre les clients plus heureux, mieux travailler et rester comp\u00e9titives. Pour bien faire, il est important de savoir ce que les panneaux num\u00e9riques peuvent faire et quels sont les probl\u00e8mes qui peuvent survenir.<\/p>\n<p>L'utilisation de panneaux num\u00e9riques dans les banques peut parfois s'av\u00e9rer difficile. Si les panneaux affichent des choses diff\u00e9rentes selon les agences, les clients risquent d'\u00eatre d\u00e9sorient\u00e9s. De m\u00eame, si les informations figurant sur les panneaux sont anciennes ou inutiles, c'est un probl\u00e8me. Nous devons veiller \u00e0 ce que les panneaux affichent toujours les bonnes informations.<\/p>\n<p>Le logiciel de Navori est comme un ami utile pour les banques qui utilisent des panneaux num\u00e9riques. Il permet de s'assurer que les panneaux affichent la m\u00eame chose partout, afin que les clients ne soient pas d\u00e9sorient\u00e9s. Il est facile de modifier les informations sur les panneaux pour qu'elles restent fra\u00eeches. Navori s'assure \u00e9galement que les informations sont s\u00fbres et respectent les r\u00e8gles. Navori contribue m\u00eame \u00e0 l'entretien des panneaux, afin qu'ils continuent \u00e0 bien fonctionner. Avec le logiciel de Navori, les banques peuvent utiliser les panneaux num\u00e9riques sans trop de soucis et rendre les clients heureux.<\/p>\n\n\t\t<\/div>\n\t<\/div>\n\n\t<div class=\"wpb_text_column wpb_content_element\" >\n\t\t<div class=\"wpb_wrapper\">\n\t\t\t<h2>Pourquoi les banques utilisent-elles des \u00e9crans d'information num\u00e9riques ?<\/h2>\n<p><em><strong>Free-Up Tellers avec des r\u00e9ponses aux questions de base<\/strong><\/em><br \/>\nOffrez \u00e0 vos clients des options de libre-service. Les \u00e9crans d'affichage dynamique peuvent fournir efficacement des r\u00e9ponses aux questions les plus fr\u00e9quentes, r\u00e9duisant ainsi la charge de travail des guichetiers et garantissant un flux de client\u00e8le plus fluide.<\/p>\n<p><em><strong>Afficher facilement des donn\u00e9es en temps r\u00e9el<\/strong><\/em><br \/>\nPr\u00e9senter sans effort des donn\u00e9es en temps r\u00e9el telles que le cours des actions, les taux de change, etc. <a href=\"\/fr\/\">Affichage dynamique<\/a> Les \u00e9crans fournissent une plate-forme dynamique permettant d'afficher des informations financi\u00e8res essentielles dans un format facilement assimilable.<\/p>\n<p><em><strong>Offrir une vue consolid\u00e9e des informations critiques, ce qui raccourcit le temps de r\u00e9ponse<\/strong><\/em><br \/>\nLe logiciel d'affichage dynamique Navori excelle dans l'agr\u00e9gation de donn\u00e9es provenant de sources multiples dans un tableau de bord unifi\u00e9. Cette vue consolid\u00e9e de l'information critique rationalise le processus de prise de d\u00e9cision, r\u00e9duisant de fa\u00e7on significative le temps de r\u00e9ponse aux changements dans l'environnement de l'entreprise.<\/p>\n<p><em><strong>R\u00e9duire le temps d'attente per\u00e7u par les clients en attente d'un service<\/strong><\/em><br \/>\nL'affichage num\u00e9rique Navori r\u00e9duit activement les temps d'attente per\u00e7us par les clients en pr\u00e9sentant un contenu captivant et des affichages informatifs. Ces \u00e9l\u00e9ments distraient et divertissent, r\u00e9duisant efficacement la dur\u00e9e per\u00e7ue de l'attente, contribuant ainsi \u00e0 l'am\u00e9lioration de l'exp\u00e9rience client.<\/p>\n<p><em><strong>Am\u00e9liorer l'attrait visuel de votre agence<\/strong><\/em><br \/>\nL'esth\u00e9tique est importante. Le contenu de la signalisation num\u00e9rique affich\u00e9 sur les \u00e9crans offre la possibilit\u00e9 de cr\u00e9er une atmosph\u00e8re accueillante, favorisant une perception positive de votre agence. Des visuels dynamiques et des affichages interactifs rehaussent l'aspect g\u00e9n\u00e9ral de l'agence.<\/p>\n\n\t\t<\/div>\n\t<\/div>\n\n\t<div  class=\"wpb_single_image wpb_content_element vc_align_left\">\n\t\t\n\t\t<figure class=\"wpb_wrapper vc_figure\">\n\t\t\t<div class=\"vc_single_image-wrapper   vc_box_border_grey\"><img loading=\"lazy\" decoding=\"async\" width=\"1280\" height=\"853\" src=\"https:\/\/navori.com\/wp-content\/uploads\/2023\/06\/Banking-Waiting-Customers.jpg\" class=\"vc_single_image-img attachment-full\" alt=\"Banque-Attente-Clients\" title=\"Banque-Attente-Clients\" srcset=\"https:\/\/navori.com\/wp-content\/uploads\/2023\/06\/Banking-Waiting-Customers.jpg 1280w, https:\/\/navori.com\/wp-content\/uploads\/2023\/06\/Banking-Waiting-Customers-300x200.jpg 300w, https:\/\/navori.com\/wp-content\/uploads\/2023\/06\/Banking-Waiting-Customers-1024x682.jpg 1024w, https:\/\/navori.com\/wp-content\/uploads\/2023\/06\/Banking-Waiting-Customers-768x512.jpg 768w\" sizes=\"auto, (max-width: 1280px) 100vw, 1280px\" \/><\/div>\n\t\t<\/figure>\n\t<\/div>\n<\/div><\/div><\/div><\/div><div class=\"vc_row wpb_row vc_row-fluid\"><div class=\"wpb_column vc_column_container vc_col-sm-12\"><div class=\"vc_column-inner\"><div class=\"wpb_wrapper\">\n\t<div class=\"wpb_text_column wpb_content_element\" >\n\t\t<div class=\"wpb_wrapper\">\n\t\t\t<h2><section id=\"custom_html-19\"><div class=\"textwidget custom-html-widget\"><div class=\"request-widget lozad\" data-background-image=\"https:\/\/navori.com\/wp-content\/uploads\/2023\/12\/yellow_cta_bg-scaled.webp\">\r\n\t<div>\r\n\t<div style=\"font-weight: bold; font-size: 24px;\">Un projet en t\u00eate ? Contactez nos experts !<\/div>\r\n\t\t<\/div>\r\n\t<div class=\"form\">\r\n\t\t<div class=\"btn\">\r\n\t\t\t<a href=\"\/fr\/contact\/\" id=\"CTA-Contact\">Prendre contact<\/a>\r\n\t\t<\/div>\r\n\t<\/div>\r\n<\/div><\/div><\/section><\/h2>\n\n\t\t<\/div>\n\t<\/div>\n\n\t<div class=\"wpb_text_column wpb_content_element\" >\n\t\t<div class=\"wpb_wrapper\">\n\t\t\t<h2>Cas d'utilisation r\u00e9els<\/h2>\n<p><em><strong>Affichage en temps r\u00e9el des cours des actions, des taux de change, etc.<\/strong><\/em><br \/>\nLe logiciel d'affichage dynamique Navori permet aux institutions financi\u00e8res de diffuser des donn\u00e9es financi\u00e8res de derni\u00e8re minute, ce qui permet aux clients de rester inform\u00e9s et engag\u00e9s.<\/p>\n<p><em><strong>G\u00e9rer les \u00e9crans dans toutes les succursales \u00e0 partir d'une seule plateforme<\/strong><\/em><br \/>\nLa plateforme centralis\u00e9e de Navori permet une gestion sans effort des \u00e9crans \u00e0 travers plusieurs succursales, offrant coh\u00e9rence et contr\u00f4le \u00e0 partir d'un point unique.<\/p>\n<p><em><strong>Informer les clients des services actuellement disponibles<\/strong><\/em><br \/>\nVeiller \u00e0 ce que les clients soient bien inform\u00e9s sur les services actuellement disponibles dans chaque agence, afin de r\u00e9duire la confusion et de rationaliser leur exp\u00e9rience bancaire.<\/p>\n<p><em><strong>G\u00e9rez vos files d'attente en toute transparence<\/strong><\/em><br \/>\nLa plateforme QL permet de g\u00e9rer efficacement les files d'attente des guichets, de r\u00e9duire les temps d'attente et d'am\u00e9liorer la satisfaction globale des clients.<\/p>\n<p><em><strong>M\u00e9langez l'infotainment et le contenu en direct des m\u00e9dias sociaux<\/strong><\/em><br \/>\nAm\u00e9liorez l'exp\u00e9rience du client en combinant des informations financi\u00e8res avec de l'infotainment et du contenu de m\u00e9dias sociaux en direct, cr\u00e9ant ainsi un environnement dynamique et immersif.<\/p>\n\n\t\t<\/div>\n\t<\/div>\n\n\t<div  class=\"wpb_single_image wpb_content_element vc_align_left\">\n\t\t\n\t\t<figure class=\"wpb_wrapper vc_figure\">\n\t\t\t<div class=\"vc_single_image-wrapper   vc_box_border_grey\"><img loading=\"lazy\" decoding=\"async\" width=\"1280\" height=\"720\" src=\"https:\/\/navori.com\/wp-content\/uploads\/2023\/06\/TemplateFfinancial-Data-Stock-Exchange-Dashboard.jpg\" class=\"vc_single_image-img attachment-full\" alt=\"TemplateFfinancial-Data-Stock-Exchange-Dashboard\" title=\"TemplateFfinancial-Data-Stock-Exchange-Dashboard\" srcset=\"https:\/\/navori.com\/wp-content\/uploads\/2023\/06\/TemplateFfinancial-Data-Stock-Exchange-Dashboard.jpg 1280w, https:\/\/navori.com\/wp-content\/uploads\/2023\/06\/TemplateFfinancial-Data-Stock-Exchange-Dashboard-300x169.jpg 300w, https:\/\/navori.com\/wp-content\/uploads\/2023\/06\/TemplateFfinancial-Data-Stock-Exchange-Dashboard-1024x576.jpg 1024w, https:\/\/navori.com\/wp-content\/uploads\/2023\/06\/TemplateFfinancial-Data-Stock-Exchange-Dashboard-768x432.jpg 768w\" sizes=\"auto, (max-width: 1280px) 100vw, 1280px\" \/><\/div>\n\t\t<\/figure>\n\t<\/div>\n\n\t<div class=\"wpb_text_column wpb_content_element  check-list\" >\n\t\t<div class=\"wpb_wrapper\">\n\t\t\t<h2><strong>En conclusion<\/strong><\/h2>\n<p>La solution d'affichage num\u00e9rique QL de Navori est un outil essentiel pour les institutions qui veulent demeurer comp\u00e9titives. Navori comprend les besoins uniques de l'industrie et fournit des solutions flexibles, permettant aux institutions financi\u00e8res d'am\u00e9liorer l'exp\u00e9rience de leurs clients, de rationaliser leurs op\u00e9rations et de rester \u00e0 l'avant-garde de la technologie.<\/p>\n<p>Am\u00e9liorez votre environnement bancaire avec la solution d'affichage dynamique QL de Navori, o\u00f9 la transformation et l'efficacit\u00e9 se conjuguent pour vous pr\u00e9parer \u00e0 l'avenir de la finance.<\/p>\n\n\t\t<\/div>\n\t<\/div>\n<\/div><\/div><\/div><\/div>","protected":false},"excerpt":{"rendered":"Identify the needs and pitfalls In banking, many banks are using digital signs to make customers happier, work better, and stay competitive. To do this well, it's important to know what digital signs can do and what problems might happen. Sometimes, using digital signs in banks can be hard. If the signs show different things [...]","protected":false},"author":1,"featured_media":54320,"parent":0,"menu_order":6,"comment_status":"closed","ping_status":"closed","template":"industry.php","meta":{"content-type":"","inline_featured_image":false,"footnotes":""},"class_list":["post-46901","page","type-page","status-publish","hentry","page_category-industries"],"yoast_head":"<!-- This site is optimized with the Yoast SEO Premium plugin v27.2 (Yoast SEO v27.2) - https:\/\/yoast.com\/product\/yoast-seo-premium-wordpress\/ -->\n<title>Navigate Banking Excellence Using Screens by Navori<\/title>\n<meta name=\"description\" content=\"Banks run digital signage to optimize customer experiences and operational efficiency, showing financial information and promoting banking services\" \/>\n<meta name=\"robots\" content=\"index, follow, max-snippet:-1, max-image-preview:large, max-video-preview:-1\" \/>\n<link rel=\"canonical\" href=\"https:\/\/navori.com\/fr\/finance-banking\/\" \/>\n<meta property=\"og:locale\" content=\"fr_FR\" \/>\n<meta property=\"og:type\" content=\"article\" \/>\n<meta property=\"og:title\" content=\"Banks Use Digital Signage to Communicate, Promote, and Enhance Customer Experiences\" \/>\n<meta property=\"og:description\" content=\"Banks run digital signage to optimize customer experiences and operational efficiency, showing financial information and promoting banking services\" \/>\n<meta property=\"og:url\" content=\"https:\/\/navori.com\/fr\/finance-banking\/\" \/>\n<meta property=\"og:site_name\" content=\"Navori Labs\" \/>\n<meta property=\"article:publisher\" content=\"https:\/\/www.facebook.com\/NavoriLabs\" \/>\n<meta property=\"article:modified_time\" content=\"2024-05-01T13:34:15+00:00\" \/>\n<meta property=\"og:image\" content=\"https:\/\/navori.com\/wp-content\/uploads\/2023\/06\/Banking-Signage.jpg\" \/>\n\t<meta property=\"og:image:width\" content=\"1083\" \/>\n\t<meta property=\"og:image:height\" content=\"723\" \/>\n\t<meta property=\"og:image:type\" content=\"image\/jpeg\" \/>\n<meta name=\"twitter:card\" content=\"summary_large_image\" \/>\n<meta name=\"twitter:site\" content=\"@navori\" \/>\n<meta name=\"twitter:label1\" content=\"Dur\u00e9e de lecture estim\u00e9e\" \/>\n\t<meta name=\"twitter:data1\" content=\"4 minutes\" \/>\n<script type=\"application\/ld+json\" class=\"yoast-schema-graph\">{\"@context\":\"https:\/\/schema.org\",\"@graph\":[{\"@type\":\"Article\",\"@id\":\"https:\/\/navori.com\/finance-banking\/#article\",\"isPartOf\":{\"@id\":\"https:\/\/navori.com\/finance-banking\/\"},\"author\":{\"name\":\"navoriwebman1\",\"@id\":\"https:\/\/navori.com\/#\/schema\/person\/3de28eca2f1bad61c026c3bfcbedc0d0\"},\"headline\":\"Banks Use Digital Signage to Communicate, Promote, and Enhance Customer Experiences\",\"datePublished\":\"2023-11-20T17:38:14+00:00\",\"dateModified\":\"2024-05-01T13:34:15+00:00\",\"mainEntityOfPage\":{\"@id\":\"https:\/\/navori.com\/finance-banking\/\"},\"wordCount\":672,\"publisher\":{\"@id\":\"https:\/\/navori.com\/#organization\"},\"image\":{\"@id\":\"https:\/\/navori.com\/finance-banking\/#primaryimage\"},\"thumbnailUrl\":\"https:\/\/navori.com\/wp-content\/uploads\/2023\/06\/Banking-Signage.jpg\",\"inLanguage\":\"fr-FR\"},{\"@type\":\"WebPage\",\"@id\":\"https:\/\/navori.com\/finance-banking\/\",\"url\":\"https:\/\/navori.com\/finance-banking\/\",\"name\":\"Navigate Banking Excellence Using Screens by Navori\",\"isPartOf\":{\"@id\":\"https:\/\/navori.com\/#website\"},\"primaryImageOfPage\":{\"@id\":\"https:\/\/navori.com\/finance-banking\/#primaryimage\"},\"image\":{\"@id\":\"https:\/\/navori.com\/finance-banking\/#primaryimage\"},\"thumbnailUrl\":\"https:\/\/navori.com\/wp-content\/uploads\/2023\/06\/Banking-Signage.jpg\",\"datePublished\":\"2023-11-20T17:38:14+00:00\",\"dateModified\":\"2024-05-01T13:34:15+00:00\",\"description\":\"Banks run digital signage to optimize customer experiences and operational efficiency, showing financial information and promoting banking services\",\"breadcrumb\":{\"@id\":\"https:\/\/navori.com\/finance-banking\/#breadcrumb\"},\"inLanguage\":\"fr-FR\",\"potentialAction\":[{\"@type\":\"ReadAction\",\"target\":[\"https:\/\/navori.com\/finance-banking\/\"]}],\"relatedLink\":[\"\/blog\/digital-signage-solutions-banks-financial-institutions\/\",\"\/app\/live-data\/\",\"\/app\/enterprise\/\",\"\/led-screens\/\"]},{\"@type\":\"ImageObject\",\"inLanguage\":\"fr-FR\",\"@id\":\"https:\/\/navori.com\/finance-banking\/#primaryimage\",\"url\":\"https:\/\/navori.com\/wp-content\/uploads\/2023\/06\/Banking-Signage.jpg\",\"contentUrl\":\"https:\/\/navori.com\/wp-content\/uploads\/2023\/06\/Banking-Signage.jpg\",\"width\":1083,\"height\":723,\"caption\":\"Banking-Signage\"},{\"@type\":\"BreadcrumbList\",\"@id\":\"https:\/\/navori.com\/finance-banking\/#breadcrumb\",\"itemListElement\":[{\"@type\":\"ListItem\",\"position\":1,\"name\":\"Home\",\"item\":\"https:\/\/navori.com\/\"},{\"@type\":\"ListItem\",\"position\":2,\"name\":\"Banks Use Digital Signage to Communicate, Promote, and Enhance Customer Experiences\"}]},{\"@type\":\"WebSite\",\"@id\":\"https:\/\/navori.com\/#website\",\"url\":\"https:\/\/navori.com\/\",\"name\":\"Navori Labs\",\"description\":\"\",\"publisher\":{\"@id\":\"https:\/\/navori.com\/#organization\"},\"potentialAction\":[{\"@type\":\"SearchAction\",\"target\":{\"@type\":\"EntryPoint\",\"urlTemplate\":\"https:\/\/navori.com\/?s={search_term_string}\"},\"query-input\":{\"@type\":\"PropertyValueSpecification\",\"valueRequired\":true,\"valueName\":\"search_term_string\"}}],\"inLanguage\":\"fr-FR\"},{\"@type\":\"Organization\",\"@id\":\"https:\/\/navori.com\/#organization\",\"name\":\"Navori Labs\",\"url\":\"https:\/\/navori.com\/\",\"logo\":{\"@type\":\"ImageObject\",\"inLanguage\":\"fr-FR\",\"@id\":\"https:\/\/navori.com\/#\/schema\/logo\/image\/\",\"url\":\"https:\/\/navori.com\/wp-content\/uploads\/2024\/04\/NAVORI-logo.svg\",\"contentUrl\":\"https:\/\/navori.com\/wp-content\/uploads\/2024\/04\/NAVORI-logo.svg\",\"width\":120,\"height\":19,\"caption\":\"Navori Labs\"},\"image\":{\"@id\":\"https:\/\/navori.com\/#\/schema\/logo\/image\/\"},\"sameAs\":[\"https:\/\/www.facebook.com\/NavoriLabs\",\"https:\/\/x.com\/navori\",\"https:\/\/www.instagram.com\/navorilabs\",\"https:\/\/www.linkedin.com\/company\/navori-sa\",\"https:\/\/www.youtube.com\/user\/NavoriQL\"]},{\"@type\":\"Person\",\"@id\":\"https:\/\/navori.com\/#\/schema\/person\/3de28eca2f1bad61c026c3bfcbedc0d0\",\"name\":\"navoriwebman1\",\"image\":{\"@type\":\"ImageObject\",\"inLanguage\":\"fr-FR\",\"@id\":\"https:\/\/secure.gravatar.com\/avatar\/7b547b91e1c1c1bbaf0c28a3b85ef79f28f971c49b2650159ba15d821147fcde?s=96&d=mm&r=g\",\"url\":\"https:\/\/secure.gravatar.com\/avatar\/7b547b91e1c1c1bbaf0c28a3b85ef79f28f971c49b2650159ba15d821147fcde?s=96&d=mm&r=g\",\"contentUrl\":\"https:\/\/secure.gravatar.com\/avatar\/7b547b91e1c1c1bbaf0c28a3b85ef79f28f971c49b2650159ba15d821147fcde?s=96&d=mm&r=g\",\"caption\":\"navoriwebman1\"},\"sameAs\":[\"https:\/\/navori.com\"],\"url\":\"https:\/\/navori.com\/fr\/author\/navoriwebman1\/\"}]}<\/script>\n<!-- \/ Yoast SEO Premium plugin. -->","yoast_head_json":{"title":"Naviguer dans l'excellence bancaire gr\u00e2ce aux \u00e9crans de Navori","description":"Les banques utilisent l'affichage dynamique pour optimiser l'exp\u00e9rience des clients et l'efficacit\u00e9 op\u00e9rationnelle, en affichant des informations financi\u00e8res et en promouvant les services bancaires.","robots":{"index":"index","follow":"follow","max-snippet":"max-snippet:-1","max-image-preview":"max-image-preview:large","max-video-preview":"max-video-preview:-1"},"canonical":"https:\/\/navori.com\/fr\/finance-banking\/","og_locale":"fr_FR","og_type":"article","og_title":"Banks Use Digital Signage to Communicate, Promote, and Enhance Customer Experiences","og_description":"Banks run digital signage to optimize customer experiences and operational efficiency, showing financial information and promoting banking services","og_url":"https:\/\/navori.com\/fr\/finance-banking\/","og_site_name":"Navori Labs","article_publisher":"https:\/\/www.facebook.com\/NavoriLabs","article_modified_time":"2024-05-01T13:34:15+00:00","og_image":[{"width":1083,"height":723,"url":"https:\/\/navori.com\/wp-content\/uploads\/2023\/06\/Banking-Signage.jpg","type":"image\/jpeg"}],"twitter_card":"summary_large_image","twitter_site":"@navori","twitter_misc":{"Dur\u00e9e de lecture estim\u00e9e":"4 minutes"},"schema":{"@context":"https:\/\/schema.org","@graph":[{"@type":"Article","@id":"https:\/\/navori.com\/finance-banking\/#article","isPartOf":{"@id":"https:\/\/navori.com\/finance-banking\/"},"author":{"name":"navoriwebman1","@id":"https:\/\/navori.com\/#\/schema\/person\/3de28eca2f1bad61c026c3bfcbedc0d0"},"headline":"Banks Use Digital Signage to Communicate, Promote, and Enhance Customer Experiences","datePublished":"2023-11-20T17:38:14+00:00","dateModified":"2024-05-01T13:34:15+00:00","mainEntityOfPage":{"@id":"https:\/\/navori.com\/finance-banking\/"},"wordCount":672,"publisher":{"@id":"https:\/\/navori.com\/#organization"},"image":{"@id":"https:\/\/navori.com\/finance-banking\/#primaryimage"},"thumbnailUrl":"https:\/\/navori.com\/wp-content\/uploads\/2023\/06\/Banking-Signage.jpg","inLanguage":"fr-FR"},{"@type":"WebPage","@id":"https:\/\/navori.com\/finance-banking\/","url":"https:\/\/navori.com\/finance-banking\/","name":"Naviguer dans l'excellence bancaire gr\u00e2ce aux \u00e9crans de Navori","isPartOf":{"@id":"https:\/\/navori.com\/#website"},"primaryImageOfPage":{"@id":"https:\/\/navori.com\/finance-banking\/#primaryimage"},"image":{"@id":"https:\/\/navori.com\/finance-banking\/#primaryimage"},"thumbnailUrl":"https:\/\/navori.com\/wp-content\/uploads\/2023\/06\/Banking-Signage.jpg","datePublished":"2023-11-20T17:38:14+00:00","dateModified":"2024-05-01T13:34:15+00:00","description":"Les banques utilisent l'affichage dynamique pour optimiser l'exp\u00e9rience des clients et l'efficacit\u00e9 op\u00e9rationnelle, en affichant des informations financi\u00e8res et en promouvant les services bancaires.","breadcrumb":{"@id":"https:\/\/navori.com\/finance-banking\/#breadcrumb"},"inLanguage":"fr-FR","potentialAction":[{"@type":"ReadAction","target":["https:\/\/navori.com\/finance-banking\/"]}],"relatedLink":["\/blog\/digital-signage-solutions-banks-financial-institutions\/","\/app\/live-data\/","\/app\/enterprise\/","\/led-screens\/"]},{"@type":"ImageObject","inLanguage":"fr-FR","@id":"https:\/\/navori.com\/finance-banking\/#primaryimage","url":"https:\/\/navori.com\/wp-content\/uploads\/2023\/06\/Banking-Signage.jpg","contentUrl":"https:\/\/navori.com\/wp-content\/uploads\/2023\/06\/Banking-Signage.jpg","width":1083,"height":723,"caption":"Banking-Signage"},{"@type":"BreadcrumbList","@id":"https:\/\/navori.com\/finance-banking\/#breadcrumb","itemListElement":[{"@type":"ListItem","position":1,"name":"Home","item":"https:\/\/navori.com\/"},{"@type":"ListItem","position":2,"name":"Banks Use Digital Signage to Communicate, Promote, and Enhance Customer Experiences"}]},{"@type":"WebSite","@id":"https:\/\/navori.com\/#website","url":"https:\/\/navori.com\/","name":"Navori Labs","description":"","publisher":{"@id":"https:\/\/navori.com\/#organization"},"potentialAction":[{"@type":"SearchAction","target":{"@type":"EntryPoint","urlTemplate":"https:\/\/navori.com\/?s={search_term_string}"},"query-input":{"@type":"PropertyValueSpecification","valueRequired":true,"valueName":"search_term_string"}}],"inLanguage":"fr-FR"},{"@type":"Organization","@id":"https:\/\/navori.com\/#organization","name":"Navori Labs","url":"https:\/\/navori.com\/","logo":{"@type":"ImageObject","inLanguage":"fr-FR","@id":"https:\/\/navori.com\/#\/schema\/logo\/image\/","url":"https:\/\/navori.com\/wp-content\/uploads\/2024\/04\/NAVORI-logo.svg","contentUrl":"https:\/\/navori.com\/wp-content\/uploads\/2024\/04\/NAVORI-logo.svg","width":120,"height":19,"caption":"Navori Labs"},"image":{"@id":"https:\/\/navori.com\/#\/schema\/logo\/image\/"},"sameAs":["https:\/\/www.facebook.com\/NavoriLabs","https:\/\/x.com\/navori","https:\/\/www.instagram.com\/navorilabs","https:\/\/www.linkedin.com\/company\/navori-sa","https:\/\/www.youtube.com\/user\/NavoriQL"]},{"@type":"Person","@id":"https:\/\/navori.com\/#\/schema\/person\/3de28eca2f1bad61c026c3bfcbedc0d0","name":"navoriwebman1","image":{"@type":"ImageObject","inLanguage":"fr-FR","@id":"https:\/\/secure.gravatar.com\/avatar\/7b547b91e1c1c1bbaf0c28a3b85ef79f28f971c49b2650159ba15d821147fcde?s=96&d=mm&r=g","url":"https:\/\/secure.gravatar.com\/avatar\/7b547b91e1c1c1bbaf0c28a3b85ef79f28f971c49b2650159ba15d821147fcde?s=96&d=mm&r=g","contentUrl":"https:\/\/secure.gravatar.com\/avatar\/7b547b91e1c1c1bbaf0c28a3b85ef79f28f971c49b2650159ba15d821147fcde?s=96&d=mm&r=g","caption":"navoriwebman1"},"sameAs":["https:\/\/navori.com"],"url":"https:\/\/navori.com\/fr\/author\/navoriwebman1\/"}]}},"_links":{"self":[{"href":"https:\/\/navori.com\/fr\/wp-json\/wp\/v2\/pages\/46901","targetHints":{"allow":["GET"]}}],"collection":[{"href":"https:\/\/navori.com\/fr\/wp-json\/wp\/v2\/pages"}],"about":[{"href":"https:\/\/navori.com\/fr\/wp-json\/wp\/v2\/types\/page"}],"author":[{"embeddable":true,"href":"https:\/\/navori.com\/fr\/wp-json\/wp\/v2\/users\/1"}],"replies":[{"embeddable":true,"href":"https:\/\/navori.com\/fr\/wp-json\/wp\/v2\/comments?post=46901"}],"version-history":[{"count":0,"href":"https:\/\/navori.com\/fr\/wp-json\/wp\/v2\/pages\/46901\/revisions"}],"wp:featuredmedia":[{"embeddable":true,"href":"https:\/\/navori.com\/fr\/wp-json\/wp\/v2\/media\/54320"}],"wp:attachment":[{"href":"https:\/\/navori.com\/fr\/wp-json\/wp\/v2\/media?parent=46901"}],"curies":[{"name":"wp","href":"https:\/\/api.w.org\/{rel}","templated":true}]}}