{"id":46883,"date":"2023-11-20T12:53:42","date_gmt":"2023-11-20T12:53:42","guid":{"rendered":"https:\/\/staging2.navori.com\/?page_id=46883"},"modified":"2024-05-01T13:23:23","modified_gmt":"2024-05-01T13:23:23","slug":"government","status":"publish","type":"page","link":"https:\/\/navori.com\/fr\/government\/","title":{"rendered":"Les pouvoirs publics utilisent des \u00e9crans pour afficher les \u00e9v\u00e9nements communautaires, les services publics et les alertes"},"content":{"rendered":"<section class=\"vc_section\"><div class=\"vc_row wpb_row vc_row-fluid\"><div class=\"wpb_column vc_column_container vc_col-sm-12\"><div class=\"vc_column-inner\"><div class=\"wpb_wrapper\">\n\t<div class=\"wpb_text_column wpb_content_element\" >\n\t\t<div class=\"wpb_wrapper\">\n\t\t\t<h2>Identifier les besoins et les pi\u00e8ges<\/h2>\n<p>Dans le monde complexe des op\u00e9rations gouvernementales, il y a un besoin \u00e9vident de solutions innovantes qui r\u00e9pondent aux d\u00e9fis uniques auxquels sont confront\u00e9s les organismes publics. Une communication efficace et l'efficience op\u00e9rationnelle sont cruciales dans ce secteur, et l'affichage dynamique change la donne.<\/p>\n<p>L'affichage dynamique gouvernemental r\u00e9pond non seulement aux besoins sp\u00e9cifiques du secteur gouvernemental mais offre \u00e9galement la possibilit\u00e9 de transformer la fa\u00e7on dont l'information est communiqu\u00e9e et les op\u00e9rations sont g\u00e9r\u00e9es. Le logiciel Navori, sp\u00e9cialement con\u00e7u pour les agences gouvernementales, repr\u00e9sente un phare de progr\u00e8s au milieu des complexit\u00e9s modernes de la gouvernance.<\/p>\n\n\t\t<\/div>\n\t<\/div>\n\n\t<div  class=\"wpb_single_image wpb_content_element vc_align_left\">\n\t\t\n\t\t<figure class=\"wpb_wrapper vc_figure\">\n\t\t\t<div class=\"vc_single_image-wrapper   vc_box_border_grey\"><img loading=\"lazy\" decoding=\"async\" width=\"1280\" height=\"693\" src=\"https:\/\/navori.com\/wp-content\/uploads\/2023\/05\/digital-signage-in-government-settings.webp\" class=\"vc_single_image-img attachment-full\" alt=\"l&#039;affichage dynamique dans les administrations publiques\" title=\"l&#039;affichage dynamique dans les administrations publiques\" srcset=\"https:\/\/navori.com\/wp-content\/uploads\/2023\/05\/digital-signage-in-government-settings.webp 1280w, https:\/\/navori.com\/wp-content\/uploads\/2023\/05\/digital-signage-in-government-settings-300x162.webp 300w, https:\/\/navori.com\/wp-content\/uploads\/2023\/05\/digital-signage-in-government-settings-1024x554.webp 1024w, https:\/\/navori.com\/wp-content\/uploads\/2023\/05\/digital-signage-in-government-settings-768x416.webp 768w\" sizes=\"auto, (max-width: 1280px) 100vw, 1280px\" \/><\/div>\n\t\t<\/figure>\n\t<\/div>\n\n\t<div class=\"wpb_text_column wpb_content_element\" >\n\t\t<div class=\"wpb_wrapper\">\n\t\t\t<h2>Pourquoi les organisations utilisent des \u00e9crans num\u00e9riques pour rester sur la bonne voie<\/h2>\n<p><em><strong>R\u00e9duire les temps d'attente per\u00e7us gr\u00e2ce \u00e0 l'infotainment en direct<\/strong><\/em><br \/>\nDans les services publics, l'efficacit\u00e9 est cruciale. Le logiciel d'affichage dynamique Navori permet de g\u00e9rer le contenu des \u00e9crans de mani\u00e8re flexible. Cela permet aux gouvernements d'afficher des contenus vari\u00e9s, comme des infotainment int\u00e9ressants, am\u00e9liorant les temps d'attente sans avoir besoin de poss\u00e9der les \u00e9crans eux-m\u00eames.<\/p>\n<p><em><strong>SoC 2 certifi\u00e9 pour les environnements et installations s\u00e9curis\u00e9s<\/strong><\/em><br \/>\nLa s\u00e9curit\u00e9 est tr\u00e8s importante dans le travail gouvernemental. Le logiciel Navori est certifi\u00e9 SoC 2, ce qui signifie qu'il dispose d'un syst\u00e8me de s\u00e9curit\u00e9 solide pour prot\u00e9ger les informations sensibles et r\u00e9pondre aux r\u00e8gles de s\u00e9curit\u00e9 strictes des b\u00e2timents gouvernementaux.<\/p>\n<p><em><strong>S'int\u00e8gre \u00e0 vos sources de donn\u00e9es existantes<\/strong><\/em><br \/>\nIl est important d'avoir les derni\u00e8res informations en temps r\u00e9el sur les \u00e9crans d'affichage num\u00e9rique de votre gouvernement. Le logiciel Navori se connecte facilement \u00e0 diff\u00e9rentes sources de donn\u00e9es, comme les syst\u00e8mes de gestion des files d'attente, afin que l'information sur les \u00e9crans soit toujours \u00e0 jour et utile.<\/p>\n<p><em><strong>Gestion de contenu \u00e9volutive et collaborative<\/strong><\/em><br \/>\nLe logiciel Navori dispose d'un syst\u00e8me de gestion du contenu qui peut \u00e9voluer en fonction des besoins et qui permet aux administrations de mettre \u00e0 jour et de coordonner efficacement les informations sur diff\u00e9rents \u00e9crans. Cela permet de s'assurer que la bonne information est affich\u00e9e, r\u00e9duisant ainsi les risques d'erreurs.<\/p>\n<p><em><strong>Prise en charge de tous les types de lecteurs et d'\u00e9crans<\/strong><\/em><br \/>\nLa flexibilit\u00e9 est importante dans le secteur public, o\u00f9 les besoins sont vari\u00e9s. Le logiciel Navori peut fonctionner avec <a href=\"https:\/\/navori.com\/fr\/app\/player\/\">de nombreux types de joueurs et d'\u00e9crans<\/a>, Ainsi, les agences gouvernementales peuvent choisir le mat\u00e9riel qui leur convient le mieux tout en conservant une exp\u00e9rience coh\u00e9rente pour les utilisateurs.<\/p>\n\n\t\t<\/div>\n\t<\/div>\n\n\t<div class=\"wpb_text_column wpb_content_element\" >\n\t\t<div class=\"wpb_wrapper\">\n\t\t\t<h2><section id=\"custom_html-18\"><div class=\"textwidget custom-html-widget\"><div class=\"request-widget lozad\" data-background-image=\"https:\/\/navori.com\/wp-content\/uploads\/2023\/12\/green_cta_bg-scaled.webp\">\r\n\t<div>\r\n\t<div style=\"font-weight: bold; font-size: 24px;\">Rejoignez-nous en tant que revendeur certifi\u00e9 - Ensemble vers le succ\u00e8s !<\/div>\r\n\t<\/div>\r\n\t<div class=\"form\">\r\n\t\t<div class=\"btn\">\r\n\t\t\t<a href=\"\/fr\/contact\/\" id=\"CTA-Reseller\">Appliquer<\/a>\r\n\t\t<\/div>\r\n\t<\/div>\r\n<\/div><\/div><\/section><\/h2>\n\n\t\t<\/div>\n\t<\/div>\n\n\t<div  class=\"wpb_single_image wpb_content_element vc_align_left\">\n\t\t\n\t\t<figure class=\"wpb_wrapper vc_figure\">\n\t\t\t<div class=\"vc_single_image-wrapper   vc_box_border_grey\"><img loading=\"lazy\" decoding=\"async\" width=\"1469\" height=\"704\" src=\"https:\/\/navori.com\/wp-content\/uploads\/2021\/04\/ticker-details.jpg\" class=\"vc_single_image-img attachment-full\" alt=\"ticker-details\" title=\"ticker-details\" srcset=\"https:\/\/navori.com\/wp-content\/uploads\/2021\/04\/ticker-details.jpg 1469w, https:\/\/navori.com\/wp-content\/uploads\/2021\/04\/ticker-details-300x144.jpg 300w, https:\/\/navori.com\/wp-content\/uploads\/2021\/04\/ticker-details-1024x491.jpg 1024w, https:\/\/navori.com\/wp-content\/uploads\/2021\/04\/ticker-details-768x368.jpg 768w\" sizes=\"auto, (max-width: 1469px) 100vw, 1469px\" \/><\/div>\n\t\t<\/figure>\n\t<\/div>\n\n\t<div class=\"wpb_text_column wpb_content_element\" >\n\t\t<div class=\"wpb_wrapper\">\n\t\t\t<h2>Cas concrets d'utilisation de l'affichage dynamique dans les administrations publiques<\/h2>\n<p><em><strong>Affichage des actualit\u00e9s, de la m\u00e9t\u00e9o et des informations routi\u00e8res en direct<\/strong><\/em><br \/>\nLes agences gouvernementales peuvent tenir leurs employ\u00e9s et le public inform\u00e9s des nouvelles en direct, de la m\u00e9t\u00e9o et de la circulation gr\u00e2ce \u00e0 l'affichage num\u00e9rique Navori, am\u00e9liorant ainsi la connaissance de la situation et la prise de d\u00e9cision.<\/p>\n<p><em><strong>Int\u00e9grer les syst\u00e8mes de gestion des files d'attente existants<\/strong><\/em><br \/>\nLe logiciel Navori s'int\u00e8gre parfaitement aux syst\u00e8mes de gestion des files d'attente existants, optimisant le flux des clients et fournissant des mises \u00e0 jour en temps r\u00e9el sur l'\u00e9tat des services.<\/p>\n<p><em><strong>D\u00e9ployer des panneaux d'orientation interactifs pour maintenir les visiteurs en mouvement<\/strong><\/em><br \/>\nAm\u00e9liorer l'exp\u00e9rience des visiteurs gr\u00e2ce \u00e0 des panneaux d'orientation interactifs qui les guident efficacement dans les administrations et r\u00e9duisent les risques de confusion.<\/p>\n<p><em><strong>Collaborer en toute s\u00e9curit\u00e9 avec diff\u00e9rents services<\/strong><\/em><br \/>\nL'affichage dynamique QL facilite la collaboration s\u00e9curis\u00e9e entre les diff\u00e9rents services gouvernementaux, assurant une communication et une coordination efficaces dans un environnement prot\u00e9g\u00e9.<\/p>\n<p><em><strong>Automatiser la gestion du mat\u00e9riel et les heures de mise en marche et d'arr\u00eat<\/strong><\/em><br \/>\nG\u00e9rer efficacement les ressources mat\u00e9rielles en automatisant les heures de mise en marche et d'arr\u00eat avec le logiciel Navori, en r\u00e9duisant la consommation d'\u00e9nergie et en prolongeant la dur\u00e9e de vie des \u00e9crans d'affichage num\u00e9rique.<\/p>\n\n\t\t<\/div>\n\t<\/div>\n\n\t<div  class=\"wpb_single_image wpb_content_element vc_align_left\">\n\t\t\n\t\t<figure class=\"wpb_wrapper vc_figure\">\n\t\t\t<div class=\"vc_single_image-wrapper   vc_box_border_grey\"><img loading=\"lazy\" decoding=\"async\" width=\"1024\" height=\"512\" src=\"https:\/\/navori.com\/wp-content\/uploads\/2023\/07\/Aquaji-Counter-Waiting-Time-Measurement.jpg\" class=\"vc_single_image-img attachment-full\" alt=\"Mesure du temps d&#039;attente du compteur Aquaji\" title=\"Mesure du temps d&#039;attente du compteur Aquaji\" srcset=\"https:\/\/navori.com\/wp-content\/uploads\/2023\/07\/Aquaji-Counter-Waiting-Time-Measurement.jpg 1024w, https:\/\/navori.com\/wp-content\/uploads\/2023\/07\/Aquaji-Counter-Waiting-Time-Measurement-300x150.jpg 300w, https:\/\/navori.com\/wp-content\/uploads\/2023\/07\/Aquaji-Counter-Waiting-Time-Measurement-768x384.jpg 768w\" sizes=\"auto, (max-width: 1024px) 100vw, 1024px\" \/><\/div>\n\t\t<\/figure>\n\t<\/div>\n\n\t<div class=\"wpb_text_column wpb_content_element  check-list\" >\n\t\t<div class=\"wpb_wrapper\">\n\t\t\t<h2>Conclusion<\/h2>\n<p>En bref, le logiciel Navori offre une solution compl\u00e8te et sur mesure pour r\u00e9pondre aux besoins particuliers de l'affichage num\u00e9rique gouvernemental. Il acc\u00e9l\u00e8re les processus, encourage le travail d'\u00e9quipe et renforce la s\u00e9curit\u00e9, aidant les organisations gouvernementales \u00e0 entrer avec confiance dans l'\u00e8re num\u00e9rique. Choisissez Navori comme partenaire pour am\u00e9liorer la communication et l'efficacit\u00e9 au sein du gouvernement. <a href=\"https:\/\/www.usa.gov\/agency-index\">secteur public<\/a>, et promouvoir la transparence et l'engagement \u00e0 l'avenir.<\/p>\n\n\t\t<\/div>\n\t<\/div>\n<\/div><\/div><\/div><\/div><\/section>","protected":false},"excerpt":{"rendered":"Identify the needs and pitfalls In the complex world of government operations, there's a clear need for innovative solutions that cater to the unique challenges faced by public agencies. Effective communication and operational efficiency are crucial in this industry, and Digital Signage emerges as a game-changer. Government Digital Signage not only meets the specific needs [...]","protected":false},"author":1,"featured_media":54365,"parent":0,"menu_order":11,"comment_status":"closed","ping_status":"closed","template":"industry.php","meta":{"content-type":"","inline_featured_image":false,"footnotes":""},"class_list":["post-46883","page","type-page","status-publish","hentry","page_category-industries"],"yoast_head":"<!-- This site is optimized with the Yoast SEO Premium plugin v27.2 (Yoast SEO v27.2) - https:\/\/yoast.com\/product\/yoast-seo-premium-wordpress\/ -->\n<title>Efficient Digital Signage Solutions for Government Agencies<\/title>\n<meta name=\"description\" content=\"Use government digital signage powered by Navori to display public service announcements, programs, and civic opportunities to the community and employees.\" \/>\n<meta name=\"robots\" content=\"index, follow, max-snippet:-1, max-image-preview:large, max-video-preview:-1\" \/>\n<link rel=\"canonical\" href=\"https:\/\/navori.com\/fr\/government\/\" \/>\n<meta property=\"og:locale\" content=\"fr_FR\" \/>\n<meta property=\"og:type\" content=\"article\" \/>\n<meta property=\"og:title\" content=\"Government Use Screens to Display Community Events, Public Services and Alerts\" \/>\n<meta property=\"og:description\" content=\"Use government digital signage powered by Navori to display public service announcements, programs, and civic opportunities to the community and employees.\" \/>\n<meta property=\"og:url\" content=\"https:\/\/navori.com\/fr\/government\/\" \/>\n<meta property=\"og:site_name\" content=\"Navori Labs\" \/>\n<meta property=\"article:publisher\" content=\"https:\/\/www.facebook.com\/NavoriLabs\" \/>\n<meta property=\"article:modified_time\" content=\"2024-05-01T13:23:23+00:00\" \/>\n<meta property=\"og:image\" content=\"https:\/\/navori.com\/wp-content\/uploads\/2023\/06\/waiting-at-a-government-office.jpg\" \/>\n\t<meta property=\"og:image:width\" content=\"1280\" \/>\n\t<meta property=\"og:image:height\" content=\"788\" \/>\n\t<meta property=\"og:image:type\" content=\"image\/jpeg\" \/>\n<meta name=\"twitter:card\" content=\"summary_large_image\" \/>\n<meta name=\"twitter:site\" content=\"@navori\" \/>\n<meta name=\"twitter:label1\" content=\"Dur\u00e9e de lecture estim\u00e9e\" \/>\n\t<meta name=\"twitter:data1\" content=\"4 minutes\" \/>\n<script type=\"application\/ld+json\" class=\"yoast-schema-graph\">{\"@context\":\"https:\/\/schema.org\",\"@graph\":[{\"@type\":\"Article\",\"@id\":\"https:\/\/navori.com\/government\/#article\",\"isPartOf\":{\"@id\":\"https:\/\/navori.com\/government\/\"},\"author\":{\"name\":\"navoriwebman1\",\"@id\":\"https:\/\/navori.com\/#\/schema\/person\/3de28eca2f1bad61c026c3bfcbedc0d0\"},\"headline\":\"Government Use Screens to Display Community Events, Public Services and Alerts\",\"datePublished\":\"2023-11-20T12:53:42+00:00\",\"dateModified\":\"2024-05-01T13:23:23+00:00\",\"mainEntityOfPage\":{\"@id\":\"https:\/\/navori.com\/government\/\"},\"wordCount\":610,\"publisher\":{\"@id\":\"https:\/\/navori.com\/#organization\"},\"image\":{\"@id\":\"https:\/\/navori.com\/government\/#primaryimage\"},\"thumbnailUrl\":\"https:\/\/navori.com\/wp-content\/uploads\/2023\/06\/waiting-at-a-government-office.jpg\",\"inLanguage\":\"fr-FR\"},{\"@type\":\"WebPage\",\"@id\":\"https:\/\/navori.com\/government\/\",\"url\":\"https:\/\/navori.com\/government\/\",\"name\":\"Efficient Digital Signage Solutions for Government Agencies\",\"isPartOf\":{\"@id\":\"https:\/\/navori.com\/#website\"},\"primaryImageOfPage\":{\"@id\":\"https:\/\/navori.com\/government\/#primaryimage\"},\"image\":{\"@id\":\"https:\/\/navori.com\/government\/#primaryimage\"},\"thumbnailUrl\":\"https:\/\/navori.com\/wp-content\/uploads\/2023\/06\/waiting-at-a-government-office.jpg\",\"datePublished\":\"2023-11-20T12:53:42+00:00\",\"dateModified\":\"2024-05-01T13:23:23+00:00\",\"description\":\"Use government digital signage powered by Navori to display public service announcements, programs, and civic opportunities to the community and employees.\",\"breadcrumb\":{\"@id\":\"https:\/\/navori.com\/government\/#breadcrumb\"},\"inLanguage\":\"fr-FR\",\"potentialAction\":[{\"@type\":\"ReadAction\",\"target\":[\"https:\/\/navori.com\/government\/\"]}],\"relatedLink\":[\"\/app\/\",\"\/emergency-alerts\/\",\"\/led-screens\/\"]},{\"@type\":\"ImageObject\",\"inLanguage\":\"fr-FR\",\"@id\":\"https:\/\/navori.com\/government\/#primaryimage\",\"url\":\"https:\/\/navori.com\/wp-content\/uploads\/2023\/06\/waiting-at-a-government-office.jpg\",\"contentUrl\":\"https:\/\/navori.com\/wp-content\/uploads\/2023\/06\/waiting-at-a-government-office.jpg\",\"width\":1280,\"height\":788,\"caption\":\"waiting-at-a-government-office\"},{\"@type\":\"BreadcrumbList\",\"@id\":\"https:\/\/navori.com\/government\/#breadcrumb\",\"itemListElement\":[{\"@type\":\"ListItem\",\"position\":1,\"name\":\"Home\",\"item\":\"https:\/\/navori.com\/\"},{\"@type\":\"ListItem\",\"position\":2,\"name\":\"Government Use Screens to Display Community Events, Public Services and Alerts\"}]},{\"@type\":\"WebSite\",\"@id\":\"https:\/\/navori.com\/#website\",\"url\":\"https:\/\/navori.com\/\",\"name\":\"Navori Labs\",\"description\":\"\",\"publisher\":{\"@id\":\"https:\/\/navori.com\/#organization\"},\"potentialAction\":[{\"@type\":\"SearchAction\",\"target\":{\"@type\":\"EntryPoint\",\"urlTemplate\":\"https:\/\/navori.com\/?s={search_term_string}\"},\"query-input\":{\"@type\":\"PropertyValueSpecification\",\"valueRequired\":true,\"valueName\":\"search_term_string\"}}],\"inLanguage\":\"fr-FR\"},{\"@type\":\"Organization\",\"@id\":\"https:\/\/navori.com\/#organization\",\"name\":\"Navori Labs\",\"url\":\"https:\/\/navori.com\/\",\"logo\":{\"@type\":\"ImageObject\",\"inLanguage\":\"fr-FR\",\"@id\":\"https:\/\/navori.com\/#\/schema\/logo\/image\/\",\"url\":\"https:\/\/navori.com\/wp-content\/uploads\/2024\/04\/NAVORI-logo.svg\",\"contentUrl\":\"https:\/\/navori.com\/wp-content\/uploads\/2024\/04\/NAVORI-logo.svg\",\"width\":120,\"height\":19,\"caption\":\"Navori Labs\"},\"image\":{\"@id\":\"https:\/\/navori.com\/#\/schema\/logo\/image\/\"},\"sameAs\":[\"https:\/\/www.facebook.com\/NavoriLabs\",\"https:\/\/x.com\/navori\",\"https:\/\/www.instagram.com\/navorilabs\",\"https:\/\/www.linkedin.com\/company\/navori-sa\",\"https:\/\/www.youtube.com\/user\/NavoriQL\"]},{\"@type\":\"Person\",\"@id\":\"https:\/\/navori.com\/#\/schema\/person\/3de28eca2f1bad61c026c3bfcbedc0d0\",\"name\":\"navoriwebman1\",\"image\":{\"@type\":\"ImageObject\",\"inLanguage\":\"fr-FR\",\"@id\":\"https:\/\/secure.gravatar.com\/avatar\/7b547b91e1c1c1bbaf0c28a3b85ef79f28f971c49b2650159ba15d821147fcde?s=96&d=mm&r=g\",\"url\":\"https:\/\/secure.gravatar.com\/avatar\/7b547b91e1c1c1bbaf0c28a3b85ef79f28f971c49b2650159ba15d821147fcde?s=96&d=mm&r=g\",\"contentUrl\":\"https:\/\/secure.gravatar.com\/avatar\/7b547b91e1c1c1bbaf0c28a3b85ef79f28f971c49b2650159ba15d821147fcde?s=96&d=mm&r=g\",\"caption\":\"navoriwebman1\"},\"sameAs\":[\"https:\/\/navori.com\"],\"url\":\"https:\/\/navori.com\/fr\/author\/navoriwebman1\/\"}]}<\/script>\n<!-- \/ Yoast SEO Premium plugin. -->","yoast_head_json":{"title":"Solutions d'affichage dynamique efficaces pour les agences gouvernementales","description":"Utilisez l'affichage num\u00e9rique gouvernemental propuls\u00e9 par Navori pour afficher les annonces de service public, les programmes et les opportunit\u00e9s civiques \u00e0 la communaut\u00e9 et aux employ\u00e9s.","robots":{"index":"index","follow":"follow","max-snippet":"max-snippet:-1","max-image-preview":"max-image-preview:large","max-video-preview":"max-video-preview:-1"},"canonical":"https:\/\/navori.com\/fr\/government\/","og_locale":"fr_FR","og_type":"article","og_title":"Government Use Screens to Display Community Events, Public Services and Alerts","og_description":"Use government digital signage powered by Navori to display public service announcements, programs, and civic opportunities to the community and employees.","og_url":"https:\/\/navori.com\/fr\/government\/","og_site_name":"Navori Labs","article_publisher":"https:\/\/www.facebook.com\/NavoriLabs","article_modified_time":"2024-05-01T13:23:23+00:00","og_image":[{"width":1280,"height":788,"url":"https:\/\/navori.com\/wp-content\/uploads\/2023\/06\/waiting-at-a-government-office.jpg","type":"image\/jpeg"}],"twitter_card":"summary_large_image","twitter_site":"@navori","twitter_misc":{"Dur\u00e9e de lecture estim\u00e9e":"4 minutes"},"schema":{"@context":"https:\/\/schema.org","@graph":[{"@type":"Article","@id":"https:\/\/navori.com\/government\/#article","isPartOf":{"@id":"https:\/\/navori.com\/government\/"},"author":{"name":"navoriwebman1","@id":"https:\/\/navori.com\/#\/schema\/person\/3de28eca2f1bad61c026c3bfcbedc0d0"},"headline":"Government Use Screens to Display Community Events, Public Services and Alerts","datePublished":"2023-11-20T12:53:42+00:00","dateModified":"2024-05-01T13:23:23+00:00","mainEntityOfPage":{"@id":"https:\/\/navori.com\/government\/"},"wordCount":610,"publisher":{"@id":"https:\/\/navori.com\/#organization"},"image":{"@id":"https:\/\/navori.com\/government\/#primaryimage"},"thumbnailUrl":"https:\/\/navori.com\/wp-content\/uploads\/2023\/06\/waiting-at-a-government-office.jpg","inLanguage":"fr-FR"},{"@type":"WebPage","@id":"https:\/\/navori.com\/government\/","url":"https:\/\/navori.com\/government\/","name":"Solutions d'affichage dynamique efficaces pour les agences gouvernementales","isPartOf":{"@id":"https:\/\/navori.com\/#website"},"primaryImageOfPage":{"@id":"https:\/\/navori.com\/government\/#primaryimage"},"image":{"@id":"https:\/\/navori.com\/government\/#primaryimage"},"thumbnailUrl":"https:\/\/navori.com\/wp-content\/uploads\/2023\/06\/waiting-at-a-government-office.jpg","datePublished":"2023-11-20T12:53:42+00:00","dateModified":"2024-05-01T13:23:23+00:00","description":"Utilisez l'affichage num\u00e9rique gouvernemental propuls\u00e9 par Navori pour afficher les annonces de service public, les programmes et les opportunit\u00e9s civiques \u00e0 la communaut\u00e9 et aux employ\u00e9s.","breadcrumb":{"@id":"https:\/\/navori.com\/government\/#breadcrumb"},"inLanguage":"fr-FR","potentialAction":[{"@type":"ReadAction","target":["https:\/\/navori.com\/government\/"]}],"relatedLink":["\/app\/","\/emergency-alerts\/","\/led-screens\/"]},{"@type":"ImageObject","inLanguage":"fr-FR","@id":"https:\/\/navori.com\/government\/#primaryimage","url":"https:\/\/navori.com\/wp-content\/uploads\/2023\/06\/waiting-at-a-government-office.jpg","contentUrl":"https:\/\/navori.com\/wp-content\/uploads\/2023\/06\/waiting-at-a-government-office.jpg","width":1280,"height":788,"caption":"waiting-at-a-government-office"},{"@type":"BreadcrumbList","@id":"https:\/\/navori.com\/government\/#breadcrumb","itemListElement":[{"@type":"ListItem","position":1,"name":"Home","item":"https:\/\/navori.com\/"},{"@type":"ListItem","position":2,"name":"Government Use Screens to Display Community Events, Public Services and Alerts"}]},{"@type":"WebSite","@id":"https:\/\/navori.com\/#website","url":"https:\/\/navori.com\/","name":"Navori Labs","description":"","publisher":{"@id":"https:\/\/navori.com\/#organization"},"potentialAction":[{"@type":"SearchAction","target":{"@type":"EntryPoint","urlTemplate":"https:\/\/navori.com\/?s={search_term_string}"},"query-input":{"@type":"PropertyValueSpecification","valueRequired":true,"valueName":"search_term_string"}}],"inLanguage":"fr-FR"},{"@type":"Organization","@id":"https:\/\/navori.com\/#organization","name":"Navori Labs","url":"https:\/\/navori.com\/","logo":{"@type":"ImageObject","inLanguage":"fr-FR","@id":"https:\/\/navori.com\/#\/schema\/logo\/image\/","url":"https:\/\/navori.com\/wp-content\/uploads\/2024\/04\/NAVORI-logo.svg","contentUrl":"https:\/\/navori.com\/wp-content\/uploads\/2024\/04\/NAVORI-logo.svg","width":120,"height":19,"caption":"Navori Labs"},"image":{"@id":"https:\/\/navori.com\/#\/schema\/logo\/image\/"},"sameAs":["https:\/\/www.facebook.com\/NavoriLabs","https:\/\/x.com\/navori","https:\/\/www.instagram.com\/navorilabs","https:\/\/www.linkedin.com\/company\/navori-sa","https:\/\/www.youtube.com\/user\/NavoriQL"]},{"@type":"Person","@id":"https:\/\/navori.com\/#\/schema\/person\/3de28eca2f1bad61c026c3bfcbedc0d0","name":"navoriwebman1","image":{"@type":"ImageObject","inLanguage":"fr-FR","@id":"https:\/\/secure.gravatar.com\/avatar\/7b547b91e1c1c1bbaf0c28a3b85ef79f28f971c49b2650159ba15d821147fcde?s=96&d=mm&r=g","url":"https:\/\/secure.gravatar.com\/avatar\/7b547b91e1c1c1bbaf0c28a3b85ef79f28f971c49b2650159ba15d821147fcde?s=96&d=mm&r=g","contentUrl":"https:\/\/secure.gravatar.com\/avatar\/7b547b91e1c1c1bbaf0c28a3b85ef79f28f971c49b2650159ba15d821147fcde?s=96&d=mm&r=g","caption":"navoriwebman1"},"sameAs":["https:\/\/navori.com"],"url":"https:\/\/navori.com\/fr\/author\/navoriwebman1\/"}]}},"_links":{"self":[{"href":"https:\/\/navori.com\/fr\/wp-json\/wp\/v2\/pages\/46883","targetHints":{"allow":["GET"]}}],"collection":[{"href":"https:\/\/navori.com\/fr\/wp-json\/wp\/v2\/pages"}],"about":[{"href":"https:\/\/navori.com\/fr\/wp-json\/wp\/v2\/types\/page"}],"author":[{"embeddable":true,"href":"https:\/\/navori.com\/fr\/wp-json\/wp\/v2\/users\/1"}],"replies":[{"embeddable":true,"href":"https:\/\/navori.com\/fr\/wp-json\/wp\/v2\/comments?post=46883"}],"version-history":[{"count":0,"href":"https:\/\/navori.com\/fr\/wp-json\/wp\/v2\/pages\/46883\/revisions"}],"wp:featuredmedia":[{"embeddable":true,"href":"https:\/\/navori.com\/fr\/wp-json\/wp\/v2\/media\/54365"}],"wp:attachment":[{"href":"https:\/\/navori.com\/fr\/wp-json\/wp\/v2\/media?parent=46883"}],"curies":[{"name":"wp","href":"https:\/\/api.w.org\/{rel}","templated":true}]}}